{"id":9480,"date":"2021-06-02T12:33:07","date_gmt":"2021-06-02T12:33:07","guid":{"rendered":"https:\/\/malmokonsthall.se\/start\/"},"modified":"2026-03-24T11:55:34","modified_gmt":"2026-03-24T10:55:34","slug":"start","status":"publish","type":"page","link":"https:\/\/malmokonsthall.se\/en\/","title":{"rendered":"Start"},"content":{"rendered":"\n<h1 class=\"wp-block-heading is-style-accessibly-hide\" id=\"h-start-page\">Start page<\/h1>\n\n\n\n<h2 class=\"wp-block-heading is-style-accessibly-hide\" id=\"h-upcoming-exhibition\">Upcoming exhibition<\/h2>\n\n\n<div class=\"wp-block-malmokonsthall-posts-list\">\n            <section class=\"light-text-hero hero\" >  <div class=\"hero-article has-video\">\n   <div class=\"hero-media\">\n    <figure class=\"hero-media-figure\" id=\"videoContainer\">\n     <video width=\"100\" height=\"100\" role=\"img\" id=\"video\" muted playsinline webkit-playsinline loop autoplay preload=\"auto\" aria-label=\"A selection of the artist CC Hennix\u2019s light and sound installations.\">\n            <source src=\"https:\/\/storage.googleapis.com\/public-accomplice-eu-fi\/malmokonsthall\/Hennix_start_2.mp4\" type=\"video\/mp4\">\n            Your browser does not support the video tag.\n        <\/video>\n        <div id=\"video-controls\" class=\"controls\">\n            <button id=\"playpause\" type=\"button\" aria-pressed=\"false\" aria-label=\"Pause or play the video\">\n                <svg xmlns=\"http:\/\/www.w3.org\/2000\/svg\" viewBox=\"0 0 147.835 228.848\"><path fill=\"currentColor\" stroke=\"#fff\" stroke-miterlimit=\"10\" d=\"M96.262.5h51.073v227.848H96.262zM.5.5h51.073v227.848H.5z\"\/><\/svg>\n            <\/button>\n        <\/div>\n    <\/figure>\n   <\/div>\n    <a href=\"https:\/\/malmokonsthall.se\/en\/utstallningar\/cc-hennix\/\" class=\"hero-info\">\n     <h3>CC Hennix<\/h3>\n     <p class=\"subtitle\" data-day=\"2026-02-07 - 2026-05-17\"><time datetime=\"2026-02-07\">7.2 <\/time>&nbsp;&#8211;&nbsp;<time datetime=\"2026-05-17\">17.5 2026<\/time>\n      <svg aria-hidden=\"true\" version=\"1.1\" xmlns=\"http:\/\/www.w3.org\/2000\/svg\" x=\"0px\" y=\"0px\" viewBox=\"0 0 27.4 24.8\">\n       <g>\n        <line fill=\"none\" stroke=\"currentColor\" x1=\"26.7\" y1=\"12.4\" x2=\"0\" y2=\"12.4\"><\/line>\n        <polyline fill=\"none\" stroke=\"currentColor\" points=\"14.7,0.4 26.7,12.4 14.7,24.4 \"><\/polyline>\n       <\/g>\n      <\/svg>\n     <\/p>\n     <p class=\"excerpt\">\n      Malm\u00f6 Konsthall presents an exhibition showcasing the visual and sound art of Catherine Christer Hennix. While Hennix is best known as a musician and composer of long-form drone compositions, her creative practice extended far beyond music.\n      <svg aria-hidden=\"true\" version=\"1.1\" xmlns=\"http:\/\/www.w3.org\/2000\/svg\" x=\"0px\" y=\"0px\" viewBox=\"0 0 27.4 24.8\">\n       <g>\n        <line fill=\"none\" stroke=\"currentColor\" x1=\"26.7\" y1=\"12.4\" x2=\"0\" y2=\"12.4\"><\/line>\n        <polyline fill=\"none\" stroke=\"currentColor\" points=\"14.7,0.4 26.7,12.4 14.7,24.4 \"><\/polyline>\n       <\/g>\n      <\/svg>\n     <\/p>\n    <\/a>\n  <\/div><\/section>    <\/div>\n\n\n\n<div style=\"height:44px\" aria-hidden=\"true\" class=\"wp-block-spacer\"><\/div>\n\n\n\n<div class=\"wp-block-media-text alignwide is-stacked-on-mobile is-style-text-align-center has-background\" style=\"background-color:#f6f6f6\"><figure class=\"wp-block-media-text__media\"><img decoding=\"async\" src=\"https:\/\/malmokonsthall.se\/wp-content\/uploads\/2026\/01\/Malmo-Konsthall-Drone-Februari-Sno-1-1024x698.jpg\" alt=\"\" class=\"wp-image-43914 size-full\"\/><\/figure><div class=\"wp-block-media-text__content\">\n<h3 class=\"wp-block-heading is-style-heading-article\">Visit us<\/h3>\n\n\n\n<div style=\"height:31px\" aria-hidden=\"true\" class=\"wp-block-spacer\"><\/div>\n\n\n\n<div class=\"wp-block-malmo-konsthall-accordion block-accordion-container active\"><button class=\"block-accordion\" type=\"button\" onclick=\"handleAccordianClick(this)\" aria-controls=\"accordion_content_148831d7-50b8-45f5-8f98-78fad609a438-1719310346149\" aria-expanded=\"false\" id=\"accordion_content-container_148831d7-50b8-45f5-8f98-78fad609a438-1719310346149\" tabindex=\"0\"><span class=\"accordion__title\">Malm\u00f6 Konsthall&#8217;s opening hours<\/span><svg width=\"14\" height=\"14\" viewBox=\"0 0 14 14\" fill=\"none\" xmlns=\"http:\/\/www.w3.org\/2000\/svg\" class=\"accordion__icon acc_plus\"><path d=\"M14 8H8H6H0V6H6H8H14V8Z\" fill=\"black\" class=\"stroke\"><\/path><path d=\"M6 14L6 8L6 6L6 -8.74228e-08L8 0L8 6L8 8L8 14L6 14Z\" fill=\"black\" class=\"stroke-minus\"><\/path><\/svg><\/button><div class=\"accordion__content\" role=\"region\" id=\"accordion_content_148831d7-50b8-45f5-8f98-78fad609a438-1719310346149\" tabindex=\"0\" aria-labelledby=\"accordion_content-container_148831d7-50b8-45f5-8f98-78fad609a438-1719310346149\"><div class=\"accordion__text\">\n<p>Monday closed<br>Tuesday 11:00\u201317:00<br>Wednesday 11:00\u201319:00<br>Thursday 11:00\u201317:00<br>Friday 11:00\u201317:00<br>Saturday 11:00\u201317:00<br>Sunday 11:00\u201317:00<\/p>\n\n\n\n<p>Malm\u00f6 Konsthall is closed for installation a few weeks before each new exhibition. <a href=\"https:\/\/malmokonsthall.se\/en\/visit-us\/\">More information and deviating opening hours here<\/a>.<\/p>\n<\/div><\/div><\/div>\n\n\n\n<div class=\"block-accordion-container active \"><button class=\"block-accordion\" type=\"button\" onclick=\"handleAccordianClick(this)\" aria-controls=\"accordion_content_6b2e0c70-3012-4676-9a9d-b3e354faf2ea-1719310304094\" aria-expanded=\"false\" id=\"accordion_content-container_6b2e0c70-3012-4676-9a9d-b3e354faf2ea-1719310304094\" tabindex=\"0\"><span class=\"accordion__title\">Contact us<\/span><svg width=\"14\" height=\"14\" viewBox=\"0 0 14 14\" fill=\"none\" xmlns=\"http:\/\/www.w3.org\/2000\/svg\" class=\"accordion__icon acc_plus\"><path d=\"M14 8H8H6H0V6H6H8H14V8Z\" fill=\"black\" class=\"stroke\"><\/path><path d=\"M6 14L6 8L6 6L6 -8.74228e-08L8 0L8 6L8 8L8 14L6 14Z\" fill=\"black\" class=\"stroke-minus\"><\/path><\/svg><\/button><div class=\"accordion__content\" role=\"region\" id=\"accordion_content_6b2e0c70-3012-4676-9a9d-b3e354faf2ea-1719310304094\" tabindex=\"0\" aria-labelledby=\"accordion_content-container_6b2e0c70-3012-4676-9a9d-b3e354faf2ea-1719310304094\"><div class=\"accordion__text\">\n\n<p>Telephone:&nbsp;<a href=\"tel:040-3460000\">040-34 60 00<\/a><br>E-mail:&nbsp;<a href=\"mailto:info.konsthall@malmo.se\">info.konsthall@malmo.se<\/a><\/p>\n\n\n<p>Address: St Johannesgatan 7, Malm\u00f6<\/p>\n\n<\/div><\/div><\/div>\n\n\n\n<div class=\"block-accordion-container active \"><button class=\"block-accordion\" type=\"button\" onclick=\"handleAccordianClick(this)\" aria-controls=\"accordion_content_6b2e0c70-3012-4676-9a9d-b3e354faf2ea-1719310304094\" aria-expanded=\"false\" id=\"accordion_content-container_6b2e0c70-3012-4676-9a9d-b3e354faf2ea-1719310304094\" tabindex=\"0\"><span class=\"accordion__title\">Restaurant and caf\u00e9<\/span><svg width=\"14\" height=\"14\" viewBox=\"0 0 14 14\" fill=\"none\" xmlns=\"http:\/\/www.w3.org\/2000\/svg\" class=\"accordion__icon acc_plus\"><path d=\"M14 8H8H6H0V6H6H8H14V8Z\" fill=\"black\" class=\"stroke\"><\/path><path d=\"M6 14L6 8L6 6L6 -8.74228e-08L8 0L8 6L8 8L8 14L6 14Z\" fill=\"black\" class=\"stroke-minus\"><\/path><\/svg><\/button><div class=\"accordion__content\" role=\"region\" id=\"accordion_content_6b2e0c70-3012-4676-9a9d-b3e354faf2ea-1719310304094\" tabindex=\"0\" aria-labelledby=\"accordion_content-container_6b2e0c70-3012-4676-9a9d-b3e354faf2ea-1719310304094\"><div class=\"accordion__text\">\n\n<p>Restaurant Smak serves lunch and fika.<a href=\"https:\/\/smak.info\/\"> Click here to visit Smak&#8217;s website for opening hours and menu<\/a>.<\/p>\n\n<\/div><\/div><\/div>\n\n\n\n<div style=\"height:34px\" aria-hidden=\"true\" class=\"wp-block-spacer\"><\/div>\n\n\n\n<div style=\"height:41px\" aria-hidden=\"true\" class=\"wp-block-spacer\"><\/div>\n<\/div><\/div>\n\n\n\n<div class=\"wp-block-media-text alignwide has-media-on-the-right is-stacked-on-mobile is-style-text-align-center has-background\" style=\"background-color:#f6f6f6\"><div class=\"wp-block-media-text__content\">\n<h3 class=\"wp-block-heading is-style-heading-medium\" id=\"h-daily-guided-tours-for-free-in-swedish\">Daily guided tours for free (in Swedish)<\/h3>\n\n\n\n<div style=\"height:19px\" aria-hidden=\"true\" class=\"wp-block-spacer\"><\/div>\n\n\n\n<p class=\"is-style-default\"><strong>Tuesday\u2013Friday 14:00<\/strong>: Guided tour, 30 minutes<br><strong>Wednesday 18:00<\/strong>: Guided tour, 45 minutes<br><strong>Saturday\u2013Sunday 14:00<\/strong>: Guided tour, 45 minutes<br><br>For each exhibition, a free audio guide in English is available. Download <strong>A Guided Tour<\/strong> via AppStore or Google Play.<\/p>\n<\/div><figure class=\"wp-block-media-text__media\"><img decoding=\"async\" src=\"https:\/\/malmokonsthall.se\/wp-content\/uploads\/2025\/11\/low_CC-Hennix_Encore-Encore_Foto-Helene-Toresdotter-1024x683.jpg\" alt=\"\" class=\"wp-image-45397 size-full\"\/><\/figure><\/div>\n\n\n\n<div style=\"height:92px\" aria-hidden=\"true\" class=\"wp-block-spacer\"><\/div>\n\n\n\n<div class=\"wp-block-cover is-light is-style-responsive-height\" style=\"min-height:400px;aspect-ratio:unset;\"><img decoding=\"async\" class=\"wp-block-cover__image-background wp-image-45399 size-large\" alt=\"CC Hennix verk &quot;Bichromatic Tangle of Topological Space Curves&quot;, r\u00f6da och bl\u00e5, trassliga pappersband h\u00e4nger p\u00e5 konsthallsv\u00e4ggen.\" src=\"https:\/\/malmokonsthall.se\/wp-content\/uploads\/2026\/02\/hennix_start-1024x682.jpg\" data-object-fit=\"cover\"\/><span aria-hidden=\"true\" class=\"wp-block-cover__background has-background-dim-0 has-background-dim\" style=\"background-color:#b2aeab\"><\/span><div class=\"wp-block-cover__inner-container is-layout-flow wp-block-cover-is-layout-flow\">\n<p class=\"has-text-align-center\"><\/p>\n<\/div><\/div>\n\n\n\n<div class=\"wp-block-group alignfull\"><div class=\"wp-block-group__inner-container is-layout-flow wp-block-group-is-layout-flow\">\n<div class=\"wp-block-group is-style-page-margin\"><div class=\"wp-block-group__inner-container is-layout-flow wp-block-group-is-layout-flow\">\n<h2 class=\"wp-block-heading has-text-align-left is-style-heading-article\" id=\"h-exhibitions\">Exhibitions<\/h2>\n\n\n\n<div class=\"wp-block-group\"><div class=\"wp-block-group__inner-container is-layout-flow wp-block-group-is-layout-flow\">\n<div class=\"wp-block-columns is-layout-flex wp-container-core-columns-is-layout-9d6595d7 wp-block-columns-is-layout-flex\">\n<div class=\"wp-block-column is-layout-flow wp-block-column-is-layout-flow\">\n<div class=\"wp-block-columns is-layout-flex wp-container-core-columns-is-layout-9d6595d7 wp-block-columns-is-layout-flex\">\n<div class=\"wp-block-column is-vertically-aligned-top is-layout-flow wp-block-column-is-layout-flow\">\n<div class=\"wp-block-columns is-layout-flex wp-container-core-columns-is-layout-9d6595d7 wp-block-columns-is-layout-flex\">\n<div class=\"wp-block-column is-layout-flow wp-block-column-is-layout-flow\">\n<p>Malm\u00f6 Konsthall curates art that challenges and inspires. We present three to four exhibitions per year, with both local and international artists. <\/p>\n\n\n\n<p><\/p>\n<\/div>\n<\/div>\n<\/div>\n\n\n\n<div class=\"wp-block-column is-layout-flow wp-block-column-is-layout-flow\">\n<p class=\"has-text-align-right is-style-arrow-link-large\"><a href=\"https:\/\/malmokonsthall.se\/en\/exhibitions\/\">Our exhibitions<\/a><\/p>\n<\/div>\n<\/div>\n<\/div>\n<\/div>\n<\/div><\/div>\n<\/div><\/div>\n<\/div><\/div>\n\n\n\n<div class=\"wp-block-media-text alignwide is-stacked-on-mobile is-style-text-align-center has-background\" style=\"background-color:#f6f6f6\"><figure class=\"wp-block-media-text__media\"><img decoding=\"async\" src=\"https:\/\/malmokonsthall.se\/wp-content\/uploads\/2025\/05\/bokhandel-1024x683.jpg\" alt=\"Uppt\u00e4ck Malm\u00f6 Konsthalls bokhandels stora utbud av b\u00f6cker om konst.\" class=\"wp-image-39454 size-full\"\/><\/figure><div class=\"wp-block-media-text__content\">\n<h3 class=\"wp-block-heading is-style-heading-medium\">Our bookshop<\/h3>\n\n\n\n<div style=\"height:31px\" aria-hidden=\"true\" class=\"wp-block-spacer\"><\/div>\n\n\n\n<p class=\"is-style-default\">Enjoy one of the largest and most diverse selections of art books in the south of Sweden. In Malm\u00f6 Konsthall&#8217;s bookshop you can find the perfect gift for a friend, or expand your own knowledge of the contemporary art scene.<\/p>\n\n\n\n<div style=\"height:21px\" aria-hidden=\"true\" class=\"wp-block-spacer\"><\/div>\n\n\n\n<p class=\"has-text-align-right is-style-body-text\"><a href=\"https:\/\/malmokonsthall.se\/en\/visit-us\/bookshop\/\">Read more about the bookshop<\/a><\/p>\n\n\n\n<div style=\"height:40px\" aria-hidden=\"true\" class=\"wp-block-spacer\"><\/div>\n<\/div><\/div>\n\n\n\n<p><\/p>\n","protected":false},"excerpt":{"rendered":"<p>Start page Upcoming exhibition Exhibitions Malm\u00f6 Konsthall curates art that challenges and inspires. We present three to four exhibitions per year, with both local and&#8230;<\/p>\n","protected":false},"author":4,"featured_media":0,"parent":0,"menu_order":0,"comment_status":"closed","ping_status":"closed","template":"","meta":{"_acf_changed":false,"_tec_requires_first_save":true,"inline_featured_image":false,"_price":"","_stock":"","_tribe_ticket_header":"","_tribe_default_ticket_provider":"","_tribe_ticket_capacity":"0","_ticket_start_date":"","_ticket_end_date":"","_tribe_ticket_show_description":"","_tribe_ticket_show_not_going":false,"_tribe_ticket_use_global_stock":"","_tribe_ticket_global_stock_level":"","_global_stock_mode":"","_global_stock_cap":"","_tribe_rsvp_for_event":"","_tribe_ticket_going_count":"","_tribe_ticket_not_going_count":"","_tribe_tickets_list":"[]","_tribe_ticket_has_attendee_info_fields":false,"_EventAllDay":false,"_EventTimezone":"","_EventStartDate":"","_EventEndDate":"","_EventStartDateUTC":"","_EventEndDateUTC":"","_EventShowMap":false,"_EventShowMapLink":false,"_EventURL":"","_EventCost":"","_EventCostDescription":"","_EventCurrencySymbol":"","_EventCurrencyCode":"","_EventCurrencyPosition":"","_EventDateTimeSeparator":"","_EventTimeRangeSeparator":"","_EventOrganizerID":[],"_EventVenueID":[],"_OrganizerEmail":"","_OrganizerPhone":"","_OrganizerWebsite":"","_VenueAddress":"","_VenueCity":"","_VenueCountry":"","_VenueProvince":"","_VenueState":"","_VenueZip":"","_VenuePhone":"","_VenueURL":"","_VenueStateProvince":"","_VenueLat":"","_VenueLng":"","_VenueShowMap":false,"_VenueShowMapLink":false,"_tribe_blocks_recurrence_rules":"","_tribe_blocks_recurrence_description":"","_tribe_blocks_recurrence_exclusions":"","footnotes":"","_tec_slr_enabled":"","_tec_slr_layout":""},"class_list":["post-9480","page","type-page","status-publish","hentry"],"acf":[],"yoast_head":"<!-- This site is optimized with the Yoast SEO Premium plugin v23.3 (Yoast SEO v27.3) - https:\/\/yoast.com\/product\/yoast-seo-premium-wordpress\/ -->\n<title>Malm\u00f6 Konsthall<\/title>\n<meta name=\"description\" content=\"To visit Malm\u00f6 Konsthall is to immerse yourself in art. The open architecture reflects the city\u2019s view that art should be accessible to everyone. Welcome to one of Northern Europe&#039;s largest and most beautiful exhibition spaces.\" \/>\n<meta name=\"robots\" content=\"index, follow, max-snippet:-1, max-image-preview:large, max-video-preview:-1\" \/>\n<link rel=\"canonical\" href=\"https:\/\/malmokonsthall.se\/en\/\" \/>\n<meta property=\"og:locale\" content=\"en_US\" \/>\n<meta property=\"og:type\" content=\"article\" \/>\n<meta property=\"og:title\" content=\"Start - Malm\u00f6 Konsthall\" \/>\n<meta property=\"og:description\" content=\"Start page Upcoming exhibition Visit us Malm\u00f6 Konsthall&#039;s opening hours Monday closedTuesday 11:00\u201317:00Wednesday 11:00\u201319:00Thursday 11:00\u201317:00Friday\" \/>\n<meta property=\"og:url\" content=\"https:\/\/malmokonsthall.se\/en\/\" \/>\n<meta property=\"og:site_name\" content=\"Malm\u00f6 Konsthall\" \/>\n<meta property=\"article:modified_time\" content=\"2026-03-24T10:55:34+00:00\" \/>\n<meta property=\"og:image\" content=\"https:\/\/malmokonsthall.se\/wp-content\/uploads\/2026\/01\/Malmo-Konsthall-Drone-Februari-Sno-1.jpg\" \/>\n\t<meta property=\"og:image:width\" content=\"1181\" \/>\n\t<meta property=\"og:image:height\" content=\"805\" \/>\n\t<meta property=\"og:image:type\" content=\"image\/jpeg\" \/>\n<meta name=\"twitter:card\" content=\"summary_large_image\" \/>\n<script type=\"application\/ld+json\" class=\"yoast-schema-graph\">{\"@context\":\"https:\\\/\\\/schema.org\",\"@graph\":[{\"@type\":\"WebPage\",\"@id\":\"https:\\\/\\\/malmokonsthall.se\\\/en\\\/\",\"url\":\"https:\\\/\\\/malmokonsthall.se\\\/en\\\/\",\"name\":\"Malm\u00f6 Konsthall\",\"isPartOf\":{\"@id\":\"https:\\\/\\\/malmokonsthall.se\\\/en\\\/#website\"},\"primaryImageOfPage\":{\"@id\":\"https:\\\/\\\/malmokonsthall.se\\\/en\\\/#primaryimage\"},\"image\":{\"@id\":\"https:\\\/\\\/malmokonsthall.se\\\/en\\\/#primaryimage\"},\"thumbnailUrl\":\"https:\\\/\\\/malmokonsthall.se\\\/wp-content\\\/uploads\\\/2026\\\/01\\\/Malmo-Konsthall-Drone-Februari-Sno-1-1024x698.jpg\",\"datePublished\":\"2021-06-02T12:33:07+00:00\",\"dateModified\":\"2026-03-24T10:55:34+00:00\",\"description\":\"To visit Malm\u00f6 Konsthall is to immerse yourself in art. The open architecture reflects the city\u2019s view that art should be accessible to everyone. Welcome to one of Northern Europe's largest and most beautiful exhibition spaces.\",\"breadcrumb\":{\"@id\":\"https:\\\/\\\/malmokonsthall.se\\\/en\\\/#breadcrumb\"},\"inLanguage\":\"en-US\",\"potentialAction\":[{\"@type\":\"ReadAction\",\"target\":[\"https:\\\/\\\/malmokonsthall.se\\\/en\\\/\"]}]},{\"@type\":\"ImageObject\",\"inLanguage\":\"en-US\",\"@id\":\"https:\\\/\\\/malmokonsthall.se\\\/en\\\/#primaryimage\",\"url\":\"https:\\\/\\\/malmokonsthall.se\\\/wp-content\\\/uploads\\\/2026\\\/01\\\/Malmo-Konsthall-Drone-Februari-Sno-1-1024x698.jpg\",\"contentUrl\":\"https:\\\/\\\/malmokonsthall.se\\\/wp-content\\\/uploads\\\/2026\\\/01\\\/Malmo-Konsthall-Drone-Februari-Sno-1-1024x698.jpg\"},{\"@type\":\"BreadcrumbList\",\"@id\":\"https:\\\/\\\/malmokonsthall.se\\\/en\\\/#breadcrumb\",\"itemListElement\":[{\"@type\":\"ListItem\",\"position\":1,\"name\":\"Hem\",\"item\":\"https:\\\/\\\/malmokonsthall.se\\\/en\\\/\"},{\"@type\":\"ListItem\",\"position\":2,\"name\":\"Start\"}]},{\"@type\":\"WebSite\",\"@id\":\"https:\\\/\\\/malmokonsthall.se\\\/en\\\/#website\",\"url\":\"https:\\\/\\\/malmokonsthall.se\\\/en\\\/\",\"name\":\"Malm\u00f6 Konsthall\",\"description\":\"\",\"publisher\":{\"@id\":\"https:\\\/\\\/malmokonsthall.se\\\/en\\\/#organization\"},\"potentialAction\":[{\"@type\":\"SearchAction\",\"target\":{\"@type\":\"EntryPoint\",\"urlTemplate\":\"https:\\\/\\\/malmokonsthall.se\\\/en\\\/?s={search_term_string}\"},\"query-input\":{\"@type\":\"PropertyValueSpecification\",\"valueRequired\":true,\"valueName\":\"search_term_string\"}}],\"inLanguage\":\"en-US\"},{\"@type\":\"Organization\",\"@id\":\"https:\\\/\\\/malmokonsthall.se\\\/en\\\/#organization\",\"name\":\"Malm\u00f6 Konsthall\",\"url\":\"https:\\\/\\\/malmokonsthall.se\\\/en\\\/\",\"logo\":{\"@type\":\"ImageObject\",\"inLanguage\":\"en-US\",\"@id\":\"https:\\\/\\\/malmokonsthall.se\\\/en\\\/#\\\/schema\\\/logo\\\/image\\\/\",\"url\":\"https:\\\/\\\/malmokonsthall.se\\\/wp-content\\\/uploads\\\/2021\\\/09\\\/MK-logga-red.png\",\"contentUrl\":\"https:\\\/\\\/malmokonsthall.se\\\/wp-content\\\/uploads\\\/2021\\\/09\\\/MK-logga-red.png\",\"width\":672,\"height\":60,\"caption\":\"Malm\u00f6 Konsthall\"},\"image\":{\"@id\":\"https:\\\/\\\/malmokonsthall.se\\\/en\\\/#\\\/schema\\\/logo\\\/image\\\/\"}}]}<\/script>\n<!-- \/ Yoast SEO Premium plugin. -->","yoast_head_json":{"title":"Malm\u00f6 Konsthall","description":"To visit Malm\u00f6 Konsthall is to immerse yourself in art. The open architecture reflects the city\u2019s view that art should be accessible to everyone. Welcome to one of Northern Europe's largest and most beautiful exhibition spaces.","robots":{"index":"index","follow":"follow","max-snippet":"max-snippet:-1","max-image-preview":"max-image-preview:large","max-video-preview":"max-video-preview:-1"},"canonical":"https:\/\/malmokonsthall.se\/en\/","og_locale":"en_US","og_type":"article","og_title":"Start - Malm\u00f6 Konsthall","og_description":"Start page Upcoming exhibition Visit us Malm\u00f6 Konsthall's opening hours Monday closedTuesday 11:00\u201317:00Wednesday 11:00\u201319:00Thursday 11:00\u201317:00Friday","og_url":"https:\/\/malmokonsthall.se\/en\/","og_site_name":"Malm\u00f6 Konsthall","article_modified_time":"2026-03-24T10:55:34+00:00","og_image":[{"width":1181,"height":805,"url":"https:\/\/malmokonsthall.se\/wp-content\/uploads\/2026\/01\/Malmo-Konsthall-Drone-Februari-Sno-1.jpg","type":"image\/jpeg"}],"twitter_card":"summary_large_image","schema":{"@context":"https:\/\/schema.org","@graph":[{"@type":"WebPage","@id":"https:\/\/malmokonsthall.se\/en\/","url":"https:\/\/malmokonsthall.se\/en\/","name":"Malm\u00f6 Konsthall","isPartOf":{"@id":"https:\/\/malmokonsthall.se\/en\/#website"},"primaryImageOfPage":{"@id":"https:\/\/malmokonsthall.se\/en\/#primaryimage"},"image":{"@id":"https:\/\/malmokonsthall.se\/en\/#primaryimage"},"thumbnailUrl":"https:\/\/malmokonsthall.se\/wp-content\/uploads\/2026\/01\/Malmo-Konsthall-Drone-Februari-Sno-1-1024x698.jpg","datePublished":"2021-06-02T12:33:07+00:00","dateModified":"2026-03-24T10:55:34+00:00","description":"To visit Malm\u00f6 Konsthall is to immerse yourself in art. The open architecture reflects the city\u2019s view that art should be accessible to everyone. Welcome to one of Northern Europe's largest and most beautiful exhibition spaces.","breadcrumb":{"@id":"https:\/\/malmokonsthall.se\/en\/#breadcrumb"},"inLanguage":"en-US","potentialAction":[{"@type":"ReadAction","target":["https:\/\/malmokonsthall.se\/en\/"]}]},{"@type":"ImageObject","inLanguage":"en-US","@id":"https:\/\/malmokonsthall.se\/en\/#primaryimage","url":"https:\/\/malmokonsthall.se\/wp-content\/uploads\/2026\/01\/Malmo-Konsthall-Drone-Februari-Sno-1-1024x698.jpg","contentUrl":"https:\/\/malmokonsthall.se\/wp-content\/uploads\/2026\/01\/Malmo-Konsthall-Drone-Februari-Sno-1-1024x698.jpg"},{"@type":"BreadcrumbList","@id":"https:\/\/malmokonsthall.se\/en\/#breadcrumb","itemListElement":[{"@type":"ListItem","position":1,"name":"Hem","item":"https:\/\/malmokonsthall.se\/en\/"},{"@type":"ListItem","position":2,"name":"Start"}]},{"@type":"WebSite","@id":"https:\/\/malmokonsthall.se\/en\/#website","url":"https:\/\/malmokonsthall.se\/en\/","name":"Malm\u00f6 Konsthall","description":"","publisher":{"@id":"https:\/\/malmokonsthall.se\/en\/#organization"},"potentialAction":[{"@type":"SearchAction","target":{"@type":"EntryPoint","urlTemplate":"https:\/\/malmokonsthall.se\/en\/?s={search_term_string}"},"query-input":{"@type":"PropertyValueSpecification","valueRequired":true,"valueName":"search_term_string"}}],"inLanguage":"en-US"},{"@type":"Organization","@id":"https:\/\/malmokonsthall.se\/en\/#organization","name":"Malm\u00f6 Konsthall","url":"https:\/\/malmokonsthall.se\/en\/","logo":{"@type":"ImageObject","inLanguage":"en-US","@id":"https:\/\/malmokonsthall.se\/en\/#\/schema\/logo\/image\/","url":"https:\/\/malmokonsthall.se\/wp-content\/uploads\/2021\/09\/MK-logga-red.png","contentUrl":"https:\/\/malmokonsthall.se\/wp-content\/uploads\/2021\/09\/MK-logga-red.png","width":672,"height":60,"caption":"Malm\u00f6 Konsthall"},"image":{"@id":"https:\/\/malmokonsthall.se\/en\/#\/schema\/logo\/image\/"}}]}},"ticketed":false,"_links":{"self":[{"href":"https:\/\/malmokonsthall.se\/en\/wp-json\/wp\/v2\/pages\/9480","targetHints":{"allow":["GET"]}}],"collection":[{"href":"https:\/\/malmokonsthall.se\/en\/wp-json\/wp\/v2\/pages"}],"about":[{"href":"https:\/\/malmokonsthall.se\/en\/wp-json\/wp\/v2\/types\/page"}],"author":[{"embeddable":true,"href":"https:\/\/malmokonsthall.se\/en\/wp-json\/wp\/v2\/users\/4"}],"replies":[{"embeddable":true,"href":"https:\/\/malmokonsthall.se\/en\/wp-json\/wp\/v2\/comments?post=9480"}],"version-history":[{"count":19,"href":"https:\/\/malmokonsthall.se\/en\/wp-json\/wp\/v2\/pages\/9480\/revisions"}],"predecessor-version":[{"id":45402,"href":"https:\/\/malmokonsthall.se\/en\/wp-json\/wp\/v2\/pages\/9480\/revisions\/45402"}],"wp:attachment":[{"href":"https:\/\/malmokonsthall.se\/en\/wp-json\/wp\/v2\/media?parent=9480"}],"curies":[{"name":"wp","href":"https:\/\/api.w.org\/{rel}","templated":true}]}}