{"id":43625,"date":"2026-01-19T14:22:10","date_gmt":"2026-01-19T13:22:10","guid":{"rendered":"https:\/\/malmokonsthall.se\/?page_id=43625"},"modified":"2026-02-06T12:56:50","modified_gmt":"2026-02-06T11:56:50","slug":"opening-hours","status":"publish","type":"page","link":"https:\/\/malmokonsthall.se\/en\/opening-hours\/","title":{"rendered":"Opening hours"},"content":{"rendered":"\n<ul class=\"wp-block-list is-style-title-breadcrumbs-list\">\n<li><h1>Visit<\/h1><\/li>\n\n\n\n<li><a href=\"#besok\">Visiting information<\/a>\/<a href=\"#visningar\">Guided tours<\/a><\/li>\n\n\n\n<li><a href=\"#bokhandel\">Bookshop<\/a><\/li>\n\n\n\n<li><a href=\"#matochdryck\">Restaurant<\/a><\/li>\n\n\n\n<li><a href=\"#faq\">FAQs<\/a><\/li>\n<\/ul>\n\n<figure class=\"wp-block-image size-large is-style-16-9\"><img loading=\"lazy\" decoding=\"async\" width=\"1024\" height=\"577\" src=\"https:\/\/malmokonsthall.se\/wp-content\/uploads\/2025\/05\/malmo-konsthall_exterior_2-edited-1024x577.jpg\" alt=\"Evening picture of Malm&#xF6; Konsthalls windows facing Magistratsparken.\" class=\"wp-image-39825\" srcset=\"https:\/\/malmokonsthall.se\/wp-content\/uploads\/2025\/05\/malmo-konsthall_exterior_2-edited-1024x577.jpg 1024w, https:\/\/malmokonsthall.se\/wp-content\/uploads\/2025\/05\/malmo-konsthall_exterior_2-edited-300x169.jpg 300w, https:\/\/malmokonsthall.se\/wp-content\/uploads\/2025\/05\/malmo-konsthall_exterior_2-edited-768x432.jpg 768w, https:\/\/malmokonsthall.se\/wp-content\/uploads\/2025\/05\/malmo-konsthall_exterior_2-edited-1536x865.jpg 1536w, https:\/\/malmokonsthall.se\/wp-content\/uploads\/2025\/05\/malmo-konsthall_exterior_2-edited.jpg 2000w\" sizes=\"auto, (max-width: 1024px) 100vw, 1024px\" \/><figcaption class=\"wp-element-caption\"><br\/><\/figcaption><\/figure>\n\n<div class=\"wp-block-group is-style-section-with-columns\"><div class=\"wp-block-group__inner-container is-layout-flow wp-block-group-is-layout-flow\">\n<h2 class=\"wp-block-heading is-style-heading-article\" id=\"h-oppettider\">Opening hours<\/h2>\n\n\n\n<div class=\"wp-block-columns is-layout-flex wp-container-core-columns-is-layout-9d6595d7 wp-block-columns-is-layout-flex\">\n<div class=\"wp-block-column is-layout-flow wp-block-column-is-layout-flow\">\n<p class=\"has-text-color has-link-color wp-elements-8b6ba0767af8a925a88e2b7b1063dab3\" style=\"color:#000000\">In the heart of Malm\u00f6, near the Triangeln train station, lies Malm\u00f6 Konsthall \u2013 one of the Nordic countries\u2019 largest exhibition spaces for contemporary art. Admission free. <\/p>\n\n\n\n<div class=\"wp-block-columns is-layout-flex wp-container-core-columns-is-layout-9d6595d7 wp-block-columns-is-layout-flex\">\n<div class=\"wp-block-column is-layout-flow wp-block-column-is-layout-flow\">\n<h3 class=\"wp-block-heading is-style-heading-medium\" id=\"kontakt\">Opening hours<\/h3>\n\n\n\n<p>Monday closed<br\/>Tuesday 11:00\u201317:00<br\/>Wednesday 11:00\u201319:00<br\/>Thursday 11:00\u201317:00<br\/>Friday 11:00\u201317:00<br\/>Saturday 11:00\u201317:00<br\/>Sunday 11:00\u201317:00<\/p>\n<\/div>\n\n\n\n<div class=\"wp-block-column is-layout-flow wp-block-column-is-layout-flow\">\n<h3 class=\"wp-block-heading is-style-heading-medium\"><strong>Closed<\/strong><\/h3>\n\n\n\n<p class=\"is-style-default\">During installation<br\/>Christmas Eve <br\/>Christmas Day <br\/>New Year&#8217;s Eve <br\/>New Year&#8217;s Day <br\/>Midsummer Eve <br\/>Midsummer Day<\/p>\n<\/div>\n<\/div>\n<\/div>\n\n\n\n<div class=\"wp-block-column is-layout-flow wp-block-column-is-layout-flow\">\n<div class=\"wp-block-malmo-konsthall-accordion block-accordion-container active\"><button class=\"block-accordion\" type=\"button\" onclick=\"handleAccordianClick(this)\" aria-controls=\"accordion_content_f828b2bd-5391-4798-a292-7d5b0732c8ba-1768486833270\" aria-expanded=\"false\" id=\"accordion_content-container_f828b2bd-5391-4798-a292-7d5b0732c8ba-1768486833270\" tabindex=\"0\"><span class=\"accordion__title\">Visitor address<\/span><svg width=\"14\" height=\"14\" viewBox=\"0 0 14 14\" fill=\"none\" xmlns=\"http:\/\/www.w3.org\/2000\/svg\" class=\"accordion__icon acc_plus\"><path d=\"M14 8H8H6H0V6H6H8H14V8Z\" fill=\"black\" class=\"stroke\"><\/path><path d=\"M6 14L6 8L6 6L6 -8.74228e-08L8 0L8 6L8 8L8 14L6 14Z\" fill=\"black\" class=\"stroke-minus\"><\/path><\/svg><\/button><div class=\"accordion__content\" role=\"region\" id=\"accordion_content_f828b2bd-5391-4798-a292-7d5b0732c8ba-1768486833270\" tabindex=\"0\" aria-labelledby=\"accordion_content-container_f828b2bd-5391-4798-a292-7d5b0732c8ba-1768486833270\"><div class=\"accordion__text\">\n\n<p>S:t Johannesgatan 7<br\/>211 46 Malm\u00f6<\/p>\n\n<\/div><\/div><\/div>\n\n\n\n<div class=\"wp-block-malmo-konsthall-accordion block-accordion-container active\"><button class=\"block-accordion\" type=\"button\" onclick=\"handleAccordianClick(this)\" aria-controls=\"accordion_content_f828b2bd-5391-4798-a292-7d5b0732c8ba-1768486833270\" aria-expanded=\"false\" id=\"accordion_content-container_f828b2bd-5391-4798-a292-7d5b0732c8ba-1768486833270\" tabindex=\"0\"><span class=\"accordion__title\">Postal address<\/span><svg width=\"14\" height=\"14\" viewBox=\"0 0 14 14\" fill=\"none\" xmlns=\"http:\/\/www.w3.org\/2000\/svg\" class=\"accordion__icon acc_plus\"><path d=\"M14 8H8H6H0V6H6H8H14V8Z\" fill=\"black\" class=\"stroke\"><\/path><path d=\"M6 14L6 8L6 6L6 -8.74228e-08L8 0L8 6L8 8L8 14L6 14Z\" fill=\"black\" class=\"stroke-minus\"><\/path><\/svg><\/button><div class=\"accordion__content\" role=\"region\" id=\"accordion_content_f828b2bd-5391-4798-a292-7d5b0732c8ba-1768486833270\" tabindex=\"0\" aria-labelledby=\"accordion_content-container_f828b2bd-5391-4798-a292-7d5b0732c8ba-1768486833270\"><div class=\"accordion__text\">\n\n<p><strong>For letters\/parcels via PostNord:<\/strong><br\/>S:t Johannesgatan 7<br\/>205 80 Malm\u00f6<\/p>\n\n\n<p><strong>For letters\/parcels via other shipping companies (Schenker, DHL etc): <\/strong><br\/>S:t Johannesgatan 7<br\/>211 46 Malm\u00f6<\/p>\n\n<\/div><\/div><\/div>\n\n\n\n<div class=\"wp-block-malmo-konsthall-accordion block-accordion-container active\"><button class=\"block-accordion\" type=\"button\" onclick=\"handleAccordianClick(this)\" aria-controls=\"accordion_content_f828b2bd-5391-4798-a292-7d5b0732c8ba-1768486833270\" aria-expanded=\"false\" id=\"accordion_content-container_f828b2bd-5391-4798-a292-7d5b0732c8ba-1768486833270\" tabindex=\"0\"><span class=\"accordion__title\">Goods reception<\/span><svg width=\"14\" height=\"14\" viewBox=\"0 0 14 14\" fill=\"none\" xmlns=\"http:\/\/www.w3.org\/2000\/svg\" class=\"accordion__icon acc_plus\"><path d=\"M14 8H8H6H0V6H6H8H14V8Z\" fill=\"black\" class=\"stroke\"><\/path><path d=\"M6 14L6 8L6 6L6 -8.74228e-08L8 0L8 6L8 8L8 14L6 14Z\" fill=\"black\" class=\"stroke-minus\"><\/path><\/svg><\/button><div class=\"accordion__content\" role=\"region\" id=\"accordion_content_f828b2bd-5391-4798-a292-7d5b0732c8ba-1768486833270\" tabindex=\"0\" aria-labelledby=\"accordion_content-container_f828b2bd-5391-4798-a292-7d5b0732c8ba-1768486833270\"><div class=\"accordion__text\">\n\n<p><br\/>Munkgatan 2<br\/><br\/><\/p>\n\n<\/div><\/div><\/div>\n\n\n\n<div class=\"wp-block-malmo-konsthall-accordion block-accordion-container active\"><button class=\"block-accordion\" type=\"button\" onclick=\"handleAccordianClick(this)\" aria-controls=\"accordion_content_f828b2bd-5391-4798-a292-7d5b0732c8ba-1768486833270\" aria-expanded=\"false\" id=\"accordion_content-container_f828b2bd-5391-4798-a292-7d5b0732c8ba-1768486833270\" tabindex=\"0\"><span class=\"accordion__title\">Contact<\/span><svg width=\"14\" height=\"14\" viewBox=\"0 0 14 14\" fill=\"none\" xmlns=\"http:\/\/www.w3.org\/2000\/svg\" class=\"accordion__icon acc_plus\"><path d=\"M14 8H8H6H0V6H6H8H14V8Z\" fill=\"black\" class=\"stroke\"><\/path><path d=\"M6 14L6 8L6 6L6 -8.74228e-08L8 0L8 6L8 8L8 14L6 14Z\" fill=\"black\" class=\"stroke-minus\"><\/path><\/svg><\/button><div class=\"accordion__content\" role=\"region\" id=\"accordion_content_f828b2bd-5391-4798-a292-7d5b0732c8ba-1768486833270\" tabindex=\"0\" aria-labelledby=\"accordion_content-container_f828b2bd-5391-4798-a292-7d5b0732c8ba-1768486833270\"><div class=\"accordion__text\">\n\n<p><br\/>Telephone: <a href=\"tel:+4640346000\">040-34 60 00<\/a><\/p>\n\n\n<p><a href=\"mailto:info.konsthall@malmo.se\">info.konsthall@malmo.se<\/a><br\/><br\/><\/p>\n\n<\/div><\/div><\/div>\n<\/div>\n<\/div>\n<\/div><\/div>\n\n<div class=\"wp-block-webfactory-map\"><div class=\"wp-block-webfactory-map\"><iframe loading=\"lazy\" src=\"https:\/\/www.google.com\/maps\/embed\/v1\/place?q=malm%C3%B6%20konsthall&#038;maptype=roadmap&#038;zoom=15&#038;key=AIzaSyAUkBCmhyDDgy2HyydVdWBsaLeYpiPyNK0\" title=\"Karta med Malm\u00f6 Konsthall utmarkerad.\" width=\"100%\" height=\"624px\" frameborder=\"0\"><\/iframe><\/div><\/div>\r\n\n<div class=\"wp-block-group is-style-section-with-columns\"><div class=\"wp-block-group__inner-container is-layout-flow wp-block-group-is-layout-flow\">\n<div class=\"wp-block-columns is-layout-flex wp-container-core-columns-is-layout-9d6595d7 wp-block-columns-is-layout-flex\">\n<div class=\"wp-block-column is-layout-flow wp-block-column-is-layout-flow\" style=\"flex-basis:60%\">\n<h2 class=\"wp-block-heading is-style-heading-article\" id=\"ta-dig-hit\">Find us<\/h2>\n<\/div>\n<\/div>\n\n\n\n<div class=\"wp-block-group\"><div class=\"wp-block-group__inner-container is-layout-constrained wp-block-group-is-layout-constrained\">\n<div class=\"wp-block-columns is-layout-flex wp-container-core-columns-is-layout-9d6595d7 wp-block-columns-is-layout-flex\">\n<div class=\"wp-block-column is-layout-flow wp-block-column-is-layout-flow\">\n<p>Malm\u00f6 Konsthall is located next to the shopping centre Triangeln in central Malm\u00f6. <span class=\"HwtZe\" lang=\"en\"><span class=\"jCAhz ChMk0b\"><span class=\"ryNqvb\">You can easily get here by public transport, by bike or on foot.<\/span><\/span> <span class=\"jCAhz ChMk0b\"><span class=\"ryNqvb\">Welcome!<\/span><\/span><\/span><\/p>\n\n\n\n<div class=\"wp-block-malmo-konsthall-accordion block-accordion-container active\"><button class=\"block-accordion\" type=\"button\" onclick=\"handleAccordianClick(this)\" aria-controls=\"accordion_content_547124fa-ee94-4a66-974b-78982a9a7e04-1768484217353\" aria-expanded=\"false\" id=\"accordion_content-container_547124fa-ee94-4a66-974b-78982a9a7e04-1768484217353\" tabindex=\"0\"><span class=\"accordion__title\"><strong>By<\/strong><strong> foot<\/strong><\/span><svg width=\"14\" height=\"14\" viewBox=\"0 0 14 14\" fill=\"none\" xmlns=\"http:\/\/www.w3.org\/2000\/svg\" class=\"accordion__icon acc_plus\"><path d=\"M14 8H8H6H0V6H6H8H14V8Z\" fill=\"black\" class=\"stroke\"><\/path><path d=\"M6 14L6 8L6 6L6 -8.74228e-08L8 0L8 6L8 8L8 14L6 14Z\" fill=\"black\" class=\"stroke-minus\"><\/path><\/svg><\/button><div class=\"accordion__content\" role=\"region\" id=\"accordion_content_547124fa-ee94-4a66-974b-78982a9a7e04-1768484217353\" tabindex=\"0\" aria-labelledby=\"accordion_content-container_547124fa-ee94-4a66-974b-78982a9a7e04-1768484217353\"><div class=\"accordion__text\">\n\n<p>Malm\u00f6 Konsthall is located by the shopping centre Triangeln. It takes about 15 minutes to walk to Malm\u00f6 Konsthall from Malm\u00f6 C.<\/p>\n\n<\/div><\/div><\/div>\n\n\n\n<div class=\"wp-block-malmo-konsthall-accordion block-accordion-container active\"><button class=\"block-accordion\" type=\"button\" onclick=\"handleAccordianClick(this)\" aria-controls=\"accordion_content_547124fa-ee94-4a66-974b-78982a9a7e04-1768484217353\" aria-expanded=\"false\" id=\"accordion_content-container_547124fa-ee94-4a66-974b-78982a9a7e04-1768484217353\" tabindex=\"0\"><span class=\"accordion__title\"><strong>Train or bus<\/strong><\/span><svg width=\"14\" height=\"14\" viewBox=\"0 0 14 14\" fill=\"none\" xmlns=\"http:\/\/www.w3.org\/2000\/svg\" class=\"accordion__icon acc_plus\"><path d=\"M14 8H8H6H0V6H6H8H14V8Z\" fill=\"black\" class=\"stroke\"><\/path><path d=\"M6 14L6 8L6 6L6 -8.74228e-08L8 0L8 6L8 8L8 14L6 14Z\" fill=\"black\" class=\"stroke-minus\"><\/path><\/svg><\/button><div class=\"accordion__content\" role=\"region\" id=\"accordion_content_547124fa-ee94-4a66-974b-78982a9a7e04-1768484217353\" tabindex=\"0\" aria-labelledby=\"accordion_content-container_547124fa-ee94-4a66-974b-78982a9a7e04-1768484217353\"><div class=\"accordion__text\">\n\n<p>Station Triangeln for trains and buses. Stop at S:t Johannesgatan.<\/p>\n\n<\/div><\/div><\/div>\n\n\n\n<div class=\"wp-block-malmo-konsthall-accordion block-accordion-container active\"><button class=\"block-accordion\" type=\"button\" onclick=\"handleAccordianClick(this)\" aria-controls=\"accordion_content_547124fa-ee94-4a66-974b-78982a9a7e04-1768484217353\" aria-expanded=\"false\" id=\"accordion_content-container_547124fa-ee94-4a66-974b-78982a9a7e04-1768484217353\" tabindex=\"0\"><span class=\"accordion__title\"><strong>Bike<\/strong><\/span><svg width=\"14\" height=\"14\" viewBox=\"0 0 14 14\" fill=\"none\" xmlns=\"http:\/\/www.w3.org\/2000\/svg\" class=\"accordion__icon acc_plus\"><path d=\"M14 8H8H6H0V6H6H8H14V8Z\" fill=\"black\" class=\"stroke\"><\/path><path d=\"M6 14L6 8L6 6L6 -8.74228e-08L8 0L8 6L8 8L8 14L6 14Z\" fill=\"black\" class=\"stroke-minus\"><\/path><\/svg><\/button><div class=\"accordion__content\" role=\"region\" id=\"accordion_content_547124fa-ee94-4a66-974b-78982a9a7e04-1768484217353\" tabindex=\"0\" aria-labelledby=\"accordion_content-container_547124fa-ee94-4a66-974b-78982a9a7e04-1768484217353\"><div class=\"accordion__text\">\n\n<p>Bicycle parking is available outside the entrance to the restaurant and in the piazza outside Malm\u00f6 Konsthall. <a href=\"https:\/\/www.malmobybike.se\/sv\">Malm\u00f6 By Bike <\/a>also have a station near Malm\u00f6 Konsthall, on the other side of Pildammsv\u00e4gen.<\/p>\n\n<\/div><\/div><\/div>\n\n\n\n<div class=\"wp-block-malmo-konsthall-accordion block-accordion-container active\"><button class=\"block-accordion\" type=\"button\" onclick=\"handleAccordianClick(this)\" aria-controls=\"accordion_content_547124fa-ee94-4a66-974b-78982a9a7e04-1768484217353\" aria-expanded=\"false\" id=\"accordion_content-container_547124fa-ee94-4a66-974b-78982a9a7e04-1768484217353\" tabindex=\"0\"><span class=\"accordion__title\"><strong>By car<\/strong><\/span><svg width=\"14\" height=\"14\" viewBox=\"0 0 14 14\" fill=\"none\" xmlns=\"http:\/\/www.w3.org\/2000\/svg\" class=\"accordion__icon acc_plus\"><path d=\"M14 8H8H6H0V6H6H8H14V8Z\" fill=\"black\" class=\"stroke\"><\/path><path d=\"M6 14L6 8L6 6L6 -8.74228e-08L8 0L8 6L8 8L8 14L6 14Z\" fill=\"black\" class=\"stroke-minus\"><\/path><\/svg><\/button><div class=\"accordion__content\" role=\"region\" id=\"accordion_content_547124fa-ee94-4a66-974b-78982a9a7e04-1768484217353\" tabindex=\"0\" aria-labelledby=\"accordion_content-container_547124fa-ee94-4a66-974b-78982a9a7e04-1768484217353\"><div class=\"accordion__text\">\n\n<p>The nearest parking garage is at Triangeln.<\/p>\n\n<\/div><\/div><\/div>\n<\/div>\n\n\n\n<div class=\"wp-block-column is-layout-flow wp-block-column-is-layout-flow\">\n<div class=\"wp-block-group is-style-page-margin\"><div class=\"wp-block-group__inner-container is-layout-constrained wp-block-group-is-layout-constrained\">\n<h3 class=\"wp-block-heading is-style-arrow-link-large is-style-heading-medium\" id=\"h-visningar\"><a href=\"https:\/\/malmokonsthall.se\/en\/?page_id=42680\">Guided tours<\/a><\/h3>\n\n\n\n<h3 class=\"wp-block-heading is-style-arrow-link-large is-style-heading-medium\" id=\"h-bokhandel\"><a href=\"https:\/\/malmokonsthall.se\/en\/visit-us\/bookshop\/\">Bookshop<\/a><\/h3>\n\n\n\n<h3 class=\"wp-block-heading is-style-arrow-link-large is-style-heading-medium\" id=\"h-restaurang-smak\"><a href=\"https:\/\/smak.info\/\">Restaurant Smak<\/a><\/h3>\n\n\n\n<div class=\"wp-block-columns is-layout-flex wp-container-core-columns-is-layout-9d6595d7 wp-block-columns-is-layout-flex\">\n<div class=\"wp-block-column is-layout-flow wp-block-column-is-layout-flow\"><\/div>\n\n\n\n<div class=\"wp-block-column is-layout-flow wp-block-column-is-layout-flow\"><\/div>\n<\/div>\n<\/div><\/div>\n\n\n\n<p><\/p>\n<\/div>\n<\/div>\n<\/div><\/div>\n<\/div><\/div>\n","protected":false},"excerpt":{"rendered":"<p>Here you\u2019ll find information about our opening hours, tours, and answers to frequently asked questions<\/p>\n","protected":false},"author":5,"featured_media":39826,"parent":0,"menu_order":0,"comment_status":"closed","ping_status":"closed","template":"","meta":{"_acf_changed":false,"_tec_requires_first_save":true,"inline_featured_image":false,"_price":"","_stock":"","_tribe_ticket_header":"","_tribe_default_ticket_provider":"","_tribe_ticket_capacity":"0","_ticket_start_date":"","_ticket_end_date":"","_tribe_ticket_show_description":"","_tribe_ticket_show_not_going":false,"_tribe_ticket_use_global_stock":"","_tribe_ticket_global_stock_level":"","_global_stock_mode":"","_global_stock_cap":"","_tribe_rsvp_for_event":"","_tribe_ticket_going_count":"","_tribe_ticket_not_going_count":"","_tribe_tickets_list":"[]","_tribe_ticket_has_attendee_info_fields":false,"_EventAllDay":false,"_EventTimezone":"","_EventStartDate":"","_EventEndDate":"","_EventStartDateUTC":"","_EventEndDateUTC":"","_EventShowMap":false,"_EventShowMapLink":false,"_EventURL":"","_EventCost":"","_EventCostDescription":"","_EventCurrencySymbol":"","_EventCurrencyCode":"","_EventCurrencyPosition":"","_EventDateTimeSeparator":"","_EventTimeRangeSeparator":"","_EventOrganizerID":[],"_EventVenueID":[],"_OrganizerEmail":"","_OrganizerPhone":"","_OrganizerWebsite":"","_VenueAddress":"","_VenueCity":"","_VenueCountry":"","_VenueProvince":"","_VenueState":"","_VenueZip":"","_VenuePhone":"","_VenueURL":"","_VenueStateProvince":"","_VenueLat":"","_VenueLng":"","_VenueShowMap":false,"_VenueShowMapLink":false,"_tribe_blocks_recurrence_rules":"","_tribe_blocks_recurrence_description":"","_tribe_blocks_recurrence_exclusions":"","footnotes":"","_tec_slr_enabled":"","_tec_slr_layout":""},"class_list":["post-43625","page","type-page","status-publish","has-post-thumbnail","hentry"],"acf":[],"yoast_head":"<!-- This site is optimized with the Yoast SEO Premium plugin v23.3 (Yoast SEO v27.3) - https:\/\/yoast.com\/product\/yoast-seo-premium-wordpress\/ -->\n<title>Opening hours - Malm\u00f6 Konsthall<\/title>\n<meta name=\"description\" content=\"Free entrance to art experiences in the heart of Malm\u00f6.\" \/>\n<meta name=\"robots\" content=\"index, follow, max-snippet:-1, max-image-preview:large, max-video-preview:-1\" \/>\n<link rel=\"canonical\" href=\"https:\/\/malmokonsthall.se\/en\/opening-hours\/\" \/>\n<meta property=\"og:locale\" content=\"en_US\" \/>\n<meta property=\"og:type\" content=\"article\" \/>\n<meta property=\"og:title\" content=\"Opening hours - Malm\u00f6 Konsthall\" \/>\n<meta property=\"og:description\" content=\"Here you\u2019ll find information about our opening hours, tours, and answers to frequently asked questions\" \/>\n<meta property=\"og:url\" content=\"https:\/\/malmokonsthall.se\/en\/opening-hours\/\" \/>\n<meta property=\"og:site_name\" content=\"Malm\u00f6 Konsthall\" \/>\n<meta property=\"article:modified_time\" content=\"2026-02-06T11:56:50+00:00\" \/>\n<meta property=\"og:image\" content=\"https:\/\/malmokonsthall.se\/wp-content\/uploads\/2025\/05\/malmo-konsthall_exterior_2-edited.jpg\" \/>\n\t<meta property=\"og:image:width\" content=\"2000\" \/>\n\t<meta property=\"og:image:height\" content=\"1126\" \/>\n\t<meta property=\"og:image:type\" content=\"image\/jpeg\" \/>\n<meta name=\"twitter:card\" content=\"summary_large_image\" \/>\n<script type=\"application\/ld+json\" class=\"yoast-schema-graph\">{\"@context\":\"https:\\\/\\\/schema.org\",\"@graph\":[{\"@type\":\"WebPage\",\"@id\":\"https:\\\/\\\/malmokonsthall.se\\\/en\\\/opening-hours\\\/\",\"url\":\"https:\\\/\\\/malmokonsthall.se\\\/en\\\/opening-hours\\\/\",\"name\":\"Opening hours - Malm\u00f6 Konsthall\",\"isPartOf\":{\"@id\":\"https:\\\/\\\/malmokonsthall.se\\\/en\\\/#website\"},\"primaryImageOfPage\":{\"@id\":\"https:\\\/\\\/malmokonsthall.se\\\/en\\\/opening-hours\\\/#primaryimage\"},\"image\":{\"@id\":\"https:\\\/\\\/malmokonsthall.se\\\/en\\\/opening-hours\\\/#primaryimage\"},\"thumbnailUrl\":\"https:\\\/\\\/malmokonsthall.se\\\/wp-content\\\/uploads\\\/2025\\\/05\\\/malmo-konsthall_exterior_2-edited.jpg\",\"datePublished\":\"2026-01-19T13:22:10+00:00\",\"dateModified\":\"2026-02-06T11:56:50+00:00\",\"description\":\"Free entrance to art experiences in the heart of Malm\u00f6.\",\"breadcrumb\":{\"@id\":\"https:\\\/\\\/malmokonsthall.se\\\/en\\\/opening-hours\\\/#breadcrumb\"},\"inLanguage\":\"en-US\",\"potentialAction\":[{\"@type\":\"ReadAction\",\"target\":[\"https:\\\/\\\/malmokonsthall.se\\\/en\\\/opening-hours\\\/\"]}]},{\"@type\":\"ImageObject\",\"inLanguage\":\"en-US\",\"@id\":\"https:\\\/\\\/malmokonsthall.se\\\/en\\\/opening-hours\\\/#primaryimage\",\"url\":\"https:\\\/\\\/malmokonsthall.se\\\/wp-content\\\/uploads\\\/2025\\\/05\\\/malmo-konsthall_exterior_2-edited.jpg\",\"contentUrl\":\"https:\\\/\\\/malmokonsthall.se\\\/wp-content\\\/uploads\\\/2025\\\/05\\\/malmo-konsthall_exterior_2-edited.jpg\",\"width\":2000,\"height\":1126,\"caption\":\"Evening view of Malm\u00f6 Konsthall\u2019s windows overlooking Magistratsparken. Used to illustrate visits, opening hours, and the Konsthall\u2019s address.\"},{\"@type\":\"BreadcrumbList\",\"@id\":\"https:\\\/\\\/malmokonsthall.se\\\/en\\\/opening-hours\\\/#breadcrumb\",\"itemListElement\":[{\"@type\":\"ListItem\",\"position\":1,\"name\":\"Hem\",\"item\":\"https:\\\/\\\/malmokonsthall.se\\\/en\\\/\"},{\"@type\":\"ListItem\",\"position\":2,\"name\":\"Opening hours\"}]},{\"@type\":\"WebSite\",\"@id\":\"https:\\\/\\\/malmokonsthall.se\\\/en\\\/#website\",\"url\":\"https:\\\/\\\/malmokonsthall.se\\\/en\\\/\",\"name\":\"Malm\u00f6 Konsthall\",\"description\":\"\",\"publisher\":{\"@id\":\"https:\\\/\\\/malmokonsthall.se\\\/en\\\/#organization\"},\"potentialAction\":[{\"@type\":\"SearchAction\",\"target\":{\"@type\":\"EntryPoint\",\"urlTemplate\":\"https:\\\/\\\/malmokonsthall.se\\\/en\\\/?s={search_term_string}\"},\"query-input\":{\"@type\":\"PropertyValueSpecification\",\"valueRequired\":true,\"valueName\":\"search_term_string\"}}],\"inLanguage\":\"en-US\"},{\"@type\":\"Organization\",\"@id\":\"https:\\\/\\\/malmokonsthall.se\\\/en\\\/#organization\",\"name\":\"Malm\u00f6 Konsthall\",\"url\":\"https:\\\/\\\/malmokonsthall.se\\\/en\\\/\",\"logo\":{\"@type\":\"ImageObject\",\"inLanguage\":\"en-US\",\"@id\":\"https:\\\/\\\/malmokonsthall.se\\\/en\\\/#\\\/schema\\\/logo\\\/image\\\/\",\"url\":\"https:\\\/\\\/malmokonsthall.se\\\/wp-content\\\/uploads\\\/2021\\\/09\\\/MK-logga-red.png\",\"contentUrl\":\"https:\\\/\\\/malmokonsthall.se\\\/wp-content\\\/uploads\\\/2021\\\/09\\\/MK-logga-red.png\",\"width\":672,\"height\":60,\"caption\":\"Malm\u00f6 Konsthall\"},\"image\":{\"@id\":\"https:\\\/\\\/malmokonsthall.se\\\/en\\\/#\\\/schema\\\/logo\\\/image\\\/\"}}]}<\/script>\n<!-- \/ Yoast SEO Premium plugin. -->","yoast_head_json":{"title":"Opening hours - Malm\u00f6 Konsthall","description":"Free entrance to art experiences in the heart of Malm\u00f6.","robots":{"index":"index","follow":"follow","max-snippet":"max-snippet:-1","max-image-preview":"max-image-preview:large","max-video-preview":"max-video-preview:-1"},"canonical":"https:\/\/malmokonsthall.se\/en\/opening-hours\/","og_locale":"en_US","og_type":"article","og_title":"Opening hours - Malm\u00f6 Konsthall","og_description":"Here you\u2019ll find information about our opening hours, tours, and answers to frequently asked questions","og_url":"https:\/\/malmokonsthall.se\/en\/opening-hours\/","og_site_name":"Malm\u00f6 Konsthall","article_modified_time":"2026-02-06T11:56:50+00:00","og_image":[{"width":2000,"height":1126,"url":"https:\/\/malmokonsthall.se\/wp-content\/uploads\/2025\/05\/malmo-konsthall_exterior_2-edited.jpg","type":"image\/jpeg"}],"twitter_card":"summary_large_image","schema":{"@context":"https:\/\/schema.org","@graph":[{"@type":"WebPage","@id":"https:\/\/malmokonsthall.se\/en\/opening-hours\/","url":"https:\/\/malmokonsthall.se\/en\/opening-hours\/","name":"Opening hours - Malm\u00f6 Konsthall","isPartOf":{"@id":"https:\/\/malmokonsthall.se\/en\/#website"},"primaryImageOfPage":{"@id":"https:\/\/malmokonsthall.se\/en\/opening-hours\/#primaryimage"},"image":{"@id":"https:\/\/malmokonsthall.se\/en\/opening-hours\/#primaryimage"},"thumbnailUrl":"https:\/\/malmokonsthall.se\/wp-content\/uploads\/2025\/05\/malmo-konsthall_exterior_2-edited.jpg","datePublished":"2026-01-19T13:22:10+00:00","dateModified":"2026-02-06T11:56:50+00:00","description":"Free entrance to art experiences in the heart of Malm\u00f6.","breadcrumb":{"@id":"https:\/\/malmokonsthall.se\/en\/opening-hours\/#breadcrumb"},"inLanguage":"en-US","potentialAction":[{"@type":"ReadAction","target":["https:\/\/malmokonsthall.se\/en\/opening-hours\/"]}]},{"@type":"ImageObject","inLanguage":"en-US","@id":"https:\/\/malmokonsthall.se\/en\/opening-hours\/#primaryimage","url":"https:\/\/malmokonsthall.se\/wp-content\/uploads\/2025\/05\/malmo-konsthall_exterior_2-edited.jpg","contentUrl":"https:\/\/malmokonsthall.se\/wp-content\/uploads\/2025\/05\/malmo-konsthall_exterior_2-edited.jpg","width":2000,"height":1126,"caption":"Evening view of Malm\u00f6 Konsthall\u2019s windows overlooking Magistratsparken. Used to illustrate visits, opening hours, and the Konsthall\u2019s address."},{"@type":"BreadcrumbList","@id":"https:\/\/malmokonsthall.se\/en\/opening-hours\/#breadcrumb","itemListElement":[{"@type":"ListItem","position":1,"name":"Hem","item":"https:\/\/malmokonsthall.se\/en\/"},{"@type":"ListItem","position":2,"name":"Opening hours"}]},{"@type":"WebSite","@id":"https:\/\/malmokonsthall.se\/en\/#website","url":"https:\/\/malmokonsthall.se\/en\/","name":"Malm\u00f6 Konsthall","description":"","publisher":{"@id":"https:\/\/malmokonsthall.se\/en\/#organization"},"potentialAction":[{"@type":"SearchAction","target":{"@type":"EntryPoint","urlTemplate":"https:\/\/malmokonsthall.se\/en\/?s={search_term_string}"},"query-input":{"@type":"PropertyValueSpecification","valueRequired":true,"valueName":"search_term_string"}}],"inLanguage":"en-US"},{"@type":"Organization","@id":"https:\/\/malmokonsthall.se\/en\/#organization","name":"Malm\u00f6 Konsthall","url":"https:\/\/malmokonsthall.se\/en\/","logo":{"@type":"ImageObject","inLanguage":"en-US","@id":"https:\/\/malmokonsthall.se\/en\/#\/schema\/logo\/image\/","url":"https:\/\/malmokonsthall.se\/wp-content\/uploads\/2021\/09\/MK-logga-red.png","contentUrl":"https:\/\/malmokonsthall.se\/wp-content\/uploads\/2021\/09\/MK-logga-red.png","width":672,"height":60,"caption":"Malm\u00f6 Konsthall"},"image":{"@id":"https:\/\/malmokonsthall.se\/en\/#\/schema\/logo\/image\/"}}]}},"ticketed":false,"_links":{"self":[{"href":"https:\/\/malmokonsthall.se\/en\/wp-json\/wp\/v2\/pages\/43625","targetHints":{"allow":["GET"]}}],"collection":[{"href":"https:\/\/malmokonsthall.se\/en\/wp-json\/wp\/v2\/pages"}],"about":[{"href":"https:\/\/malmokonsthall.se\/en\/wp-json\/wp\/v2\/types\/page"}],"author":[{"embeddable":true,"href":"https:\/\/malmokonsthall.se\/en\/wp-json\/wp\/v2\/users\/5"}],"replies":[{"embeddable":true,"href":"https:\/\/malmokonsthall.se\/en\/wp-json\/wp\/v2\/comments?post=43625"}],"version-history":[{"count":8,"href":"https:\/\/malmokonsthall.se\/en\/wp-json\/wp\/v2\/pages\/43625\/revisions"}],"predecessor-version":[{"id":44387,"href":"https:\/\/malmokonsthall.se\/en\/wp-json\/wp\/v2\/pages\/43625\/revisions\/44387"}],"wp:featuredmedia":[{"embeddable":true,"href":"https:\/\/malmokonsthall.se\/en\/wp-json\/wp\/v2\/media\/39826"}],"wp:attachment":[{"href":"https:\/\/malmokonsthall.se\/en\/wp-json\/wp\/v2\/media?parent=43625"}],"curies":[{"name":"wp","href":"https:\/\/api.w.org\/{rel}","templated":true}]}}