{"id":43613,"date":"2026-01-15T13:45:27","date_gmt":"2026-01-15T12:45:27","guid":{"rendered":"https:\/\/malmokonsthall.se\/preschool-school\/"},"modified":"2026-01-15T13:45:31","modified_gmt":"2026-01-15T12:45:31","slug":"preschool-school","status":"publish","type":"page","link":"https:\/\/malmokonsthall.se\/en\/preschool-school\/","title":{"rendered":"Preschool &#038; school"},"content":{"rendered":"  <nav aria-label=\"Breadcrumb navigation\" class=\"breadcrumbs\" typeof=\"BreadcrumbList\" vocab=\"https:\/\/schema.org\/\">\n      <ol>\n          <li class=\"home\"><span property=\"itemListElement\" typeof=\"ListItem\"><a property=\"item\" typeof=\"WebPage\" title=\"G\u00e5 till Startsidan\" href=\"https:\/\/malmokonsthall.se\/en\/\" class=\"home\" aria-current=\"page\"><span property=\"name\">Start<\/span><\/a><\/span><\/li>\n\n      <\/ol>\n  <\/nav>\n\n<figure class=\"wp-block-image size-large is-style-Margin-right is-style-16-9\"><img loading=\"lazy\" decoding=\"async\" width=\"1024\" height=\"782\" src=\"https:\/\/malmokonsthall.se\/wp-content\/uploads\/2022\/09\/35516B39-D407-4989-8D15-9C73A2A1FF35-1024x782.jpg\" alt=\"Picture taken from behind of Kim Dem\u00e5ne and a youth spray painting a wall.\" class=\"wp-image-18808\" srcset=\"https:\/\/malmokonsthall.se\/wp-content\/uploads\/2022\/09\/35516B39-D407-4989-8D15-9C73A2A1FF35-1024x782.jpg 1024w, https:\/\/malmokonsthall.se\/wp-content\/uploads\/2022\/09\/35516B39-D407-4989-8D15-9C73A2A1FF35-300x229.jpg 300w, https:\/\/malmokonsthall.se\/wp-content\/uploads\/2022\/09\/35516B39-D407-4989-8D15-9C73A2A1FF35-768x587.jpg 768w, https:\/\/malmokonsthall.se\/wp-content\/uploads\/2022\/09\/35516B39-D407-4989-8D15-9C73A2A1FF35.jpg 1440w\" sizes=\"auto, (max-width: 1024px) 100vw, 1024px\" \/><\/figure>\n\n<div style=\"height:100px\" aria-hidden=\"true\" class=\"wp-block-spacer\"><\/div>\n\n<div class=\"wp-block-group is-style-page-margin\"><div class=\"wp-block-group__inner-container is-layout-flow wp-block-group-is-layout-flow\">\n<h1 class=\"wp-block-heading is-style-default\" id=\"h-forskola-amp-skola\">Preschool &amp; school<\/h1>\n\n\n\n<div style=\"height:53px\" aria-hidden=\"true\" class=\"wp-block-spacer\"><\/div>\n\n\n\n<div class=\"wp-block-columns is-layout-flex wp-container-core-columns-is-layout-9d6595d7 wp-block-columns-is-layout-flex\">\n<div class=\"wp-block-column is-layout-flow wp-block-column-is-layout-flow\" style=\"flex-basis:66.66%\">\n<p>Malm\u00f6 Konsthall offers free dialogue-based viewings for preschools, primary and secondary school classes within Malm\u00f6 municipality. Each semester we also offer free workshop projects aimed at a certain age group, a combination of viewing of an ongoing exhibition and your own creative creation.<\/p>\n\n\n\n<h3 class=\"wp-block-heading is-style-body-heading\" id=\"h-boka-skolbesok-for-arskurs-7\">Book a school visit for grade 7<\/h3>\n\n\n\n<p>On behalf of the City of Malm\u00f6, we primarily target grade 7 and special needs schools in Malm\u00f6.<a href=\"https:\/\/kulturbokning.malmo.se\/CultureProviders\/Details\/4\">Boka skolbes\u00f6k h\u00e4r.<\/a><\/p>\n\n\n\n<h3 class=\"wp-block-heading is-style-body-heading\" id=\"h-komvux-amp-folkhogskolor\">Adult education <\/h3>\n\n\n\n<p>In case of time and availability of staff, other schools, such as Komvux and folk high schools outside Malm\u00f6, can also book a visit with us. For more information and questions, please contact:\u00a0<a href=\"mailto:info.konsthall@malmo.se\">info.konsthall@malmo.se<\/a>.<\/p>\n\n\n\n<h3 class=\"wp-block-heading is-style-body-heading\" id=\"h-nagot-for-de-yngsta-barnen\">For the youngest kids<\/h3>\n\n\n\n<p>For the youngest children in preschool aged 1\u20133, we have developed material to explore art near the preschool. The project &#8220;The Way to Sculpture&#8221; is part of the Cultural Right of Access to Public Space.<a href=\"https:\/\/kulturbokning.malmo.se\/Events\/Details\/1941\">&#13;\nRead more about what the cultural administration offers to different age groups<\/a><\/p>\n\n\n\n<h3 class=\"wp-block-heading is-style-body-heading\" id=\"h-barn-som-inte-gar-i-reguljar-skola\">Children who do not attend regular school<\/h3>\n\n\n\n<p><br\/>For children and young people who do not attend regular school, we offer a tailored range of activities. The range includes age-appropriate cultural activities that have been developed in dialogue with the target group and staff in activities that meet these children and young people. <a href=\"https:\/\/kulturbokning.malmo.se\/Schedule\/TagEvents?tagid=134\">&#13;\nBook a cultural activity here<\/a><\/p>\n<\/div>\n\n\n\n<div class=\"wp-block-column is-layout-flow wp-block-column-is-layout-flow\" style=\"flex-basis:33.33%\"><\/div>\n<\/div>\n\n\n\n<div style=\"height:13px\" aria-hidden=\"true\" class=\"wp-block-spacer\"><\/div>\n\n\n\n<h2 class=\"wp-block-heading is-style-default\" id=\"h-\"><\/h2>\n<\/div><\/div>\n","protected":false},"excerpt":{"rendered":"<p>Malm\u00f6 Konsthall offers free dialogue-based viewings for preschools, primary and secondary school classes within Malm\u00f6 municipality. Book school visits here.<\/p>\n","protected":false},"author":11,"featured_media":18809,"parent":0,"menu_order":0,"comment_status":"closed","ping_status":"closed","template":"","meta":{"_acf_changed":false,"_tec_requires_first_save":true,"inline_featured_image":false,"_price":"","_stock":"","_tribe_ticket_header":"","_tribe_default_ticket_provider":"","_tribe_ticket_capacity":"0","_ticket_start_date":"","_ticket_end_date":"","_tribe_ticket_show_description":"","_tribe_ticket_show_not_going":false,"_tribe_ticket_use_global_stock":"","_tribe_ticket_global_stock_level":"","_global_stock_mode":"","_global_stock_cap":"","_tribe_rsvp_for_event":"","_tribe_ticket_going_count":"","_tribe_ticket_not_going_count":"","_tribe_tickets_list":"[]","_tribe_ticket_has_attendee_info_fields":false,"_EventAllDay":false,"_EventTimezone":"","_EventStartDate":"","_EventEndDate":"","_EventStartDateUTC":"","_EventEndDateUTC":"","_EventShowMap":false,"_EventShowMapLink":false,"_EventURL":"","_EventCost":"","_EventCostDescription":"","_EventCurrencySymbol":"","_EventCurrencyCode":"","_EventCurrencyPosition":"","_EventDateTimeSeparator":"","_EventTimeRangeSeparator":"","_EventOrganizerID":[],"_EventVenueID":[],"_OrganizerEmail":"","_OrganizerPhone":"","_OrganizerWebsite":"","_VenueAddress":"","_VenueCity":"","_VenueCountry":"","_VenueProvince":"","_VenueState":"","_VenueZip":"","_VenuePhone":"","_VenueURL":"","_VenueStateProvince":"","_VenueLat":"","_VenueLng":"","_VenueShowMap":false,"_VenueShowMapLink":false,"_tribe_blocks_recurrence_rules":"","_tribe_blocks_recurrence_description":"","_tribe_blocks_recurrence_exclusions":"","footnotes":"","_tec_slr_enabled":"","_tec_slr_layout":""},"class_list":["post-43613","page","type-page","status-publish","has-post-thumbnail","hentry"],"acf":[],"yoast_head":"<!-- This site is optimized with the Yoast SEO Premium plugin v23.3 (Yoast SEO v27.3) - https:\/\/yoast.com\/product\/yoast-seo-premium-wordpress\/ -->\n<title>Preschool &amp; school - Malm\u00f6 Konsthall<\/title>\n<meta name=\"description\" content=\"Malm\u00f6 Konsthall offers free dialogue-based viewings for preschools, primary and secondary school classes within Malm\u00f6 municipality. Book school visits here.\" \/>\n<meta name=\"robots\" content=\"index, follow, max-snippet:-1, max-image-preview:large, max-video-preview:-1\" \/>\n<link rel=\"canonical\" href=\"https:\/\/malmokonsthall.se\/en\/preschool-school\/\" \/>\n<meta property=\"og:locale\" content=\"en_US\" \/>\n<meta property=\"og:type\" content=\"article\" \/>\n<meta property=\"og:title\" content=\"Preschool &amp; school - Malm\u00f6 Konsthall\" \/>\n<meta property=\"og:description\" content=\"Malm\u00f6 Konsthall offers free dialogue-based viewings for preschools, primary and secondary school classes within Malm\u00f6 municipality. Book school visits here.\" \/>\n<meta property=\"og:url\" content=\"https:\/\/malmokonsthall.se\/en\/preschool-school\/\" \/>\n<meta property=\"og:site_name\" content=\"Malm\u00f6 Konsthall\" \/>\n<meta property=\"article:modified_time\" content=\"2026-01-15T12:45:31+00:00\" \/>\n<meta property=\"og:image\" content=\"https:\/\/malmokonsthall.se\/wp-content\/uploads\/2022\/09\/35516B39-D407-4989-8D15-9C73A2A1FF35.jpg\" \/>\n\t<meta property=\"og:image:width\" content=\"1440\" \/>\n\t<meta property=\"og:image:height\" content=\"1100\" \/>\n\t<meta property=\"og:image:type\" content=\"image\/jpeg\" \/>\n<meta name=\"twitter:card\" content=\"summary_large_image\" \/>\n<script type=\"application\/ld+json\" class=\"yoast-schema-graph\">{\"@context\":\"https:\\\/\\\/schema.org\",\"@graph\":[{\"@type\":\"WebPage\",\"@id\":\"https:\\\/\\\/malmokonsthall.se\\\/en\\\/preschool-school\\\/\",\"url\":\"https:\\\/\\\/malmokonsthall.se\\\/en\\\/preschool-school\\\/\",\"name\":\"Preschool & school - Malm\u00f6 Konsthall\",\"isPartOf\":{\"@id\":\"https:\\\/\\\/malmokonsthall.se\\\/en\\\/#website\"},\"primaryImageOfPage\":{\"@id\":\"https:\\\/\\\/malmokonsthall.se\\\/en\\\/preschool-school\\\/#primaryimage\"},\"image\":{\"@id\":\"https:\\\/\\\/malmokonsthall.se\\\/en\\\/preschool-school\\\/#primaryimage\"},\"thumbnailUrl\":\"https:\\\/\\\/malmokonsthall.se\\\/wp-content\\\/uploads\\\/2022\\\/09\\\/35516B39-D407-4989-8D15-9C73A2A1FF35.jpg\",\"datePublished\":\"2026-01-15T12:45:27+00:00\",\"dateModified\":\"2026-01-15T12:45:31+00:00\",\"description\":\"Malm\u00f6 Konsthall offers free dialogue-based viewings for preschools, primary and secondary school classes within Malm\u00f6 municipality. Book school visits here.\",\"breadcrumb\":{\"@id\":\"https:\\\/\\\/malmokonsthall.se\\\/en\\\/preschool-school\\\/#breadcrumb\"},\"inLanguage\":\"en-US\",\"potentialAction\":[{\"@type\":\"ReadAction\",\"target\":[\"https:\\\/\\\/malmokonsthall.se\\\/en\\\/preschool-school\\\/\"]}]},{\"@type\":\"ImageObject\",\"inLanguage\":\"en-US\",\"@id\":\"https:\\\/\\\/malmokonsthall.se\\\/en\\\/preschool-school\\\/#primaryimage\",\"url\":\"https:\\\/\\\/malmokonsthall.se\\\/wp-content\\\/uploads\\\/2022\\\/09\\\/35516B39-D407-4989-8D15-9C73A2A1FF35.jpg\",\"contentUrl\":\"https:\\\/\\\/malmokonsthall.se\\\/wp-content\\\/uploads\\\/2022\\\/09\\\/35516B39-D407-4989-8D15-9C73A2A1FF35.jpg\",\"width\":1440,\"height\":1100,\"caption\":\"\u00d6gon-Blickar\\\/New Media 1 1975 Fred Forest och Jean Paul Gette\"},{\"@type\":\"BreadcrumbList\",\"@id\":\"https:\\\/\\\/malmokonsthall.se\\\/en\\\/preschool-school\\\/#breadcrumb\",\"itemListElement\":[{\"@type\":\"ListItem\",\"position\":1,\"name\":\"Hem\",\"item\":\"https:\\\/\\\/malmokonsthall.se\\\/en\\\/\"},{\"@type\":\"ListItem\",\"position\":2,\"name\":\"Preschool &#038; school\"}]},{\"@type\":\"WebSite\",\"@id\":\"https:\\\/\\\/malmokonsthall.se\\\/en\\\/#website\",\"url\":\"https:\\\/\\\/malmokonsthall.se\\\/en\\\/\",\"name\":\"Malm\u00f6 Konsthall\",\"description\":\"\",\"publisher\":{\"@id\":\"https:\\\/\\\/malmokonsthall.se\\\/en\\\/#organization\"},\"potentialAction\":[{\"@type\":\"SearchAction\",\"target\":{\"@type\":\"EntryPoint\",\"urlTemplate\":\"https:\\\/\\\/malmokonsthall.se\\\/en\\\/?s={search_term_string}\"},\"query-input\":{\"@type\":\"PropertyValueSpecification\",\"valueRequired\":true,\"valueName\":\"search_term_string\"}}],\"inLanguage\":\"en-US\"},{\"@type\":\"Organization\",\"@id\":\"https:\\\/\\\/malmokonsthall.se\\\/en\\\/#organization\",\"name\":\"Malm\u00f6 Konsthall\",\"url\":\"https:\\\/\\\/malmokonsthall.se\\\/en\\\/\",\"logo\":{\"@type\":\"ImageObject\",\"inLanguage\":\"en-US\",\"@id\":\"https:\\\/\\\/malmokonsthall.se\\\/en\\\/#\\\/schema\\\/logo\\\/image\\\/\",\"url\":\"https:\\\/\\\/malmokonsthall.se\\\/wp-content\\\/uploads\\\/2021\\\/09\\\/MK-logga-red.png\",\"contentUrl\":\"https:\\\/\\\/malmokonsthall.se\\\/wp-content\\\/uploads\\\/2021\\\/09\\\/MK-logga-red.png\",\"width\":672,\"height\":60,\"caption\":\"Malm\u00f6 Konsthall\"},\"image\":{\"@id\":\"https:\\\/\\\/malmokonsthall.se\\\/en\\\/#\\\/schema\\\/logo\\\/image\\\/\"}}]}<\/script>\n<!-- \/ Yoast SEO Premium plugin. -->","yoast_head_json":{"title":"Preschool & school - Malm\u00f6 Konsthall","description":"Malm\u00f6 Konsthall offers free dialogue-based viewings for preschools, primary and secondary school classes within Malm\u00f6 municipality. Book school visits here.","robots":{"index":"index","follow":"follow","max-snippet":"max-snippet:-1","max-image-preview":"max-image-preview:large","max-video-preview":"max-video-preview:-1"},"canonical":"https:\/\/malmokonsthall.se\/en\/preschool-school\/","og_locale":"en_US","og_type":"article","og_title":"Preschool & school - Malm\u00f6 Konsthall","og_description":"Malm\u00f6 Konsthall offers free dialogue-based viewings for preschools, primary and secondary school classes within Malm\u00f6 municipality. Book school visits here.","og_url":"https:\/\/malmokonsthall.se\/en\/preschool-school\/","og_site_name":"Malm\u00f6 Konsthall","article_modified_time":"2026-01-15T12:45:31+00:00","og_image":[{"width":1440,"height":1100,"url":"https:\/\/malmokonsthall.se\/wp-content\/uploads\/2022\/09\/35516B39-D407-4989-8D15-9C73A2A1FF35.jpg","type":"image\/jpeg"}],"twitter_card":"summary_large_image","schema":{"@context":"https:\/\/schema.org","@graph":[{"@type":"WebPage","@id":"https:\/\/malmokonsthall.se\/en\/preschool-school\/","url":"https:\/\/malmokonsthall.se\/en\/preschool-school\/","name":"Preschool & school - Malm\u00f6 Konsthall","isPartOf":{"@id":"https:\/\/malmokonsthall.se\/en\/#website"},"primaryImageOfPage":{"@id":"https:\/\/malmokonsthall.se\/en\/preschool-school\/#primaryimage"},"image":{"@id":"https:\/\/malmokonsthall.se\/en\/preschool-school\/#primaryimage"},"thumbnailUrl":"https:\/\/malmokonsthall.se\/wp-content\/uploads\/2022\/09\/35516B39-D407-4989-8D15-9C73A2A1FF35.jpg","datePublished":"2026-01-15T12:45:27+00:00","dateModified":"2026-01-15T12:45:31+00:00","description":"Malm\u00f6 Konsthall offers free dialogue-based viewings for preschools, primary and secondary school classes within Malm\u00f6 municipality. Book school visits here.","breadcrumb":{"@id":"https:\/\/malmokonsthall.se\/en\/preschool-school\/#breadcrumb"},"inLanguage":"en-US","potentialAction":[{"@type":"ReadAction","target":["https:\/\/malmokonsthall.se\/en\/preschool-school\/"]}]},{"@type":"ImageObject","inLanguage":"en-US","@id":"https:\/\/malmokonsthall.se\/en\/preschool-school\/#primaryimage","url":"https:\/\/malmokonsthall.se\/wp-content\/uploads\/2022\/09\/35516B39-D407-4989-8D15-9C73A2A1FF35.jpg","contentUrl":"https:\/\/malmokonsthall.se\/wp-content\/uploads\/2022\/09\/35516B39-D407-4989-8D15-9C73A2A1FF35.jpg","width":1440,"height":1100,"caption":"\u00d6gon-Blickar\/New Media 1 1975 Fred Forest och Jean Paul Gette"},{"@type":"BreadcrumbList","@id":"https:\/\/malmokonsthall.se\/en\/preschool-school\/#breadcrumb","itemListElement":[{"@type":"ListItem","position":1,"name":"Hem","item":"https:\/\/malmokonsthall.se\/en\/"},{"@type":"ListItem","position":2,"name":"Preschool &#038; school"}]},{"@type":"WebSite","@id":"https:\/\/malmokonsthall.se\/en\/#website","url":"https:\/\/malmokonsthall.se\/en\/","name":"Malm\u00f6 Konsthall","description":"","publisher":{"@id":"https:\/\/malmokonsthall.se\/en\/#organization"},"potentialAction":[{"@type":"SearchAction","target":{"@type":"EntryPoint","urlTemplate":"https:\/\/malmokonsthall.se\/en\/?s={search_term_string}"},"query-input":{"@type":"PropertyValueSpecification","valueRequired":true,"valueName":"search_term_string"}}],"inLanguage":"en-US"},{"@type":"Organization","@id":"https:\/\/malmokonsthall.se\/en\/#organization","name":"Malm\u00f6 Konsthall","url":"https:\/\/malmokonsthall.se\/en\/","logo":{"@type":"ImageObject","inLanguage":"en-US","@id":"https:\/\/malmokonsthall.se\/en\/#\/schema\/logo\/image\/","url":"https:\/\/malmokonsthall.se\/wp-content\/uploads\/2021\/09\/MK-logga-red.png","contentUrl":"https:\/\/malmokonsthall.se\/wp-content\/uploads\/2021\/09\/MK-logga-red.png","width":672,"height":60,"caption":"Malm\u00f6 Konsthall"},"image":{"@id":"https:\/\/malmokonsthall.se\/en\/#\/schema\/logo\/image\/"}}]}},"ticketed":false,"_links":{"self":[{"href":"https:\/\/malmokonsthall.se\/en\/wp-json\/wp\/v2\/pages\/43613","targetHints":{"allow":["GET"]}}],"collection":[{"href":"https:\/\/malmokonsthall.se\/en\/wp-json\/wp\/v2\/pages"}],"about":[{"href":"https:\/\/malmokonsthall.se\/en\/wp-json\/wp\/v2\/types\/page"}],"author":[{"embeddable":true,"href":"https:\/\/malmokonsthall.se\/en\/wp-json\/wp\/v2\/users\/11"}],"replies":[{"embeddable":true,"href":"https:\/\/malmokonsthall.se\/en\/wp-json\/wp\/v2\/comments?post=43613"}],"version-history":[{"count":1,"href":"https:\/\/malmokonsthall.se\/en\/wp-json\/wp\/v2\/pages\/43613\/revisions"}],"predecessor-version":[{"id":43614,"href":"https:\/\/malmokonsthall.se\/en\/wp-json\/wp\/v2\/pages\/43613\/revisions\/43614"}],"wp:featuredmedia":[{"embeddable":true,"href":"https:\/\/malmokonsthall.se\/en\/wp-json\/wp\/v2\/media\/18809"}],"wp:attachment":[{"href":"https:\/\/malmokonsthall.se\/en\/wp-json\/wp\/v2\/media?parent=43613"}],"curies":[{"name":"wp","href":"https:\/\/api.w.org\/{rel}","templated":true}]}}