{"id":43540,"date":"2026-01-14T10:01:31","date_gmt":"2026-01-14T09:01:31","guid":{"rendered":"https:\/\/malmokonsthall.se\/hire-a-venue\/"},"modified":"2026-03-05T15:43:41","modified_gmt":"2026-03-05T14:43:41","slug":"hire-a-venue","status":"publish","type":"page","link":"https:\/\/malmokonsthall.se\/en\/hire-a-venue\/","title":{"rendered":"Hire a venue"},"content":{"rendered":"\n<figure class=\"wp-block-image size-large is-style-default\"><img loading=\"lazy\" decoding=\"async\" width=\"1024\" height=\"576\" src=\"https:\/\/malmokonsthall.se\/wp-content\/uploads\/2025\/10\/Malmo-Konsthall-Drone-November-6-min-1024x576.jpg\" alt=\"The art hall photographed from the air, showing the light chase on the roof. Behind the art hall, a church and a tall office building are visible.\" class=\"wp-image-42153\" srcset=\"https:\/\/malmokonsthall.se\/wp-content\/uploads\/2025\/10\/Malmo-Konsthall-Drone-November-6-min-1024x576.jpg 1024w, https:\/\/malmokonsthall.se\/wp-content\/uploads\/2025\/10\/Malmo-Konsthall-Drone-November-6-min-300x169.jpg 300w, https:\/\/malmokonsthall.se\/wp-content\/uploads\/2025\/10\/Malmo-Konsthall-Drone-November-6-min-768x432.jpg 768w, https:\/\/malmokonsthall.se\/wp-content\/uploads\/2025\/10\/Malmo-Konsthall-Drone-November-6-min-1536x864.jpg 1536w, https:\/\/malmokonsthall.se\/wp-content\/uploads\/2025\/10\/Malmo-Konsthall-Drone-November-6-min-2048x1152.jpg 2048w\" sizes=\"auto, (max-width: 1024px) 100vw, 1024px\" \/><figcaption class=\"wp-element-caption\">Photo: Markus Bengtsson<\/figcaption><\/figure>\n\n<div class=\"wp-block-group is-style-page-margin\"><div class=\"wp-block-group__inner-container is-layout-flow wp-block-group-is-layout-flow\">\n<h1 class=\"wp-block-heading is-style-heading-article\" id=\"h-hyr-lokal\">Hire a venue<\/h1>\n\n\n\n<div class=\"wp-block-columns is-style-information-column is-layout-flex wp-container-core-columns-is-layout-9d6595d7 wp-block-columns-is-layout-flex\">\n<div class=\"wp-block-column is-layout-flow wp-block-column-is-layout-flow\" style=\"flex-basis:50%\">\n<p>Malm\u00f6 Konsthall is an architectural gem in central Malm\u00f6, located by the Triangeln train station. You can book a meeting room or event space for private events, optionally combined with a guided tour or lunch at Restaurant Smak.<\/p>\n\n\n\n<p class=\"is-style-normal-weight\">Malm\u00f6 Konsthall rents out the Odradek meeting room, which accommodates around twelve people, and the C Hall, which accommodates up to 90 people. Please note that our spaces are not available for public events, only for meetings and private events with invited guests. This is to ensure that external programs are not confused with the art hall\u2019s own public activities.<\/p>\n\n\n\n<h3 class=\"wp-block-heading is-style-body-heading\" id=\"h-bokning\">Bookings<\/h3>\n\n\n\n<p>For booking inquiries, email info.konsthall@malmo.se or the art gallery&#8217;s administrative assistant elizabeth.nasimbwa@malmo.se. Please state the date and time you wish to book, how many people you are, what type of program it is, if you have special needs and if you would like to book a guided tour of the ongoing exhibition with one of our guides. You should receive a response from us within 48 hours. For catering and lunch, contact restaurant Smak at info@restaurangsmak.se or 040 50 50 35.<\/p>\n\n\n\n<div style=\"height:100px\" aria-hidden=\"true\" class=\"wp-block-spacer\"><\/div>\n\n\n\n<div class=\"wp-block-malmo-konsthall-accordion block-accordion-container active\"><button class=\"block-accordion\" type=\"button\" onclick=\"handleAccordianClick(this)\" aria-controls=\"accordion_content_a8fefdea-dc30-4dc9-b8d3-bb01a6ea20aa-1761923270393\" aria-expanded=\"false\" id=\"accordion_content-container_a8fefdea-dc30-4dc9-b8d3-bb01a6ea20aa-1761923270393\" tabindex=\"0\"><span class=\"accordion__title\">Odradek<\/span><svg width=\"14\" height=\"14\" viewBox=\"0 0 14 14\" fill=\"none\" xmlns=\"http:\/\/www.w3.org\/2000\/svg\" class=\"accordion__icon acc_plus\"><path d=\"M14 8H8H6H0V6H6H8H14V8Z\" fill=\"black\" class=\"stroke\"><\/path><path d=\"M6 14L6 8L6 6L6 -8.74228e-08L8 0L8 6L8 8L8 14L6 14Z\" fill=\"black\" class=\"stroke-minus\"><\/path><\/svg><\/button><div class=\"accordion__content\" role=\"region\" id=\"accordion_content_a8fefdea-dc30-4dc9-b8d3-bb01a6ea20aa-1761923270393\" tabindex=\"0\" aria-labelledby=\"accordion_content-container_a8fefdea-dc30-4dc9-b8d3-bb01a6ea20aa-1761923270393\"><div class=\"accordion__text\">\n<p><strong>General<\/strong><\/p>\n\n\n\n<ul class=\"wp-block-list\">\n<li>Capacity: 12 people (room size: 45 square meters)<\/li>\n\n\n\n<li>Equipment: Projector, meeting table with seating for 15 people. No external speakers, just the projector&#8217;s built-in speakers.<\/li>\n\n\n\n<li>Daytime rates: Half day 2,000 SEK, full day 3,000 SEK<\/li>\n\n\n\n<li>Evening rates: 5,000 SEK<\/li>\n<\/ul>\n\n\n\n<p><strong>The prices include:<\/strong>\u00a0<\/p>\n\n\n\n<ul class=\"wp-block-list\">\n<li>Staff to welcome you, and handle opening and closing<\/li>\n\n\n\n<li>Wifi: Malm\u00f6 Konsthall offers the public network City of Malm\u00f6. We always recommend downloading presentations beforehand and not relying entirely on wifi.<\/li>\n<\/ul>\n\n\n\n<p><strong>Prices don\u00b4t include:<\/strong>\u00a0<\/p>\n\n\n\n<ul class=\"wp-block-list\">\n<li>Technical staff available during the event<\/li>\n\n\n\n<li>Contact with restaurant Smak for catering. Contact: info@restaurangsmak.se<\/li>\n<\/ul>\n<\/div><\/div><\/div>\n\n\n\n<div class=\"wp-block-malmo-konsthall-accordion block-accordion-container active\"><button class=\"block-accordion\" type=\"button\" onclick=\"handleAccordianClick(this)\" aria-controls=\"accordion_content_50ee0e01-636b-4312-917c-d42665cd9631-1761922887081\" aria-expanded=\"false\" id=\"accordion_content-container_50ee0e01-636b-4312-917c-d42665cd9631-1761922887081\" tabindex=\"0\"><span class=\"accordion__title\">C-salen<\/span><svg width=\"14\" height=\"14\" viewBox=\"0 0 14 14\" fill=\"none\" xmlns=\"http:\/\/www.w3.org\/2000\/svg\" class=\"accordion__icon acc_plus\"><path d=\"M14 8H8H6H0V6H6H8H14V8Z\" fill=\"black\" class=\"stroke\"><\/path><path d=\"M6 14L6 8L6 6L6 -8.74228e-08L8 0L8 6L8 8L8 14L6 14Z\" fill=\"black\" class=\"stroke-minus\"><\/path><\/svg><\/button><div class=\"accordion__content\" role=\"region\" id=\"accordion_content_50ee0e01-636b-4312-917c-d42665cd9631-1761922887081\" tabindex=\"0\" aria-labelledby=\"accordion_content-container_50ee0e01-636b-4312-917c-d42665cd9631-1761922887081\"><div class=\"accordion__text\">\n<p><strong>General:<\/strong><br\/><\/p>\n\n\n\n<ul class=\"wp-block-list\">\n<li>Capacity: 90 people<\/li>\n\n\n\n<li>Equipment: Projector, seating for 90 people<\/li>\n\n\n\n<li>Daytime rates: Half day 5,000 SEK, full day 9,000 SEK<\/li>\n\n\n\n<li>Evening rates: 14,000 SEK<\/li>\n<\/ul>\n\n\n\n<p><strong>The prices include:<\/strong>\u00a0<\/p>\n\n\n\n<ul class=\"wp-block-list\">\n<li>Staff to welcome you, and handle opening and closing<\/li>\n\n\n\n<li>Microphones: Two handheld microphones, two headset microphones<\/li>\n\n\n\n<li>Wifi: Malm\u00f6 Konsthall offers the public network City of Malm\u00f6. We always recommend downloading presentations beforehand and not relying entirely on wifi.<\/li>\n<\/ul>\n\n\n\n<p><strong>Prices don\u00b4t include:<\/strong>\u00a0<\/p>\n\n\n\n<ul class=\"wp-block-list\">\n<li>Technical staff available during the event<\/li>\n\n\n\n<li>Contact with Smak for catering. Contact Smak at: info@restaurangsmak.se, 040 50 50 35<\/li>\n<\/ul>\n<\/div><\/div><\/div>\n\n\n\n<div style=\"height:100px\" aria-hidden=\"true\" class=\"wp-block-spacer\"><\/div>\n<\/div>\n\n\n\n<div class=\"wp-block-column is-style-information-column is-style-body-text is-layout-flow wp-block-column-is-layout-flow\" style=\"flex-basis:33%\">\n<div class=\"wp-block-group\"><div class=\"wp-block-group__inner-container is-layout-flow wp-block-group-is-layout-flow\">\n<h3 class=\"wp-block-heading\" id=\"h-\"><\/h3>\n\n\n\n<p><\/p>\n\n\n\n<p class=\"is-style-default\"><\/p>\n<\/div><\/div>\n<\/div>\n<\/div>\n<\/div><\/div>\n\n<figure class=\"wp-block-image size-full is-style-margin-right\"><img loading=\"lazy\" decoding=\"async\" width=\"6720\" height=\"4480\" src=\"https:\/\/malmokonsthall.se\/wp-content\/uploads\/2025\/10\/IMG_1439-min.jpg\" alt=\"En evenemangslokal med 90 stolar uppradade. V\u00e4ggarna \u00e4r vita, golvet av tr\u00e4 och i taket h\u00e4nger en projektor.\" class=\"wp-image-42152\" srcset=\"https:\/\/malmokonsthall.se\/wp-content\/uploads\/2025\/10\/IMG_1439-min.jpg 6720w, https:\/\/malmokonsthall.se\/wp-content\/uploads\/2025\/10\/IMG_1439-min-300x200.jpg 300w, https:\/\/malmokonsthall.se\/wp-content\/uploads\/2025\/10\/IMG_1439-min-1024x683.jpg 1024w, https:\/\/malmokonsthall.se\/wp-content\/uploads\/2025\/10\/IMG_1439-min-768x512.jpg 768w, https:\/\/malmokonsthall.se\/wp-content\/uploads\/2025\/10\/IMG_1439-min-1536x1024.jpg 1536w, https:\/\/malmokonsthall.se\/wp-content\/uploads\/2025\/10\/IMG_1439-min-2048x1365.jpg 2048w\" sizes=\"auto, (max-width: 6720px) 100vw, 6720px\" \/><figcaption class=\"wp-element-caption\">C-salen with room for 90 people. Photo: Helene Toresdotter<\/figcaption><\/figure>\n\n<div style=\"height:100px\" aria-hidden=\"true\" class=\"wp-block-spacer\"><\/div>\n\n<figure class=\"wp-block-image size-full is-style-margin-left-large\"><img loading=\"lazy\" decoding=\"async\" width=\"6670\" height=\"4447\" src=\"https:\/\/malmokonsthall.se\/wp-content\/uploads\/2025\/10\/IMG_1423-min.jpg\" alt=\"M\u00f6tesrum med tolv svarta stolar, vitt bord i ett ljust rum med n\u00e5gra inramade posters p\u00e5 v\u00e4ggarna.\" class=\"wp-image-42151\" srcset=\"https:\/\/malmokonsthall.se\/wp-content\/uploads\/2025\/10\/IMG_1423-min.jpg 6670w, https:\/\/malmokonsthall.se\/wp-content\/uploads\/2025\/10\/IMG_1423-min-300x200.jpg 300w, https:\/\/malmokonsthall.se\/wp-content\/uploads\/2025\/10\/IMG_1423-min-1024x683.jpg 1024w, https:\/\/malmokonsthall.se\/wp-content\/uploads\/2025\/10\/IMG_1423-min-768x512.jpg 768w, https:\/\/malmokonsthall.se\/wp-content\/uploads\/2025\/10\/IMG_1423-min-1536x1024.jpg 1536w, https:\/\/malmokonsthall.se\/wp-content\/uploads\/2025\/10\/IMG_1423-min-2048x1365.jpg 2048w\" sizes=\"auto, (max-width: 6670px) 100vw, 6670px\" \/><figcaption class=\"wp-element-caption\">The meeting room Odradek with room for about 12 people. Photo: Helene Toresdotter<\/figcaption><\/figure>\n","protected":false},"excerpt":{"rendered":"<p>Meeting in an art environment? With us, you can rent a meeting room or a space for private events.<\/p>\n","protected":false},"author":5,"featured_media":42184,"parent":0,"menu_order":0,"comment_status":"closed","ping_status":"closed","template":"","meta":{"_acf_changed":false,"_tec_requires_first_save":true,"inline_featured_image":false,"_price":"","_stock":"","_tribe_ticket_header":"","_tribe_default_ticket_provider":"","_tribe_ticket_capacity":"0","_ticket_start_date":"","_ticket_end_date":"","_tribe_ticket_show_description":"","_tribe_ticket_show_not_going":false,"_tribe_ticket_use_global_stock":"","_tribe_ticket_global_stock_level":"","_global_stock_mode":"","_global_stock_cap":"","_tribe_rsvp_for_event":"","_tribe_ticket_going_count":"","_tribe_ticket_not_going_count":"","_tribe_tickets_list":"[]","_tribe_ticket_has_attendee_info_fields":false,"_EventAllDay":false,"_EventTimezone":"","_EventStartDate":"","_EventEndDate":"","_EventStartDateUTC":"","_EventEndDateUTC":"","_EventShowMap":false,"_EventShowMapLink":false,"_EventURL":"","_EventCost":"","_EventCostDescription":"","_EventCurrencySymbol":"","_EventCurrencyCode":"","_EventCurrencyPosition":"","_EventDateTimeSeparator":"","_EventTimeRangeSeparator":"","_EventOrganizerID":[],"_EventVenueID":[],"_OrganizerEmail":"","_OrganizerPhone":"","_OrganizerWebsite":"","_VenueAddress":"","_VenueCity":"","_VenueCountry":"","_VenueProvince":"","_VenueState":"","_VenueZip":"","_VenuePhone":"","_VenueURL":"","_VenueStateProvince":"","_VenueLat":"","_VenueLng":"","_VenueShowMap":false,"_VenueShowMapLink":false,"_tribe_blocks_recurrence_rules":"","_tribe_blocks_recurrence_description":"","_tribe_blocks_recurrence_exclusions":"","footnotes":"","_tec_slr_enabled":"","_tec_slr_layout":""},"class_list":["post-43540","page","type-page","status-publish","has-post-thumbnail","hentry"],"acf":[],"yoast_head":"<!-- This site is optimized with the Yoast SEO Premium plugin v23.3 (Yoast SEO v27.3) - https:\/\/yoast.com\/product\/yoast-seo-premium-wordpress\/ -->\n<title>Hire a venue - Malm\u00f6 Konsthall<\/title>\n<meta name=\"description\" content=\"Meeting in an art environment? With us, you can rent a meeting room or a space for private events.\" \/>\n<meta name=\"robots\" content=\"index, follow, max-snippet:-1, max-image-preview:large, max-video-preview:-1\" \/>\n<link rel=\"canonical\" href=\"https:\/\/malmokonsthall.se\/en\/hire-a-venue\/\" \/>\n<meta property=\"og:locale\" content=\"en_US\" \/>\n<meta property=\"og:type\" content=\"article\" \/>\n<meta property=\"og:title\" content=\"Hire a venue - Malm\u00f6 Konsthall\" \/>\n<meta property=\"og:description\" content=\"Meeting in an art environment? With us, you can rent a meeting room or a space for private events.\" \/>\n<meta property=\"og:url\" content=\"https:\/\/malmokonsthall.se\/en\/hire-a-venue\/\" \/>\n<meta property=\"og:site_name\" content=\"Malm\u00f6 Konsthall\" \/>\n<meta property=\"article:modified_time\" content=\"2026-03-05T14:43:41+00:00\" \/>\n<meta property=\"og:image\" content=\"https:\/\/malmokonsthall.se\/wp-content\/uploads\/2025\/10\/Malmo-Konsthall-Drone-November-6-min.jpg\" \/>\n\t<meta property=\"og:image:width\" content=\"3878\" \/>\n\t<meta property=\"og:image:height\" content=\"2181\" \/>\n\t<meta property=\"og:image:type\" content=\"image\/jpeg\" \/>\n<meta name=\"twitter:card\" content=\"summary_large_image\" \/>\n<script type=\"application\/ld+json\" class=\"yoast-schema-graph\">{\"@context\":\"https:\\\/\\\/schema.org\",\"@graph\":[{\"@type\":\"WebPage\",\"@id\":\"https:\\\/\\\/malmokonsthall.se\\\/en\\\/hire-a-venue\\\/\",\"url\":\"https:\\\/\\\/malmokonsthall.se\\\/en\\\/hire-a-venue\\\/\",\"name\":\"Hire a venue - Malm\u00f6 Konsthall\",\"isPartOf\":{\"@id\":\"https:\\\/\\\/malmokonsthall.se\\\/en\\\/#website\"},\"primaryImageOfPage\":{\"@id\":\"https:\\\/\\\/malmokonsthall.se\\\/en\\\/hire-a-venue\\\/#primaryimage\"},\"image\":{\"@id\":\"https:\\\/\\\/malmokonsthall.se\\\/en\\\/hire-a-venue\\\/#primaryimage\"},\"thumbnailUrl\":\"https:\\\/\\\/malmokonsthall.se\\\/wp-content\\\/uploads\\\/2025\\\/10\\\/Malmo-Konsthall-Drone-November-6-min.jpg\",\"datePublished\":\"2026-01-14T09:01:31+00:00\",\"dateModified\":\"2026-03-05T14:43:41+00:00\",\"description\":\"Meeting in an art environment? With us, you can rent a meeting room or a space for private events.\",\"breadcrumb\":{\"@id\":\"https:\\\/\\\/malmokonsthall.se\\\/en\\\/hire-a-venue\\\/#breadcrumb\"},\"inLanguage\":\"en-US\",\"potentialAction\":[{\"@type\":\"ReadAction\",\"target\":[\"https:\\\/\\\/malmokonsthall.se\\\/en\\\/hire-a-venue\\\/\"]}]},{\"@type\":\"ImageObject\",\"inLanguage\":\"en-US\",\"@id\":\"https:\\\/\\\/malmokonsthall.se\\\/en\\\/hire-a-venue\\\/#primaryimage\",\"url\":\"https:\\\/\\\/malmokonsthall.se\\\/wp-content\\\/uploads\\\/2025\\\/10\\\/Malmo-Konsthall-Drone-November-6-min.jpg\",\"contentUrl\":\"https:\\\/\\\/malmokonsthall.se\\\/wp-content\\\/uploads\\\/2025\\\/10\\\/Malmo-Konsthall-Drone-November-6-min.jpg\",\"width\":3878,\"height\":2181,\"caption\":\"Drone image of Malm\u00f6 Konsthall, autumn 2024. Photo: Markus Bengtsson.\"},{\"@type\":\"BreadcrumbList\",\"@id\":\"https:\\\/\\\/malmokonsthall.se\\\/en\\\/hire-a-venue\\\/#breadcrumb\",\"itemListElement\":[{\"@type\":\"ListItem\",\"position\":1,\"name\":\"Hem\",\"item\":\"https:\\\/\\\/malmokonsthall.se\\\/en\\\/\"},{\"@type\":\"ListItem\",\"position\":2,\"name\":\"Hire a venue\"}]},{\"@type\":\"WebSite\",\"@id\":\"https:\\\/\\\/malmokonsthall.se\\\/en\\\/#website\",\"url\":\"https:\\\/\\\/malmokonsthall.se\\\/en\\\/\",\"name\":\"Malm\u00f6 Konsthall\",\"description\":\"\",\"publisher\":{\"@id\":\"https:\\\/\\\/malmokonsthall.se\\\/en\\\/#organization\"},\"potentialAction\":[{\"@type\":\"SearchAction\",\"target\":{\"@type\":\"EntryPoint\",\"urlTemplate\":\"https:\\\/\\\/malmokonsthall.se\\\/en\\\/?s={search_term_string}\"},\"query-input\":{\"@type\":\"PropertyValueSpecification\",\"valueRequired\":true,\"valueName\":\"search_term_string\"}}],\"inLanguage\":\"en-US\"},{\"@type\":\"Organization\",\"@id\":\"https:\\\/\\\/malmokonsthall.se\\\/en\\\/#organization\",\"name\":\"Malm\u00f6 Konsthall\",\"url\":\"https:\\\/\\\/malmokonsthall.se\\\/en\\\/\",\"logo\":{\"@type\":\"ImageObject\",\"inLanguage\":\"en-US\",\"@id\":\"https:\\\/\\\/malmokonsthall.se\\\/en\\\/#\\\/schema\\\/logo\\\/image\\\/\",\"url\":\"https:\\\/\\\/malmokonsthall.se\\\/wp-content\\\/uploads\\\/2021\\\/09\\\/MK-logga-red.png\",\"contentUrl\":\"https:\\\/\\\/malmokonsthall.se\\\/wp-content\\\/uploads\\\/2021\\\/09\\\/MK-logga-red.png\",\"width\":672,\"height\":60,\"caption\":\"Malm\u00f6 Konsthall\"},\"image\":{\"@id\":\"https:\\\/\\\/malmokonsthall.se\\\/en\\\/#\\\/schema\\\/logo\\\/image\\\/\"}}]}<\/script>\n<!-- \/ Yoast SEO Premium plugin. -->","yoast_head_json":{"title":"Hire a venue - Malm\u00f6 Konsthall","description":"Meeting in an art environment? With us, you can rent a meeting room or a space for private events.","robots":{"index":"index","follow":"follow","max-snippet":"max-snippet:-1","max-image-preview":"max-image-preview:large","max-video-preview":"max-video-preview:-1"},"canonical":"https:\/\/malmokonsthall.se\/en\/hire-a-venue\/","og_locale":"en_US","og_type":"article","og_title":"Hire a venue - Malm\u00f6 Konsthall","og_description":"Meeting in an art environment? With us, you can rent a meeting room or a space for private events.","og_url":"https:\/\/malmokonsthall.se\/en\/hire-a-venue\/","og_site_name":"Malm\u00f6 Konsthall","article_modified_time":"2026-03-05T14:43:41+00:00","og_image":[{"width":3878,"height":2181,"url":"https:\/\/malmokonsthall.se\/wp-content\/uploads\/2025\/10\/Malmo-Konsthall-Drone-November-6-min.jpg","type":"image\/jpeg"}],"twitter_card":"summary_large_image","schema":{"@context":"https:\/\/schema.org","@graph":[{"@type":"WebPage","@id":"https:\/\/malmokonsthall.se\/en\/hire-a-venue\/","url":"https:\/\/malmokonsthall.se\/en\/hire-a-venue\/","name":"Hire a venue - Malm\u00f6 Konsthall","isPartOf":{"@id":"https:\/\/malmokonsthall.se\/en\/#website"},"primaryImageOfPage":{"@id":"https:\/\/malmokonsthall.se\/en\/hire-a-venue\/#primaryimage"},"image":{"@id":"https:\/\/malmokonsthall.se\/en\/hire-a-venue\/#primaryimage"},"thumbnailUrl":"https:\/\/malmokonsthall.se\/wp-content\/uploads\/2025\/10\/Malmo-Konsthall-Drone-November-6-min.jpg","datePublished":"2026-01-14T09:01:31+00:00","dateModified":"2026-03-05T14:43:41+00:00","description":"Meeting in an art environment? With us, you can rent a meeting room or a space for private events.","breadcrumb":{"@id":"https:\/\/malmokonsthall.se\/en\/hire-a-venue\/#breadcrumb"},"inLanguage":"en-US","potentialAction":[{"@type":"ReadAction","target":["https:\/\/malmokonsthall.se\/en\/hire-a-venue\/"]}]},{"@type":"ImageObject","inLanguage":"en-US","@id":"https:\/\/malmokonsthall.se\/en\/hire-a-venue\/#primaryimage","url":"https:\/\/malmokonsthall.se\/wp-content\/uploads\/2025\/10\/Malmo-Konsthall-Drone-November-6-min.jpg","contentUrl":"https:\/\/malmokonsthall.se\/wp-content\/uploads\/2025\/10\/Malmo-Konsthall-Drone-November-6-min.jpg","width":3878,"height":2181,"caption":"Drone image of Malm\u00f6 Konsthall, autumn 2024. Photo: Markus Bengtsson."},{"@type":"BreadcrumbList","@id":"https:\/\/malmokonsthall.se\/en\/hire-a-venue\/#breadcrumb","itemListElement":[{"@type":"ListItem","position":1,"name":"Hem","item":"https:\/\/malmokonsthall.se\/en\/"},{"@type":"ListItem","position":2,"name":"Hire a venue"}]},{"@type":"WebSite","@id":"https:\/\/malmokonsthall.se\/en\/#website","url":"https:\/\/malmokonsthall.se\/en\/","name":"Malm\u00f6 Konsthall","description":"","publisher":{"@id":"https:\/\/malmokonsthall.se\/en\/#organization"},"potentialAction":[{"@type":"SearchAction","target":{"@type":"EntryPoint","urlTemplate":"https:\/\/malmokonsthall.se\/en\/?s={search_term_string}"},"query-input":{"@type":"PropertyValueSpecification","valueRequired":true,"valueName":"search_term_string"}}],"inLanguage":"en-US"},{"@type":"Organization","@id":"https:\/\/malmokonsthall.se\/en\/#organization","name":"Malm\u00f6 Konsthall","url":"https:\/\/malmokonsthall.se\/en\/","logo":{"@type":"ImageObject","inLanguage":"en-US","@id":"https:\/\/malmokonsthall.se\/en\/#\/schema\/logo\/image\/","url":"https:\/\/malmokonsthall.se\/wp-content\/uploads\/2021\/09\/MK-logga-red.png","contentUrl":"https:\/\/malmokonsthall.se\/wp-content\/uploads\/2021\/09\/MK-logga-red.png","width":672,"height":60,"caption":"Malm\u00f6 Konsthall"},"image":{"@id":"https:\/\/malmokonsthall.se\/en\/#\/schema\/logo\/image\/"}}]}},"ticketed":false,"_links":{"self":[{"href":"https:\/\/malmokonsthall.se\/en\/wp-json\/wp\/v2\/pages\/43540","targetHints":{"allow":["GET"]}}],"collection":[{"href":"https:\/\/malmokonsthall.se\/en\/wp-json\/wp\/v2\/pages"}],"about":[{"href":"https:\/\/malmokonsthall.se\/en\/wp-json\/wp\/v2\/types\/page"}],"author":[{"embeddable":true,"href":"https:\/\/malmokonsthall.se\/en\/wp-json\/wp\/v2\/users\/5"}],"replies":[{"embeddable":true,"href":"https:\/\/malmokonsthall.se\/en\/wp-json\/wp\/v2\/comments?post=43540"}],"version-history":[{"count":4,"href":"https:\/\/malmokonsthall.se\/en\/wp-json\/wp\/v2\/pages\/43540\/revisions"}],"predecessor-version":[{"id":45225,"href":"https:\/\/malmokonsthall.se\/en\/wp-json\/wp\/v2\/pages\/43540\/revisions\/45225"}],"wp:featuredmedia":[{"embeddable":true,"href":"https:\/\/malmokonsthall.se\/en\/wp-json\/wp\/v2\/media\/42184"}],"wp:attachment":[{"href":"https:\/\/malmokonsthall.se\/en\/wp-json\/wp\/v2\/media?parent=43540"}],"curies":[{"name":"wp","href":"https:\/\/api.w.org\/{rel}","templated":true}]}}