{"id":42500,"date":"2025-11-12T09:39:13","date_gmt":"2025-11-12T08:39:13","guid":{"rendered":"https:\/\/malmokonsthall.se\/restaurant-smak\/"},"modified":"2026-01-15T13:36:54","modified_gmt":"2026-01-15T12:36:54","slug":"restaurant-smak","status":"publish","type":"page","link":"https:\/\/malmokonsthall.se\/en\/restaurant-smak\/","title":{"rendered":"Restaurant SMAK"},"content":{"rendered":"  <nav aria-label=\"Breadcrumb navigation\" class=\"breadcrumbs\" typeof=\"BreadcrumbList\" vocab=\"https:\/\/schema.org\/\">\n      <ol>\n          <li class=\"home\"><span property=\"itemListElement\" typeof=\"ListItem\"><a property=\"item\" typeof=\"WebPage\" title=\"G\u00e5 till Startsidan\" href=\"https:\/\/malmokonsthall.se\/en\/\" class=\"home\" aria-current=\"page\"><span property=\"name\">Start<\/span><\/a><\/span><\/li>\n\n      <\/ol>\n  <\/nav>\n\n<figure class=\"wp-block-image size-large is-style-16-9\"><img loading=\"lazy\" decoding=\"async\" width=\"1024\" height=\"581\" src=\"https:\/\/malmokonsthall.se\/wp-content\/uploads\/2021\/06\/Restaurang-Smak0104-1-1024x581.png\" alt=\"ChatGPT sade:Image of colorful and appetizing vegetarian dishes &#x2014; carrots, red cabbage, and cauliflower &#x2014; at restaurant SMAK.\" class=\"wp-image-504\" srcset=\"https:\/\/malmokonsthall.se\/wp-content\/uploads\/2021\/06\/Restaurang-Smak0104-1-1024x581.png 1024w, https:\/\/malmokonsthall.se\/wp-content\/uploads\/2021\/06\/Restaurang-Smak0104-1-300x170.png 300w, https:\/\/malmokonsthall.se\/wp-content\/uploads\/2021\/06\/Restaurang-Smak0104-1-768x436.png 768w, https:\/\/malmokonsthall.se\/wp-content\/uploads\/2021\/06\/Restaurang-Smak0104-1.png 1440w\" sizes=\"auto, (max-width: 1024px) 100vw, 1024px\" \/><\/figure>\n\n<div class=\"wp-block-group is-style-page-margin\"><div class=\"wp-block-group__inner-container is-layout-flow wp-block-group-is-layout-flow\">\n<h1 class=\"wp-block-heading is-style-heading-article\" id=\"h-restaurang-smak-lunch-ar-konst\">Restaurant SMAK \u2013 Lunch is Art!<\/h1>\n\n\n\n<div style=\"height:60px\" aria-hidden=\"true\" class=\"wp-block-spacer\"><\/div>\n\n\n\n<div class=\"wp-block-columns is-style-information-column is-layout-flex wp-container-core-columns-is-layout-9d6595d7 wp-block-columns-is-layout-flex\">\n<div class=\"wp-block-column is-layout-flow wp-block-column-is-layout-flow\" style=\"flex-basis:50%\">\n<p>Restaurant SMAK is located in \u201cMellanrummet,\u201d next to the Malm\u00f6 Konsthall book shop. Here, lunch of the day is served from 11:30 a.m. to 2:30 p.m., as well as coffee with a pleasant selection of cakes and desserts.<\/p>\n\n\n\n<p>The restaurant\u2019s opening hours often follow Malm\u00f6 Konsthall\u2019s opening hours, but exceptions do occur. For example, SMAK is open on Mondays, when Malm\u00f6 Konsthall is normally closed.<\/p>\n\n\n\n<p>SMAK can also be rented for private groups and events.<\/p>\n\n\n\n<p><a href=\"https:\/\/smak.info\/\">For more information about the restaurant\u2019s opening hours and offerings, visit their website.<\/a><\/p>\n<\/div>\n\n\n\n<div class=\"wp-block-column is-style-information-column is-style-body-text is-layout-flow wp-block-column-is-layout-flow\" style=\"flex-basis:33%\">\n<figure class=\"wp-block-image size-full\"><img loading=\"lazy\" decoding=\"async\" width=\"567\" height=\"620\" src=\"https:\/\/malmokonsthall.se\/wp-content\/uploads\/2025\/11\/IMG_5456.jpg\" alt=\"Entr\u00e9n till Malm\u00f6 Konsthall och restaurang Smak fotograferad utifr\u00e5n St Johannesgatan\" class=\"wp-image-42487\" srcset=\"https:\/\/malmokonsthall.se\/wp-content\/uploads\/2025\/11\/IMG_5456.jpg 567w, https:\/\/malmokonsthall.se\/wp-content\/uploads\/2025\/11\/IMG_5456-274x300.jpg 274w\" sizes=\"auto, (max-width: 567px) 100vw, 567px\" \/><figcaption class=\"wp-element-caption\">Entrance to SMAK from St. Johannesgatan. <br\/>Photo: Helene Toresdotter<\/figcaption><\/figure>\n<\/div>\n<\/div>\n\n\n\n<div class=\"wp-block-columns is-layout-flex wp-container-core-columns-is-layout-9d6595d7 wp-block-columns-is-layout-flex\">\n<div class=\"wp-block-column is-layout-flow wp-block-column-is-layout-flow\">\n<figure class=\"wp-block-image size-large is-style-half-width\"><img loading=\"lazy\" decoding=\"async\" width=\"1024\" height=\"581\" src=\"https:\/\/malmokonsthall.se\/wp-content\/uploads\/2025\/11\/IMG_8186-1024x581.jpg\" alt=\"Restaurang Smak fotograferat fr\u00e5n uteserveringen och in under en dunkel h\u00f6stkv\u00e4ll. Ett s\u00e4llskap sitter samlat i den varmt upplysta lokalen. Det ser gemytligt ut.\" class=\"wp-image-42490\" srcset=\"https:\/\/malmokonsthall.se\/wp-content\/uploads\/2025\/11\/IMG_8186-1024x581.jpg 1024w, https:\/\/malmokonsthall.se\/wp-content\/uploads\/2025\/11\/IMG_8186-300x170.jpg 300w, https:\/\/malmokonsthall.se\/wp-content\/uploads\/2025\/11\/IMG_8186-768x435.jpg 768w, https:\/\/malmokonsthall.se\/wp-content\/uploads\/2025\/11\/IMG_8186.jpg 1134w\" sizes=\"auto, (max-width: 1024px) 100vw, 1024px\" \/><figcaption class=\"wp-element-caption\">SMAK by night \u2014 the outdoor seating and the restaurant in \u201cMellanrummet\u201d. <br\/>Photo: Helene Toresdotter<\/figcaption><\/figure>\n<\/div>\n<\/div>\n<\/div><\/div>\n\n<p><\/p>\n","protected":false},"excerpt":{"rendered":"<p>Restaurant SMAK \u2013 Lunch is Art! Restaurant SMAK is located in \u201cMellanrummet,\u201d next to the Malm\u00f6 Konsthall book shop. Here, lunch of the day is&#8230;<\/p>\n","protected":false},"author":11,"featured_media":0,"parent":0,"menu_order":0,"comment_status":"closed","ping_status":"closed","template":"","meta":{"_acf_changed":false,"_tec_requires_first_save":true,"inline_featured_image":false,"_price":"","_stock":"","_tribe_ticket_header":"","_tribe_default_ticket_provider":"","_tribe_ticket_capacity":"0","_ticket_start_date":"","_ticket_end_date":"","_tribe_ticket_show_description":"","_tribe_ticket_show_not_going":false,"_tribe_ticket_use_global_stock":"","_tribe_ticket_global_stock_level":"","_global_stock_mode":"","_global_stock_cap":"","_tribe_rsvp_for_event":"","_tribe_ticket_going_count":"","_tribe_ticket_not_going_count":"","_tribe_tickets_list":"[]","_tribe_ticket_has_attendee_info_fields":false,"_EventAllDay":false,"_EventTimezone":"","_EventStartDate":"","_EventEndDate":"","_EventStartDateUTC":"","_EventEndDateUTC":"","_EventShowMap":false,"_EventShowMapLink":false,"_EventURL":"","_EventCost":"","_EventCostDescription":"","_EventCurrencySymbol":"","_EventCurrencyCode":"","_EventCurrencyPosition":"","_EventDateTimeSeparator":"","_EventTimeRangeSeparator":"","_EventOrganizerID":[],"_EventVenueID":[],"_OrganizerEmail":"","_OrganizerPhone":"","_OrganizerWebsite":"","_VenueAddress":"","_VenueCity":"","_VenueCountry":"","_VenueProvince":"","_VenueState":"","_VenueZip":"","_VenuePhone":"","_VenueURL":"","_VenueStateProvince":"","_VenueLat":"","_VenueLng":"","_VenueShowMap":false,"_VenueShowMapLink":false,"_tribe_blocks_recurrence_rules":"","_tribe_blocks_recurrence_description":"","_tribe_blocks_recurrence_exclusions":"","footnotes":"","_tec_slr_enabled":"","_tec_slr_layout":""},"class_list":["post-42500","page","type-page","status-publish","hentry"],"acf":[],"yoast_head":"<!-- This site is optimized with the Yoast SEO Premium plugin v23.3 (Yoast SEO v27.3) - https:\/\/yoast.com\/product\/yoast-seo-premium-wordpress\/ -->\n<title>Restaurant SMAK - Malm\u00f6 Konsthall<\/title>\n<meta name=\"description\" content=\"Restaurant SMAK \u2013 Lunch is Art! Restaurant SMAK is located in \u201cMellanrummet,\u201d next to the Malm\u00f6 Konsthall book shop. Here, lunch of the day is served from\" \/>\n<meta name=\"robots\" content=\"index, follow, max-snippet:-1, max-image-preview:large, max-video-preview:-1\" \/>\n<link rel=\"canonical\" href=\"https:\/\/malmokonsthall.se\/en\/restaurant-smak\/\" \/>\n<meta property=\"og:locale\" content=\"en_US\" \/>\n<meta property=\"og:type\" content=\"article\" \/>\n<meta property=\"og:title\" content=\"Restaurant SMAK - Malm\u00f6 Konsthall\" \/>\n<meta property=\"og:description\" content=\"Restaurant SMAK \u2013 Lunch is Art! Restaurant SMAK is located in \u201cMellanrummet,\u201d next to the Malm\u00f6 Konsthall book shop. Here, lunch of the day is served from\" \/>\n<meta property=\"og:url\" content=\"https:\/\/malmokonsthall.se\/en\/restaurant-smak\/\" \/>\n<meta property=\"og:site_name\" content=\"Malm\u00f6 Konsthall\" \/>\n<meta property=\"article:modified_time\" content=\"2026-01-15T12:36:54+00:00\" \/>\n<meta property=\"og:image\" content=\"https:\/\/malmokonsthall.se\/wp-content\/uploads\/2021\/06\/Restaurang-Smak0104-1-1024x581.png\" \/>\n\t<meta property=\"og:image:width\" content=\"1024\" \/>\n\t<meta property=\"og:image:height\" content=\"581\" \/>\n\t<meta property=\"og:image:type\" content=\"image\/png\" \/>\n<meta name=\"twitter:card\" content=\"summary_large_image\" \/>\n<script type=\"application\/ld+json\" class=\"yoast-schema-graph\">{\"@context\":\"https:\\\/\\\/schema.org\",\"@graph\":[{\"@type\":\"WebPage\",\"@id\":\"https:\\\/\\\/malmokonsthall.se\\\/en\\\/restaurant-smak\\\/\",\"url\":\"https:\\\/\\\/malmokonsthall.se\\\/en\\\/restaurant-smak\\\/\",\"name\":\"Restaurant SMAK - Malm\u00f6 Konsthall\",\"isPartOf\":{\"@id\":\"https:\\\/\\\/malmokonsthall.se\\\/en\\\/#website\"},\"primaryImageOfPage\":{\"@id\":\"https:\\\/\\\/malmokonsthall.se\\\/en\\\/restaurant-smak\\\/#primaryimage\"},\"image\":{\"@id\":\"https:\\\/\\\/malmokonsthall.se\\\/en\\\/restaurant-smak\\\/#primaryimage\"},\"thumbnailUrl\":\"https:\\\/\\\/malmokonsthall.se\\\/wp-content\\\/uploads\\\/2021\\\/06\\\/Restaurang-Smak0104-1-1024x581.png\",\"datePublished\":\"2025-11-12T08:39:13+00:00\",\"dateModified\":\"2026-01-15T12:36:54+00:00\",\"description\":\"Restaurant SMAK \u2013 Lunch is Art! Restaurant SMAK is located in \u201cMellanrummet,\u201d next to the Malm\u00f6 Konsthall book shop. Here, lunch of the day is served from\",\"breadcrumb\":{\"@id\":\"https:\\\/\\\/malmokonsthall.se\\\/en\\\/restaurant-smak\\\/#breadcrumb\"},\"inLanguage\":\"en-US\",\"potentialAction\":[{\"@type\":\"ReadAction\",\"target\":[\"https:\\\/\\\/malmokonsthall.se\\\/en\\\/restaurant-smak\\\/\"]}]},{\"@type\":\"ImageObject\",\"inLanguage\":\"en-US\",\"@id\":\"https:\\\/\\\/malmokonsthall.se\\\/en\\\/restaurant-smak\\\/#primaryimage\",\"url\":\"https:\\\/\\\/malmokonsthall.se\\\/wp-content\\\/uploads\\\/2021\\\/06\\\/Restaurang-Smak0104-1-1024x581.png\",\"contentUrl\":\"https:\\\/\\\/malmokonsthall.se\\\/wp-content\\\/uploads\\\/2021\\\/06\\\/Restaurang-Smak0104-1-1024x581.png\"},{\"@type\":\"BreadcrumbList\",\"@id\":\"https:\\\/\\\/malmokonsthall.se\\\/en\\\/restaurant-smak\\\/#breadcrumb\",\"itemListElement\":[{\"@type\":\"ListItem\",\"position\":1,\"name\":\"Hem\",\"item\":\"https:\\\/\\\/malmokonsthall.se\\\/en\\\/\"},{\"@type\":\"ListItem\",\"position\":2,\"name\":\"Restaurant SMAK\"}]},{\"@type\":\"WebSite\",\"@id\":\"https:\\\/\\\/malmokonsthall.se\\\/en\\\/#website\",\"url\":\"https:\\\/\\\/malmokonsthall.se\\\/en\\\/\",\"name\":\"Malm\u00f6 Konsthall\",\"description\":\"\",\"publisher\":{\"@id\":\"https:\\\/\\\/malmokonsthall.se\\\/en\\\/#organization\"},\"potentialAction\":[{\"@type\":\"SearchAction\",\"target\":{\"@type\":\"EntryPoint\",\"urlTemplate\":\"https:\\\/\\\/malmokonsthall.se\\\/en\\\/?s={search_term_string}\"},\"query-input\":{\"@type\":\"PropertyValueSpecification\",\"valueRequired\":true,\"valueName\":\"search_term_string\"}}],\"inLanguage\":\"en-US\"},{\"@type\":\"Organization\",\"@id\":\"https:\\\/\\\/malmokonsthall.se\\\/en\\\/#organization\",\"name\":\"Malm\u00f6 Konsthall\",\"url\":\"https:\\\/\\\/malmokonsthall.se\\\/en\\\/\",\"logo\":{\"@type\":\"ImageObject\",\"inLanguage\":\"en-US\",\"@id\":\"https:\\\/\\\/malmokonsthall.se\\\/en\\\/#\\\/schema\\\/logo\\\/image\\\/\",\"url\":\"https:\\\/\\\/malmokonsthall.se\\\/wp-content\\\/uploads\\\/2021\\\/09\\\/MK-logga-red.png\",\"contentUrl\":\"https:\\\/\\\/malmokonsthall.se\\\/wp-content\\\/uploads\\\/2021\\\/09\\\/MK-logga-red.png\",\"width\":672,\"height\":60,\"caption\":\"Malm\u00f6 Konsthall\"},\"image\":{\"@id\":\"https:\\\/\\\/malmokonsthall.se\\\/en\\\/#\\\/schema\\\/logo\\\/image\\\/\"}}]}<\/script>\n<!-- \/ Yoast SEO Premium plugin. -->","yoast_head_json":{"title":"Restaurant SMAK - Malm\u00f6 Konsthall","description":"Restaurant SMAK \u2013 Lunch is Art! Restaurant SMAK is located in \u201cMellanrummet,\u201d next to the Malm\u00f6 Konsthall book shop. Here, lunch of the day is served from","robots":{"index":"index","follow":"follow","max-snippet":"max-snippet:-1","max-image-preview":"max-image-preview:large","max-video-preview":"max-video-preview:-1"},"canonical":"https:\/\/malmokonsthall.se\/en\/restaurant-smak\/","og_locale":"en_US","og_type":"article","og_title":"Restaurant SMAK - Malm\u00f6 Konsthall","og_description":"Restaurant SMAK \u2013 Lunch is Art! Restaurant SMAK is located in \u201cMellanrummet,\u201d next to the Malm\u00f6 Konsthall book shop. Here, lunch of the day is served from","og_url":"https:\/\/malmokonsthall.se\/en\/restaurant-smak\/","og_site_name":"Malm\u00f6 Konsthall","article_modified_time":"2026-01-15T12:36:54+00:00","og_image":[{"width":1024,"height":581,"url":"https:\/\/malmokonsthall.se\/wp-content\/uploads\/2021\/06\/Restaurang-Smak0104-1-1024x581.png","type":"image\/png"}],"twitter_card":"summary_large_image","schema":{"@context":"https:\/\/schema.org","@graph":[{"@type":"WebPage","@id":"https:\/\/malmokonsthall.se\/en\/restaurant-smak\/","url":"https:\/\/malmokonsthall.se\/en\/restaurant-smak\/","name":"Restaurant SMAK - Malm\u00f6 Konsthall","isPartOf":{"@id":"https:\/\/malmokonsthall.se\/en\/#website"},"primaryImageOfPage":{"@id":"https:\/\/malmokonsthall.se\/en\/restaurant-smak\/#primaryimage"},"image":{"@id":"https:\/\/malmokonsthall.se\/en\/restaurant-smak\/#primaryimage"},"thumbnailUrl":"https:\/\/malmokonsthall.se\/wp-content\/uploads\/2021\/06\/Restaurang-Smak0104-1-1024x581.png","datePublished":"2025-11-12T08:39:13+00:00","dateModified":"2026-01-15T12:36:54+00:00","description":"Restaurant SMAK \u2013 Lunch is Art! Restaurant SMAK is located in \u201cMellanrummet,\u201d next to the Malm\u00f6 Konsthall book shop. Here, lunch of the day is served from","breadcrumb":{"@id":"https:\/\/malmokonsthall.se\/en\/restaurant-smak\/#breadcrumb"},"inLanguage":"en-US","potentialAction":[{"@type":"ReadAction","target":["https:\/\/malmokonsthall.se\/en\/restaurant-smak\/"]}]},{"@type":"ImageObject","inLanguage":"en-US","@id":"https:\/\/malmokonsthall.se\/en\/restaurant-smak\/#primaryimage","url":"https:\/\/malmokonsthall.se\/wp-content\/uploads\/2021\/06\/Restaurang-Smak0104-1-1024x581.png","contentUrl":"https:\/\/malmokonsthall.se\/wp-content\/uploads\/2021\/06\/Restaurang-Smak0104-1-1024x581.png"},{"@type":"BreadcrumbList","@id":"https:\/\/malmokonsthall.se\/en\/restaurant-smak\/#breadcrumb","itemListElement":[{"@type":"ListItem","position":1,"name":"Hem","item":"https:\/\/malmokonsthall.se\/en\/"},{"@type":"ListItem","position":2,"name":"Restaurant SMAK"}]},{"@type":"WebSite","@id":"https:\/\/malmokonsthall.se\/en\/#website","url":"https:\/\/malmokonsthall.se\/en\/","name":"Malm\u00f6 Konsthall","description":"","publisher":{"@id":"https:\/\/malmokonsthall.se\/en\/#organization"},"potentialAction":[{"@type":"SearchAction","target":{"@type":"EntryPoint","urlTemplate":"https:\/\/malmokonsthall.se\/en\/?s={search_term_string}"},"query-input":{"@type":"PropertyValueSpecification","valueRequired":true,"valueName":"search_term_string"}}],"inLanguage":"en-US"},{"@type":"Organization","@id":"https:\/\/malmokonsthall.se\/en\/#organization","name":"Malm\u00f6 Konsthall","url":"https:\/\/malmokonsthall.se\/en\/","logo":{"@type":"ImageObject","inLanguage":"en-US","@id":"https:\/\/malmokonsthall.se\/en\/#\/schema\/logo\/image\/","url":"https:\/\/malmokonsthall.se\/wp-content\/uploads\/2021\/09\/MK-logga-red.png","contentUrl":"https:\/\/malmokonsthall.se\/wp-content\/uploads\/2021\/09\/MK-logga-red.png","width":672,"height":60,"caption":"Malm\u00f6 Konsthall"},"image":{"@id":"https:\/\/malmokonsthall.se\/en\/#\/schema\/logo\/image\/"}}]}},"ticketed":false,"_links":{"self":[{"href":"https:\/\/malmokonsthall.se\/en\/wp-json\/wp\/v2\/pages\/42500","targetHints":{"allow":["GET"]}}],"collection":[{"href":"https:\/\/malmokonsthall.se\/en\/wp-json\/wp\/v2\/pages"}],"about":[{"href":"https:\/\/malmokonsthall.se\/en\/wp-json\/wp\/v2\/types\/page"}],"author":[{"embeddable":true,"href":"https:\/\/malmokonsthall.se\/en\/wp-json\/wp\/v2\/users\/11"}],"replies":[{"embeddable":true,"href":"https:\/\/malmokonsthall.se\/en\/wp-json\/wp\/v2\/comments?post=42500"}],"version-history":[{"count":8,"href":"https:\/\/malmokonsthall.se\/en\/wp-json\/wp\/v2\/pages\/42500\/revisions"}],"predecessor-version":[{"id":43606,"href":"https:\/\/malmokonsthall.se\/en\/wp-json\/wp\/v2\/pages\/42500\/revisions\/43606"}],"wp:attachment":[{"href":"https:\/\/malmokonsthall.se\/en\/wp-json\/wp\/v2\/media?parent=42500"}],"curies":[{"name":"wp","href":"https:\/\/api.w.org\/{rel}","templated":true}]}}