{"id":30169,"date":"2023-10-18T14:02:04","date_gmt":"2023-10-18T12:02:04","guid":{"rendered":"https:\/\/malmokonsthall.se\/exhibitions-konstlyftet\/"},"modified":"2026-01-14T09:26:30","modified_gmt":"2026-01-14T08:26:30","slug":"exhibitions-konstlyftet","status":"publish","type":"page","link":"https:\/\/malmokonsthall.se\/en\/exhibitions-konstlyftet\/","title":{"rendered":"Exhibitions Konstlyftet"},"content":{"rendered":"  <nav aria-label=\"Breadcrumb navigation\" class=\"breadcrumbs\" typeof=\"BreadcrumbList\" vocab=\"https:\/\/schema.org\/\">\n      <ol>\n          <li class=\"home\"><span property=\"itemListElement\" typeof=\"ListItem\"><a property=\"item\" typeof=\"WebPage\" title=\"G\u00e5 till Startsidan\" href=\"https:\/\/malmokonsthall.se\/en\/\" class=\"home\" aria-current=\"page\"><span property=\"name\">Start<\/span><\/a><\/span><\/li>\n\n      <\/ol>\n  <\/nav>\n\n<figure class=\"wp-block-image size-full is-style-half-width\"><img loading=\"lazy\" decoding=\"async\" width=\"3024\" height=\"2322\" src=\"https:\/\/malmokonsthall.se\/wp-content\/uploads\/2026\/01\/Konstlyftet-utstallning-Verkstan.jpg\" alt=\"\" class=\"wp-image-43514\" srcset=\"https:\/\/malmokonsthall.se\/wp-content\/uploads\/2026\/01\/Konstlyftet-utstallning-Verkstan.jpg 3024w, https:\/\/malmokonsthall.se\/wp-content\/uploads\/2026\/01\/Konstlyftet-utstallning-Verkstan-300x230.jpg 300w, https:\/\/malmokonsthall.se\/wp-content\/uploads\/2026\/01\/Konstlyftet-utstallning-Verkstan-1024x786.jpg 1024w, https:\/\/malmokonsthall.se\/wp-content\/uploads\/2026\/01\/Konstlyftet-utstallning-Verkstan-768x590.jpg 768w, https:\/\/malmokonsthall.se\/wp-content\/uploads\/2026\/01\/Konstlyftet-utstallning-Verkstan-1536x1179.jpg 1536w, https:\/\/malmokonsthall.se\/wp-content\/uploads\/2026\/01\/Konstlyftet-utstallning-Verkstan-2048x1573.jpg 2048w\" sizes=\"auto, (max-width: 3024px) 100vw, 3024px\" \/><figcaption class=\"wp-element-caption\">Every year two Konstlyftet exhibitions are shown in The Workshop.<\/figcaption><\/figure>\n\n<div class=\"wp-block-group is-style-page-margin\"><div class=\"wp-block-group__inner-container is-layout-flow wp-block-group-is-layout-flow\">\n<h1 class=\"wp-block-heading is-style-heading-article\" id=\"h-utstallningar-konstlyftet\">Exhibitions Konstlyftet<\/h1>\n\n\n\n<div style=\"height:45px\" aria-hidden=\"true\" class=\"wp-block-spacer\"><\/div>\n\n\n\n<div class=\"wp-block-columns is-style-information-column is-layout-flex wp-container-core-columns-is-layout-9d6595d7 wp-block-columns-is-layout-flex\">\n<div class=\"wp-block-column is-layout-flow wp-block-column-is-layout-flow\" style=\"flex-basis:50%\">\n<p>Since the beginning, Konstlyftet has engaged several hundred participants, many project-leading artists and have resulted in many exhibitions both at Malm\u00f6 Konsthall and other locations in Malm\u00f6. <\/p>\n\n\n\n<h3 class=\"wp-block-heading is-style-body-heading\" id=\"h-vi-minns-och-vi-glommer-aldrig-2025\">We remember and we never forget (2025)<\/h3>\n\n\n\n<p>Verkstan, Malm\u00f6 Konsthall<br\/>Artistic direction: Max Avasoo<br\/>Artists: Mi Lompolo Nilsson, Linus, Ali Dergham, Stig Edvardsson, Eva Enoksen, Pontus Helming, Axel Roos, Gunlaug Nilsen, Peter Frejd, Majlinda Hatashi, Samuel Nilsson.\u00a0<br\/><a href=\"https:\/\/malmokonsthall.se\/en\/utstallningar\/konstlyftet-vi-minns-och-glommer-aldrig\/\">Till utst\u00e4llningen<\/a><\/p>\n\n\n\n<h3 class=\"wp-block-heading is-style-body-heading\" id=\"h-nu-har-jag-det-2025\">I\u00b4ve got it now! (2025)<\/h3>\n\n\n\n<p>The Workshop, Malm\u00f6 Konsthall<br\/>Artistic direction: Max Avasoo<br\/>Artists: Alexandra Pofantis, P\u00e4ttersson, Mi Lompolo Nilsson, Pia Nilsson, Aleksandra Sildevall, J\u00f6rgen J\u00f6nsson, Haval-Al-Hussein, Desta Kelemwork, Carlos Ivan Martinez Moreno, Aida.\u00a0<br\/><a href=\"https:\/\/malmokonsthall.se\/utstallningar\/konstlyftet-nu-har-jag-det\/\">To the exhibition<\/a><\/p>\n\n\n\n<h3 class=\"wp-block-heading is-style-body-heading\" id=\"h-vi-kan-gora-nagot-at-det-2024\">We can do something about it (2024)<br\/><\/h3>\n\n\n\n<p>The Workshop, Malm\u00f6 Konsthall<br\/>Artistic direction: Max Avasoo<br\/>Artists: Michel Kazarian, Annelie Roos, Dina Al Hadj, Sakar Abdullah, Mohamoud Boss, Eva Enoksen, Aida, \u00c5, Andreas Sielski, Olivia Savson Ranisavljevic, Tabasum Azimi, Hazar Seif &amp; Kristoffer P\u00e5lsson<br\/><a href=\"https:\/\/malmokonsthall.se\/en\/utstallningar\/we-can-do-something-about-it\/\">To the exhibition<\/a><\/p>\n\n\n\n<h3 class=\"wp-block-heading is-style-body-heading\" id=\"h-all-tid-i-var-varld-2024\">All the Time in our World (2024)<br\/><\/h3>\n\n\n\n<p>The Workshop, Malm\u00f6 Konsthall<br\/>Artistic direction: Max Avasoo<br\/>Artists: Majlinda Hatashi, Patrik, Emma Milenkovic, Jonathan Alm, Niklas Andersson, Mustafe Sheikh \u2013 Osman, Ibrahim Fakhro, Marie-Louise Book, Amela Veljiji, Aida, Sofia Hui Van &amp; EBES<br\/><a href=\"https:\/\/malmokonsthall.se\/en\/utstallningar\/konstlyftet-all-the-time-in-our-world\/\">To the exhibition<\/a><\/p>\n\n\n\n<h3 class=\"wp-block-heading is-style-body-heading\" id=\"h-memory-intensa-2023\">Memory Intensa (2023)<\/h3>\n\n\n\n<p>The Workshop, Malm\u00f6 Konsthall<br\/>Artistic direction: Max Avasoo<br\/>Artists: Emma Bengtsson, Kerstin Berg, Mahdi Jama, Lisbeth Johansson, Anja L\u00f6fgren, Linn\u00e9a Persson, Marino Satalic &amp; Olle Trottestam <br\/><a href=\"https:\/\/malmokonsthall.se\/en\/utstallningar\/konstlyftet-memory-intensa\/\">To the exhibition<\/a><\/p>\n\n\n\n<h3 class=\"wp-block-heading is-style-body-heading\" id=\"h-detta-ar-inte-en-groda-2023\"><strong><a href=\"https:\/\/malmokonsthall.se\/en\/utstallningar\/detta-ar-inte-en-groda\/\">This is not a frog (2023)<\/a><\/strong><\/h3>\n\n\n\n<p>The Workshop, Malm\u00f6 Konsthall<br\/>Artistic direction: Max Avasoo<br\/>Artists: Annelie Roos, Eugen Yao, Elif Eser, Blago Bosevski, Luis Gil, Sakar Abdullah, Susanne Hansson , Ali Reza, Emma Bengtsson &amp;\u00a0Iris Taylor <br\/><a href=\"https:\/\/malmokonsthall.se\/en\/utstallningar\/detta-ar-inte-en-groda\/\">To the exhibition<\/a><\/p>\n\n\n\n<h3 class=\"wp-block-heading is-style-body-heading\" id=\"h-kvadrat-upphojt-till-tio-nbsp-2022\">Square raised to ten\u00a0(2022)<\/h3>\n\n\n\n<p>The Workshop, Malm\u00f6 Konsthall<br\/>Artistic direction: Max Avasoo<br\/>Artists: Erik L\u00f6hnn, Jimmy J\u00f6nsson, Baneen Habas, Maria, Artylife,\u00a0Kristian dos Santos Gon\u00e7alves, Stig Edvardsson, Renathe Sandgren, Emma Bengtsson &amp; Anna J\u00f6nsson<br\/><a href=\"https:\/\/malmokonsthall.se\/en\/?post_type=program&amp;p=19479\/\">To the exhibition<\/a><\/p>\n\n\n\n<h3 class=\"wp-block-heading is-style-body-heading\" id=\"h-kvadrat-upphojt-till-tolv-nbsp-2022\">Square raised to twelve\u00a0(2022)<\/h3>\n\n\n\n<p>The Workshop, Malm\u00f6 Konsthall<br\/>Artistic direction: Max Avasoo<br\/>Konstn\u00e4rer: Johanna S\u00f6derlindh, Patrik, Sebastian Dawkins, Michael Hedvall, Sanna Ringstr\u00f6m, Kristina Jarestig, Tatjana S\u00e4\u00e4f, Tommy Andersson, Katharina Tuunanen, Claes Westholm, Kicki &amp; Elin <br\/><a href=\"https:\/\/malmokonsthall.se\/en\/?post_type=program&amp;p=17430\/\">To the exhibition<\/a><\/p>\n\n\n\n<h3 class=\"wp-block-heading is-style-body-heading\" id=\"h-berg-snackor-och-binara-tal-2021\">Mountains, shells and binary numbers<\/h3>\n\n\n\n<p>The Workshop, Malm\u00f6 Konsthall<br\/>Artistic direction: Nina Jensen<br\/>Artists: Johanna S\u00f6derlindh, Patrik, Sebastian Dawkins, Michael Hedvall, Sanna Ringstr\u00f6m, Kim Nilsson, Emma Bengtsson, Richard Hansen, Patrik, Eva Andersson, Tatjana S\u00e4\u00e4f, Tommy Andersson S\u00e4\u00e4f,\u00a0Claes Westholm, Eva Liljevi, Ingalill Andersson, Thorwald Persson, Jeanette, Marie-Louise Book, Lotta &amp; Erik L\u00f6hnn<br\/><a href=\"https:\/\/malmokonsthall.se\/en\/evenemangs\/konstlyftet-mountains-seashells-and-binary-numbers\/\">To the exhibition<\/a><\/p>\n\n\n\n<h3 class=\"wp-block-heading is-style-body-heading\" id=\"h-inuti-2019\">Inside (2019)<\/h3>\n\n\n\n<p>The Workshop, Malm\u00f6 Konsthall<br\/>Artistic direction: Matteo Rosa, Eva Hejdstr\u00f6m<br\/>Artists from Passagen DV, Valborg DV<br\/><a href=\"https:\/\/malmokonsthall.se\/en\/program\/konstlyftet-inuti-inside\/\">To the exhibition<\/a><\/p>\n\n\n\n<h3 class=\"wp-block-heading is-style-body-heading\" id=\"h-monotypier-2019\">Monotypier (2019)<\/h3>\n\n\n\n<p>The Workshop, Malm\u00f6 Konsthall<br\/>Artistic direction: Eva Hejdstr\u00f6m<br\/>Participating artists from 15 different dagliga verksamheter<br\/><a href=\"https:\/\/malmokonsthall.se\/en\/program\/exhibition-with-konstlyftet-monotypes\/\">To the exhibition<\/a><\/p>\n\n\n\n<h3 class=\"wp-block-heading is-style-body-heading\" id=\"h-avtryck-2018\">Imprint (2018)<\/h3>\n\n\n\n<p>The Workshop, Malm\u00f6 Konsthall<br\/>Artistic direction: Matteo Rosa, Eva Hejdstr\u00f6m<br\/>Artists from Getgatan DV, Teater Teamus DV<br\/><a href=\"https:\/\/malmokonsthall.se\/en\/program\/konstlyftet-imprint\/\">To the exhibition<\/a><\/p>\n\n\n\n<h3 class=\"wp-block-heading is-style-body-heading\" id=\"h-molntacke-och-vildhonung-2017\">Clouds and wild honey (2017)<\/h3>\n\n\n\n<p>Form\/Design Center<br\/>Artistic direction: Anne Marte Overaa, Eva Hejdstr\u00f6m<br\/>Artists from Sopstationen DV, Butik Holmg\u00e5ngen DV<\/p>\n\n\n\n<h3 class=\"wp-block-heading is-style-body-heading\" id=\"h-spar-av-berattelser-2016\">Traces of stories<\/h3>\n\n\n\n<p>Malm\u00f6 Stadsbibliotek<br\/>Artistic direction: Daniel Christensen, Eva Hejdstr\u00f6m<br\/>Artists from Annexet DV, Lindeborg DV<\/p>\n\n\n\n<h3 class=\"wp-block-heading is-style-body-heading\" id=\"h-manen-kan-vara-svart-2014\">The moon may be black (2014)<\/h3>\n\n\n\n<p>Form\/Design Center &amp; Mellanrummet at Malm\u00f6 Konsthall<br\/>Artistic direction: Ellisif Hals, Eva Hejdstr\u00f6m<br\/>Artists from Linn\u00e9huset DV, Konstfabriken DV<\/p>\n\n\n\n<h3 class=\"wp-block-heading is-style-body-heading\" id=\"h-utstallning-2013\">Exhibition (2013)<\/h3>\n\n\n\n<p>Galleri Spegeln, Malm\u00f6festivalen, The Workshop at Malm\u00f6 Konsthall<br\/>Artistic direction: Jeannette Lindstedt<br\/>Artists from Framtiden and Informationsgruppen DV, Kulladal DV<\/p>\n\n\n\n<h3 class=\"wp-block-heading is-style-body-heading\" id=\"h-stort-tryck-2011\">Large print (2011)<\/h3>\n\n\n\n<p>Triangelns k\u00f6pcentrum, restaurant Smak<br\/>Artistic direction: Vera Olsson<br\/>Artists from Tolvan DV and Kronan DV<\/p>\n<\/div>\n\n\n\n<div class=\"wp-block-column is-style-information-column is-style-body-text is-layout-flow wp-block-column-is-layout-flow\" style=\"flex-basis:33%\">\n<div class=\"wp-block-group\"><div class=\"wp-block-group__inner-container is-layout-flow wp-block-group-is-layout-flow\">\n<h3 class=\"wp-block-heading\" id=\"h-\"><\/h3>\n<\/div><\/div>\n<\/div>\n<\/div>\n<\/div><\/div>\n\n<p><\/p>\n\n","protected":false},"excerpt":{"rendered":"<p>Here you can find all the exhibitions that have been held within the framework of Konstlyftet, which started in 2011.<\/p>\n","protected":false},"author":11,"featured_media":43517,"parent":0,"menu_order":0,"comment_status":"closed","ping_status":"closed","template":"","meta":{"_acf_changed":false,"_tec_requires_first_save":true,"inline_featured_image":false,"_price":"","_stock":"","_tribe_ticket_header":"","_tribe_default_ticket_provider":"","_tribe_ticket_capacity":"0","_ticket_start_date":"","_ticket_end_date":"","_tribe_ticket_show_description":"","_tribe_ticket_show_not_going":false,"_tribe_ticket_use_global_stock":"","_tribe_ticket_global_stock_level":"","_global_stock_mode":"","_global_stock_cap":"","_tribe_rsvp_for_event":"","_tribe_ticket_going_count":"","_tribe_ticket_not_going_count":"","_tribe_tickets_list":"[]","_tribe_ticket_has_attendee_info_fields":false,"_EventAllDay":false,"_EventTimezone":"","_EventStartDate":"","_EventEndDate":"","_EventStartDateUTC":"","_EventEndDateUTC":"","_EventShowMap":false,"_EventShowMapLink":false,"_EventURL":"","_EventCost":"","_EventCostDescription":"","_EventCurrencySymbol":"","_EventCurrencyCode":"","_EventCurrencyPosition":"","_EventDateTimeSeparator":"","_EventTimeRangeSeparator":"","_EventOrganizerID":[],"_EventVenueID":[],"_OrganizerEmail":"","_OrganizerPhone":"","_OrganizerWebsite":"","_VenueAddress":"","_VenueCity":"","_VenueCountry":"","_VenueProvince":"","_VenueState":"","_VenueZip":"","_VenuePhone":"","_VenueURL":"","_VenueStateProvince":"","_VenueLat":"","_VenueLng":"","_VenueShowMap":false,"_VenueShowMapLink":false,"_tribe_blocks_recurrence_rules":"","_tribe_blocks_recurrence_description":"","_tribe_blocks_recurrence_exclusions":"","footnotes":"","_tec_slr_enabled":"","_tec_slr_layout":""},"class_list":["post-30169","page","type-page","status-publish","has-post-thumbnail","hentry"],"acf":[],"yoast_head":"<!-- This site is optimized with the Yoast SEO Premium plugin v23.3 (Yoast SEO v27.3) - https:\/\/yoast.com\/product\/yoast-seo-premium-wordpress\/ -->\n<title>Exhibitions Konstlyftet - Malm\u00f6 Konsthall<\/title>\n<meta name=\"description\" content=\"Here you can find all the exhibitions that have been held within the framework of Konstlyftet, which started in 2011.\" \/>\n<meta name=\"robots\" content=\"index, follow, max-snippet:-1, max-image-preview:large, max-video-preview:-1\" \/>\n<link rel=\"canonical\" href=\"https:\/\/malmokonsthall.se\/en\/exhibitions-konstlyftet\/\" \/>\n<meta property=\"og:locale\" content=\"en_US\" \/>\n<meta property=\"og:type\" content=\"article\" \/>\n<meta property=\"og:title\" content=\"Exhibitions Konstlyftet - Malm\u00f6 Konsthall\" \/>\n<meta property=\"og:description\" content=\"Here you can find all the exhibitions that have been held within the framework of Konstlyftet, which started in 2011.\" \/>\n<meta property=\"og:url\" content=\"https:\/\/malmokonsthall.se\/en\/exhibitions-konstlyftet\/\" \/>\n<meta property=\"og:site_name\" content=\"Malm\u00f6 Konsthall\" \/>\n<meta property=\"article:modified_time\" content=\"2026-01-14T08:26:30+00:00\" \/>\n<meta property=\"og:image\" content=\"https:\/\/malmokonsthall.se\/wp-content\/uploads\/2026\/01\/Konstlyftet-utstallning-Verkstan.jpg\" \/>\n\t<meta property=\"og:image:width\" content=\"3024\" \/>\n\t<meta property=\"og:image:height\" content=\"2322\" \/>\n\t<meta property=\"og:image:type\" content=\"image\/jpeg\" \/>\n<meta name=\"twitter:card\" content=\"summary_large_image\" \/>\n<script type=\"application\/ld+json\" class=\"yoast-schema-graph\">{\"@context\":\"https:\\\/\\\/schema.org\",\"@graph\":[{\"@type\":\"WebPage\",\"@id\":\"https:\\\/\\\/malmokonsthall.se\\\/en\\\/exhibitions-konstlyftet\\\/\",\"url\":\"https:\\\/\\\/malmokonsthall.se\\\/en\\\/exhibitions-konstlyftet\\\/\",\"name\":\"Exhibitions Konstlyftet - Malm\u00f6 Konsthall\",\"isPartOf\":{\"@id\":\"https:\\\/\\\/malmokonsthall.se\\\/en\\\/#website\"},\"primaryImageOfPage\":{\"@id\":\"https:\\\/\\\/malmokonsthall.se\\\/en\\\/exhibitions-konstlyftet\\\/#primaryimage\"},\"image\":{\"@id\":\"https:\\\/\\\/malmokonsthall.se\\\/en\\\/exhibitions-konstlyftet\\\/#primaryimage\"},\"thumbnailUrl\":\"https:\\\/\\\/malmokonsthall.se\\\/wp-content\\\/uploads\\\/2026\\\/01\\\/Konstlyftet-utstallning-Verkstan.jpg\",\"datePublished\":\"2023-10-18T12:02:04+00:00\",\"dateModified\":\"2026-01-14T08:26:30+00:00\",\"description\":\"Here you can find all the exhibitions that have been held within the framework of Konstlyftet, which started in 2011.\",\"breadcrumb\":{\"@id\":\"https:\\\/\\\/malmokonsthall.se\\\/en\\\/exhibitions-konstlyftet\\\/#breadcrumb\"},\"inLanguage\":\"en-US\",\"potentialAction\":[{\"@type\":\"ReadAction\",\"target\":[\"https:\\\/\\\/malmokonsthall.se\\\/en\\\/exhibitions-konstlyftet\\\/\"]}]},{\"@type\":\"ImageObject\",\"inLanguage\":\"en-US\",\"@id\":\"https:\\\/\\\/malmokonsthall.se\\\/en\\\/exhibitions-konstlyftet\\\/#primaryimage\",\"url\":\"https:\\\/\\\/malmokonsthall.se\\\/wp-content\\\/uploads\\\/2026\\\/01\\\/Konstlyftet-utstallning-Verkstan.jpg\",\"contentUrl\":\"https:\\\/\\\/malmokonsthall.se\\\/wp-content\\\/uploads\\\/2026\\\/01\\\/Konstlyftet-utstallning-Verkstan.jpg\",\"width\":3024,\"height\":2322},{\"@type\":\"BreadcrumbList\",\"@id\":\"https:\\\/\\\/malmokonsthall.se\\\/en\\\/exhibitions-konstlyftet\\\/#breadcrumb\",\"itemListElement\":[{\"@type\":\"ListItem\",\"position\":1,\"name\":\"Hem\",\"item\":\"https:\\\/\\\/malmokonsthall.se\\\/en\\\/\"},{\"@type\":\"ListItem\",\"position\":2,\"name\":\"Exhibitions Konstlyftet\"}]},{\"@type\":\"WebSite\",\"@id\":\"https:\\\/\\\/malmokonsthall.se\\\/en\\\/#website\",\"url\":\"https:\\\/\\\/malmokonsthall.se\\\/en\\\/\",\"name\":\"Malm\u00f6 Konsthall\",\"description\":\"\",\"publisher\":{\"@id\":\"https:\\\/\\\/malmokonsthall.se\\\/en\\\/#organization\"},\"potentialAction\":[{\"@type\":\"SearchAction\",\"target\":{\"@type\":\"EntryPoint\",\"urlTemplate\":\"https:\\\/\\\/malmokonsthall.se\\\/en\\\/?s={search_term_string}\"},\"query-input\":{\"@type\":\"PropertyValueSpecification\",\"valueRequired\":true,\"valueName\":\"search_term_string\"}}],\"inLanguage\":\"en-US\"},{\"@type\":\"Organization\",\"@id\":\"https:\\\/\\\/malmokonsthall.se\\\/en\\\/#organization\",\"name\":\"Malm\u00f6 Konsthall\",\"url\":\"https:\\\/\\\/malmokonsthall.se\\\/en\\\/\",\"logo\":{\"@type\":\"ImageObject\",\"inLanguage\":\"en-US\",\"@id\":\"https:\\\/\\\/malmokonsthall.se\\\/en\\\/#\\\/schema\\\/logo\\\/image\\\/\",\"url\":\"https:\\\/\\\/malmokonsthall.se\\\/wp-content\\\/uploads\\\/2021\\\/09\\\/MK-logga-red.png\",\"contentUrl\":\"https:\\\/\\\/malmokonsthall.se\\\/wp-content\\\/uploads\\\/2021\\\/09\\\/MK-logga-red.png\",\"width\":672,\"height\":60,\"caption\":\"Malm\u00f6 Konsthall\"},\"image\":{\"@id\":\"https:\\\/\\\/malmokonsthall.se\\\/en\\\/#\\\/schema\\\/logo\\\/image\\\/\"}}]}<\/script>\n<!-- \/ Yoast SEO Premium plugin. -->","yoast_head_json":{"title":"Exhibitions Konstlyftet - Malm\u00f6 Konsthall","description":"Here you can find all the exhibitions that have been held within the framework of Konstlyftet, which started in 2011.","robots":{"index":"index","follow":"follow","max-snippet":"max-snippet:-1","max-image-preview":"max-image-preview:large","max-video-preview":"max-video-preview:-1"},"canonical":"https:\/\/malmokonsthall.se\/en\/exhibitions-konstlyftet\/","og_locale":"en_US","og_type":"article","og_title":"Exhibitions Konstlyftet - Malm\u00f6 Konsthall","og_description":"Here you can find all the exhibitions that have been held within the framework of Konstlyftet, which started in 2011.","og_url":"https:\/\/malmokonsthall.se\/en\/exhibitions-konstlyftet\/","og_site_name":"Malm\u00f6 Konsthall","article_modified_time":"2026-01-14T08:26:30+00:00","og_image":[{"width":3024,"height":2322,"url":"https:\/\/malmokonsthall.se\/wp-content\/uploads\/2026\/01\/Konstlyftet-utstallning-Verkstan.jpg","type":"image\/jpeg"}],"twitter_card":"summary_large_image","schema":{"@context":"https:\/\/schema.org","@graph":[{"@type":"WebPage","@id":"https:\/\/malmokonsthall.se\/en\/exhibitions-konstlyftet\/","url":"https:\/\/malmokonsthall.se\/en\/exhibitions-konstlyftet\/","name":"Exhibitions Konstlyftet - Malm\u00f6 Konsthall","isPartOf":{"@id":"https:\/\/malmokonsthall.se\/en\/#website"},"primaryImageOfPage":{"@id":"https:\/\/malmokonsthall.se\/en\/exhibitions-konstlyftet\/#primaryimage"},"image":{"@id":"https:\/\/malmokonsthall.se\/en\/exhibitions-konstlyftet\/#primaryimage"},"thumbnailUrl":"https:\/\/malmokonsthall.se\/wp-content\/uploads\/2026\/01\/Konstlyftet-utstallning-Verkstan.jpg","datePublished":"2023-10-18T12:02:04+00:00","dateModified":"2026-01-14T08:26:30+00:00","description":"Here you can find all the exhibitions that have been held within the framework of Konstlyftet, which started in 2011.","breadcrumb":{"@id":"https:\/\/malmokonsthall.se\/en\/exhibitions-konstlyftet\/#breadcrumb"},"inLanguage":"en-US","potentialAction":[{"@type":"ReadAction","target":["https:\/\/malmokonsthall.se\/en\/exhibitions-konstlyftet\/"]}]},{"@type":"ImageObject","inLanguage":"en-US","@id":"https:\/\/malmokonsthall.se\/en\/exhibitions-konstlyftet\/#primaryimage","url":"https:\/\/malmokonsthall.se\/wp-content\/uploads\/2026\/01\/Konstlyftet-utstallning-Verkstan.jpg","contentUrl":"https:\/\/malmokonsthall.se\/wp-content\/uploads\/2026\/01\/Konstlyftet-utstallning-Verkstan.jpg","width":3024,"height":2322},{"@type":"BreadcrumbList","@id":"https:\/\/malmokonsthall.se\/en\/exhibitions-konstlyftet\/#breadcrumb","itemListElement":[{"@type":"ListItem","position":1,"name":"Hem","item":"https:\/\/malmokonsthall.se\/en\/"},{"@type":"ListItem","position":2,"name":"Exhibitions Konstlyftet"}]},{"@type":"WebSite","@id":"https:\/\/malmokonsthall.se\/en\/#website","url":"https:\/\/malmokonsthall.se\/en\/","name":"Malm\u00f6 Konsthall","description":"","publisher":{"@id":"https:\/\/malmokonsthall.se\/en\/#organization"},"potentialAction":[{"@type":"SearchAction","target":{"@type":"EntryPoint","urlTemplate":"https:\/\/malmokonsthall.se\/en\/?s={search_term_string}"},"query-input":{"@type":"PropertyValueSpecification","valueRequired":true,"valueName":"search_term_string"}}],"inLanguage":"en-US"},{"@type":"Organization","@id":"https:\/\/malmokonsthall.se\/en\/#organization","name":"Malm\u00f6 Konsthall","url":"https:\/\/malmokonsthall.se\/en\/","logo":{"@type":"ImageObject","inLanguage":"en-US","@id":"https:\/\/malmokonsthall.se\/en\/#\/schema\/logo\/image\/","url":"https:\/\/malmokonsthall.se\/wp-content\/uploads\/2021\/09\/MK-logga-red.png","contentUrl":"https:\/\/malmokonsthall.se\/wp-content\/uploads\/2021\/09\/MK-logga-red.png","width":672,"height":60,"caption":"Malm\u00f6 Konsthall"},"image":{"@id":"https:\/\/malmokonsthall.se\/en\/#\/schema\/logo\/image\/"}}]}},"ticketed":false,"_links":{"self":[{"href":"https:\/\/malmokonsthall.se\/en\/wp-json\/wp\/v2\/pages\/30169","targetHints":{"allow":["GET"]}}],"collection":[{"href":"https:\/\/malmokonsthall.se\/en\/wp-json\/wp\/v2\/pages"}],"about":[{"href":"https:\/\/malmokonsthall.se\/en\/wp-json\/wp\/v2\/types\/page"}],"author":[{"embeddable":true,"href":"https:\/\/malmokonsthall.se\/en\/wp-json\/wp\/v2\/users\/11"}],"replies":[{"embeddable":true,"href":"https:\/\/malmokonsthall.se\/en\/wp-json\/wp\/v2\/comments?post=30169"}],"version-history":[{"count":10,"href":"https:\/\/malmokonsthall.se\/en\/wp-json\/wp\/v2\/pages\/30169\/revisions"}],"predecessor-version":[{"id":43521,"href":"https:\/\/malmokonsthall.se\/en\/wp-json\/wp\/v2\/pages\/30169\/revisions\/43521"}],"wp:featuredmedia":[{"embeddable":true,"href":"https:\/\/malmokonsthall.se\/en\/wp-json\/wp\/v2\/media\/43517"}],"wp:attachment":[{"href":"https:\/\/malmokonsthall.se\/en\/wp-json\/wp\/v2\/media?parent=30169"}],"curies":[{"name":"wp","href":"https:\/\/api.w.org\/{rel}","templated":true}]}}