{"id":25936,"date":"2023-03-29T12:12:53","date_gmt":"2023-03-29T10:12:53","guid":{"rendered":"https:\/\/malmokonsthall.se\/public-art-commission-in-limhamn\/"},"modified":"2025-09-30T14:22:16","modified_gmt":"2025-09-30T12:22:16","slug":"public-art-commission-in-limhamn","status":"publish","type":"page","link":"https:\/\/malmokonsthall.se\/en\/public-art-commission-in-limhamn\/","title":{"rendered":"Public art commission in Limhamn"},"content":{"rendered":"  <nav aria-label=\"Breadcrumb navigation\" class=\"breadcrumbs\" typeof=\"BreadcrumbList\" vocab=\"https:\/\/schema.org\/\">\n      <ol>\n          <li class=\"home\"><span property=\"itemListElement\" typeof=\"ListItem\"><a property=\"item\" typeof=\"WebPage\" title=\"G\u00e5 till Startsidan\" href=\"https:\/\/malmokonsthall.se\/en\/\" class=\"home\" aria-current=\"page\"><span property=\"name\">Start<\/span><\/a><\/span><\/li>\n\n      <\/ol>\n  <\/nav>\n<div class=\"wp-block-image is-style-half-width\">\n<figure class=\"alignleft size-large\"><img loading=\"lazy\" decoding=\"async\" width=\"1024\" height=\"683\" src=\"https:\/\/malmokonsthall.se\/wp-content\/uploads\/2023\/05\/Konstlyftet_2023_Foto_Helena-Pataki-1024x683.jpg\" alt=\"A group of creators and educators in one of the art gallery's creative workshops.\" class=\"wp-image-27407\" srcset=\"https:\/\/malmokonsthall.se\/wp-content\/uploads\/2023\/05\/Konstlyftet_2023_Foto_Helena-Pataki-1024x683.jpg 1024w, https:\/\/malmokonsthall.se\/wp-content\/uploads\/2023\/05\/Konstlyftet_2023_Foto_Helena-Pataki-300x200.jpg 300w, https:\/\/malmokonsthall.se\/wp-content\/uploads\/2023\/05\/Konstlyftet_2023_Foto_Helena-Pataki-768x512.jpg 768w, https:\/\/malmokonsthall.se\/wp-content\/uploads\/2023\/05\/Konstlyftet_2023_Foto_Helena-Pataki-1536x1024.jpg 1536w, https:\/\/malmokonsthall.se\/wp-content\/uploads\/2023\/05\/Konstlyftet_2023_Foto_Helena-Pataki-2048x1365.jpg 2048w\" sizes=\"auto, (max-width: 1024px) 100vw, 1024px\" \/><figcaption class=\"wp-element-caption\">The design group is led by the artist Jamila Drott together with educators from Malm\u00f6 Konsthall.<\/figcaption><\/figure>\n<\/div>\n<div class=\"wp-block-group is-style-page-margin\"><div class=\"wp-block-group__inner-container is-layout-flow wp-block-group-is-layout-flow\">\n<div style=\"height:17px\" aria-hidden=\"true\" class=\"wp-block-spacer\"><\/div>\n\n\n\n<h1 class=\"wp-block-heading is-style-heading-article\" id=\"h-gestaltningsprojektet-limhamns-sjolage\">Public art commission in Limhamn<\/h1>\n\n\n\n<div style=\"height:34px\" aria-hidden=\"true\" class=\"wp-block-spacer\"><\/div>\n\n\n\n<div class=\"wp-block-columns is-style-information-column is-layout-flex wp-container-core-columns-is-layout-9d6595d7 wp-block-columns-is-layout-flex\">\n<div class=\"wp-block-column is-layout-flow wp-block-column-is-layout-flow\" style=\"flex-basis:50%\">\n<p>In 2023, Limhamn was adorned with art and colour. Under the guidance of artist Jamila Drott, artists from LSS created new public artworks, inaugurated in November 2023.<\/p>\n\n\n\n<p>During the Spring 2023, the group met regularly for study visits and creative workshops, planning for the public artworks that would be installed in the autumn. In 2023, the public art project had extra relevance as it coincided with the Year of Architecture in Malm\u00f6, titled &#8220;What Do We Have In Common&#8221;. It was an extension of Copenhagen\u2019s nomination as the World Capital of Architecture in 2023.<\/p>\n\n\n\n<p>The project is a collaboration between MKB Fastighets Ab, the Functional Support Department of the City of Malm\u00f6, and Plantan, the Malm\u00f6 Beautification and Planting Association. The artists from LSS participating in 2023 were Louise Bertilsson, Kristian dos Santos Gon\u00e7alves, Nelly Escalante, Anna J\u00f6nsson, Erik L\u00f6hnn, and Katharina Tuunanen.<\/p>\n<\/div>\n\n\n\n<div class=\"wp-block-column is-style-information-column is-style-body-text is-layout-flow wp-block-column-is-layout-flow\" style=\"flex-basis:33%\">\n<figure class=\"wp-block-image size-large\"><img loading=\"lazy\" decoding=\"async\" width=\"1024\" height=\"683\" src=\"https:\/\/malmokonsthall.se\/wp-content\/uploads\/2023\/05\/Konstlyftet_3_2023_Foto_Helena-Pataki-1024x683.jpg\" alt=\"A person stands slightly leaned over another, showing an object outside the frame.\" class=\"wp-image-27421\" srcset=\"https:\/\/malmokonsthall.se\/wp-content\/uploads\/2023\/05\/Konstlyftet_3_2023_Foto_Helena-Pataki-1024x683.jpg 1024w, https:\/\/malmokonsthall.se\/wp-content\/uploads\/2023\/05\/Konstlyftet_3_2023_Foto_Helena-Pataki-300x200.jpg 300w, https:\/\/malmokonsthall.se\/wp-content\/uploads\/2023\/05\/Konstlyftet_3_2023_Foto_Helena-Pataki-768x512.jpg 768w, https:\/\/malmokonsthall.se\/wp-content\/uploads\/2023\/05\/Konstlyftet_3_2023_Foto_Helena-Pataki-1536x1024.jpg 1536w, https:\/\/malmokonsthall.se\/wp-content\/uploads\/2023\/05\/Konstlyftet_3_2023_Foto_Helena-Pataki-2048x1365.jpg 2048w\" sizes=\"auto, (max-width: 1024px) 100vw, 1024px\" \/><figcaption class=\"wp-element-caption\">The artist Jamilla Drott acts as mentor in the workshop. Foto: Helena Pataki<\/figcaption><\/figure>\n<\/div>\n<\/div>\n<\/div><\/div>\n\n<div style=\"height:66px\" aria-hidden=\"true\" class=\"wp-block-spacer\"><\/div>\n\n<div class=\"wp-block-group\"><div class=\"wp-block-group__inner-container is-layout-constrained wp-block-group-is-layout-constrained\">\n<div class=\"wp-block-columns is-layout-flex wp-container-core-columns-is-layout-9d6595d7 wp-block-columns-is-layout-flex\">\n<div class=\"wp-block-column is-layout-flow wp-block-column-is-layout-flow\" style=\"flex-basis:66.66%\">\n<figure class=\"wp-block-image size-large\"><img loading=\"lazy\" decoding=\"async\" width=\"1024\" height=\"683\" src=\"https:\/\/malmokonsthall.se\/wp-content\/uploads\/2023\/05\/Konstlyftet_4_2023_Foto_Helena-Pataki-1024x683.jpg\" alt=\"A person sits deeply engrossed, drawing at a table with colorful pencils.\" class=\"wp-image-27427\" srcset=\"https:\/\/malmokonsthall.se\/wp-content\/uploads\/2023\/05\/Konstlyftet_4_2023_Foto_Helena-Pataki-1024x683.jpg 1024w, https:\/\/malmokonsthall.se\/wp-content\/uploads\/2023\/05\/Konstlyftet_4_2023_Foto_Helena-Pataki-300x200.jpg 300w, https:\/\/malmokonsthall.se\/wp-content\/uploads\/2023\/05\/Konstlyftet_4_2023_Foto_Helena-Pataki-768x512.jpg 768w, https:\/\/malmokonsthall.se\/wp-content\/uploads\/2023\/05\/Konstlyftet_4_2023_Foto_Helena-Pataki-1536x1024.jpg 1536w, https:\/\/malmokonsthall.se\/wp-content\/uploads\/2023\/05\/Konstlyftet_4_2023_Foto_Helena-Pataki-2048x1365.jpg 2048w\" sizes=\"auto, (max-width: 1024px) 100vw, 1024px\" \/><figcaption class=\"wp-element-caption\">The personal artistic expressions are at the core of the process. Foto: Helena Pataki<\/figcaption><\/figure>\n<\/div>\n\n\n\n<div class=\"wp-block-column is-layout-flow wp-block-column-is-layout-flow\" style=\"flex-basis:33.33%\"><\/div>\n<\/div>\n<\/div><\/div>\n\n<p><\/p>\n\n","protected":false},"excerpt":{"rendered":"<p>The design project in Limhamn\u2019s Sj\u00f6l\u00e4ge was carried out in 2023 as part of the Konstlyftet project<\/p>\n","protected":false},"author":11,"featured_media":27408,"parent":0,"menu_order":0,"comment_status":"closed","ping_status":"closed","template":"","meta":{"_acf_changed":false,"_tec_requires_first_save":true,"inline_featured_image":false,"_price":"","_stock":"","_tribe_ticket_header":"","_tribe_default_ticket_provider":"","_tribe_ticket_capacity":"0","_ticket_start_date":"","_ticket_end_date":"","_tribe_ticket_show_description":"","_tribe_ticket_show_not_going":false,"_tribe_ticket_use_global_stock":"","_tribe_ticket_global_stock_level":"","_global_stock_mode":"","_global_stock_cap":"","_tribe_rsvp_for_event":"","_tribe_ticket_going_count":"","_tribe_ticket_not_going_count":"","_tribe_tickets_list":"[]","_tribe_ticket_has_attendee_info_fields":false,"_EventAllDay":false,"_EventTimezone":"","_EventStartDate":"","_EventEndDate":"","_EventStartDateUTC":"","_EventEndDateUTC":"","_EventShowMap":false,"_EventShowMapLink":false,"_EventURL":"","_EventCost":"","_EventCostDescription":"","_EventCurrencySymbol":"","_EventCurrencyCode":"","_EventCurrencyPosition":"","_EventDateTimeSeparator":"","_EventTimeRangeSeparator":"","_EventOrganizerID":[],"_EventVenueID":[],"_OrganizerEmail":"","_OrganizerPhone":"","_OrganizerWebsite":"","_VenueAddress":"","_VenueCity":"","_VenueCountry":"","_VenueProvince":"","_VenueState":"","_VenueZip":"","_VenuePhone":"","_VenueURL":"","_VenueStateProvince":"","_VenueLat":"","_VenueLng":"","_VenueShowMap":false,"_VenueShowMapLink":false,"_tribe_blocks_recurrence_rules":"","_tribe_blocks_recurrence_description":"","_tribe_blocks_recurrence_exclusions":"","footnotes":"","_tec_slr_enabled":"","_tec_slr_layout":""},"class_list":["post-25936","page","type-page","status-publish","has-post-thumbnail","hentry"],"acf":[],"yoast_head":"<!-- This site is optimized with the Yoast SEO Premium plugin v23.3 (Yoast SEO v27.3) - https:\/\/yoast.com\/product\/yoast-seo-premium-wordpress\/ -->\n<title>Public art commission in Limhamn - Malm\u00f6 Konsthall<\/title>\n<meta name=\"description\" content=\"The design project in Limhamn\u2019s Sj\u00f6l\u00e4ge was carried out in 2023 as part of the Konstlyftet project\" \/>\n<meta name=\"robots\" content=\"index, follow, max-snippet:-1, max-image-preview:large, max-video-preview:-1\" \/>\n<link rel=\"canonical\" href=\"https:\/\/malmokonsthall.se\/en\/public-art-commission-in-limhamn\/\" \/>\n<meta property=\"og:locale\" content=\"en_US\" \/>\n<meta property=\"og:type\" content=\"article\" \/>\n<meta property=\"og:title\" content=\"Public art commission in Limhamn - Malm\u00f6 Konsthall\" \/>\n<meta property=\"og:description\" content=\"The design project in Limhamn\u2019s Sj\u00f6l\u00e4ge was carried out in 2023 as part of the Konstlyftet project\" \/>\n<meta property=\"og:url\" content=\"https:\/\/malmokonsthall.se\/en\/public-art-commission-in-limhamn\/\" \/>\n<meta property=\"og:site_name\" content=\"Malm\u00f6 Konsthall\" \/>\n<meta property=\"article:modified_time\" content=\"2025-09-30T12:22:16+00:00\" \/>\n<meta property=\"og:image\" content=\"https:\/\/malmokonsthall.se\/wp-content\/uploads\/2023\/05\/Konstlyftet_2023_Foto_Helena-Pataki-scaled.jpg\" \/>\n\t<meta property=\"og:image:width\" content=\"2560\" \/>\n\t<meta property=\"og:image:height\" content=\"1707\" \/>\n\t<meta property=\"og:image:type\" content=\"image\/jpeg\" \/>\n<meta name=\"twitter:card\" content=\"summary_large_image\" \/>\n<script type=\"application\/ld+json\" class=\"yoast-schema-graph\">{\"@context\":\"https:\\\/\\\/schema.org\",\"@graph\":[{\"@type\":\"WebPage\",\"@id\":\"https:\\\/\\\/malmokonsthall.se\\\/en\\\/public-art-commission-in-limhamn\\\/\",\"url\":\"https:\\\/\\\/malmokonsthall.se\\\/en\\\/public-art-commission-in-limhamn\\\/\",\"name\":\"Public art commission in Limhamn - Malm\u00f6 Konsthall\",\"isPartOf\":{\"@id\":\"https:\\\/\\\/malmokonsthall.se\\\/en\\\/#website\"},\"primaryImageOfPage\":{\"@id\":\"https:\\\/\\\/malmokonsthall.se\\\/en\\\/public-art-commission-in-limhamn\\\/#primaryimage\"},\"image\":{\"@id\":\"https:\\\/\\\/malmokonsthall.se\\\/en\\\/public-art-commission-in-limhamn\\\/#primaryimage\"},\"thumbnailUrl\":\"https:\\\/\\\/malmokonsthall.se\\\/wp-content\\\/uploads\\\/2023\\\/05\\\/Konstlyftet_2023_Foto_Helena-Pataki-scaled.jpg\",\"datePublished\":\"2023-03-29T10:12:53+00:00\",\"dateModified\":\"2025-09-30T12:22:16+00:00\",\"description\":\"The design project in Limhamn\u2019s Sj\u00f6l\u00e4ge was carried out in 2023 as part of the Konstlyftet project\",\"breadcrumb\":{\"@id\":\"https:\\\/\\\/malmokonsthall.se\\\/en\\\/public-art-commission-in-limhamn\\\/#breadcrumb\"},\"inLanguage\":\"en-US\",\"potentialAction\":[{\"@type\":\"ReadAction\",\"target\":[\"https:\\\/\\\/malmokonsthall.se\\\/en\\\/public-art-commission-in-limhamn\\\/\"]}]},{\"@type\":\"ImageObject\",\"inLanguage\":\"en-US\",\"@id\":\"https:\\\/\\\/malmokonsthall.se\\\/en\\\/public-art-commission-in-limhamn\\\/#primaryimage\",\"url\":\"https:\\\/\\\/malmokonsthall.se\\\/wp-content\\\/uploads\\\/2023\\\/05\\\/Konstlyftet_2023_Foto_Helena-Pataki-scaled.jpg\",\"contentUrl\":\"https:\\\/\\\/malmokonsthall.se\\\/wp-content\\\/uploads\\\/2023\\\/05\\\/Konstlyftet_2023_Foto_Helena-Pataki-scaled.jpg\",\"width\":2560,\"height\":1707,\"caption\":\"A group of creators and educators in one of the art gallery's creative workshops.\"},{\"@type\":\"BreadcrumbList\",\"@id\":\"https:\\\/\\\/malmokonsthall.se\\\/en\\\/public-art-commission-in-limhamn\\\/#breadcrumb\",\"itemListElement\":[{\"@type\":\"ListItem\",\"position\":1,\"name\":\"Hem\",\"item\":\"https:\\\/\\\/malmokonsthall.se\\\/en\\\/\"},{\"@type\":\"ListItem\",\"position\":2,\"name\":\"Public art commission in Limhamn\"}]},{\"@type\":\"WebSite\",\"@id\":\"https:\\\/\\\/malmokonsthall.se\\\/en\\\/#website\",\"url\":\"https:\\\/\\\/malmokonsthall.se\\\/en\\\/\",\"name\":\"Malm\u00f6 Konsthall\",\"description\":\"\",\"publisher\":{\"@id\":\"https:\\\/\\\/malmokonsthall.se\\\/en\\\/#organization\"},\"potentialAction\":[{\"@type\":\"SearchAction\",\"target\":{\"@type\":\"EntryPoint\",\"urlTemplate\":\"https:\\\/\\\/malmokonsthall.se\\\/en\\\/?s={search_term_string}\"},\"query-input\":{\"@type\":\"PropertyValueSpecification\",\"valueRequired\":true,\"valueName\":\"search_term_string\"}}],\"inLanguage\":\"en-US\"},{\"@type\":\"Organization\",\"@id\":\"https:\\\/\\\/malmokonsthall.se\\\/en\\\/#organization\",\"name\":\"Malm\u00f6 Konsthall\",\"url\":\"https:\\\/\\\/malmokonsthall.se\\\/en\\\/\",\"logo\":{\"@type\":\"ImageObject\",\"inLanguage\":\"en-US\",\"@id\":\"https:\\\/\\\/malmokonsthall.se\\\/en\\\/#\\\/schema\\\/logo\\\/image\\\/\",\"url\":\"https:\\\/\\\/malmokonsthall.se\\\/wp-content\\\/uploads\\\/2021\\\/09\\\/MK-logga-red.png\",\"contentUrl\":\"https:\\\/\\\/malmokonsthall.se\\\/wp-content\\\/uploads\\\/2021\\\/09\\\/MK-logga-red.png\",\"width\":672,\"height\":60,\"caption\":\"Malm\u00f6 Konsthall\"},\"image\":{\"@id\":\"https:\\\/\\\/malmokonsthall.se\\\/en\\\/#\\\/schema\\\/logo\\\/image\\\/\"}}]}<\/script>\n<!-- \/ Yoast SEO Premium plugin. -->","yoast_head_json":{"title":"Public art commission in Limhamn - Malm\u00f6 Konsthall","description":"The design project in Limhamn\u2019s Sj\u00f6l\u00e4ge was carried out in 2023 as part of the Konstlyftet project","robots":{"index":"index","follow":"follow","max-snippet":"max-snippet:-1","max-image-preview":"max-image-preview:large","max-video-preview":"max-video-preview:-1"},"canonical":"https:\/\/malmokonsthall.se\/en\/public-art-commission-in-limhamn\/","og_locale":"en_US","og_type":"article","og_title":"Public art commission in Limhamn - Malm\u00f6 Konsthall","og_description":"The design project in Limhamn\u2019s Sj\u00f6l\u00e4ge was carried out in 2023 as part of the Konstlyftet project","og_url":"https:\/\/malmokonsthall.se\/en\/public-art-commission-in-limhamn\/","og_site_name":"Malm\u00f6 Konsthall","article_modified_time":"2025-09-30T12:22:16+00:00","og_image":[{"width":2560,"height":1707,"url":"https:\/\/malmokonsthall.se\/wp-content\/uploads\/2023\/05\/Konstlyftet_2023_Foto_Helena-Pataki-scaled.jpg","type":"image\/jpeg"}],"twitter_card":"summary_large_image","schema":{"@context":"https:\/\/schema.org","@graph":[{"@type":"WebPage","@id":"https:\/\/malmokonsthall.se\/en\/public-art-commission-in-limhamn\/","url":"https:\/\/malmokonsthall.se\/en\/public-art-commission-in-limhamn\/","name":"Public art commission in Limhamn - Malm\u00f6 Konsthall","isPartOf":{"@id":"https:\/\/malmokonsthall.se\/en\/#website"},"primaryImageOfPage":{"@id":"https:\/\/malmokonsthall.se\/en\/public-art-commission-in-limhamn\/#primaryimage"},"image":{"@id":"https:\/\/malmokonsthall.se\/en\/public-art-commission-in-limhamn\/#primaryimage"},"thumbnailUrl":"https:\/\/malmokonsthall.se\/wp-content\/uploads\/2023\/05\/Konstlyftet_2023_Foto_Helena-Pataki-scaled.jpg","datePublished":"2023-03-29T10:12:53+00:00","dateModified":"2025-09-30T12:22:16+00:00","description":"The design project in Limhamn\u2019s Sj\u00f6l\u00e4ge was carried out in 2023 as part of the Konstlyftet project","breadcrumb":{"@id":"https:\/\/malmokonsthall.se\/en\/public-art-commission-in-limhamn\/#breadcrumb"},"inLanguage":"en-US","potentialAction":[{"@type":"ReadAction","target":["https:\/\/malmokonsthall.se\/en\/public-art-commission-in-limhamn\/"]}]},{"@type":"ImageObject","inLanguage":"en-US","@id":"https:\/\/malmokonsthall.se\/en\/public-art-commission-in-limhamn\/#primaryimage","url":"https:\/\/malmokonsthall.se\/wp-content\/uploads\/2023\/05\/Konstlyftet_2023_Foto_Helena-Pataki-scaled.jpg","contentUrl":"https:\/\/malmokonsthall.se\/wp-content\/uploads\/2023\/05\/Konstlyftet_2023_Foto_Helena-Pataki-scaled.jpg","width":2560,"height":1707,"caption":"A group of creators and educators in one of the art gallery's creative workshops."},{"@type":"BreadcrumbList","@id":"https:\/\/malmokonsthall.se\/en\/public-art-commission-in-limhamn\/#breadcrumb","itemListElement":[{"@type":"ListItem","position":1,"name":"Hem","item":"https:\/\/malmokonsthall.se\/en\/"},{"@type":"ListItem","position":2,"name":"Public art commission in Limhamn"}]},{"@type":"WebSite","@id":"https:\/\/malmokonsthall.se\/en\/#website","url":"https:\/\/malmokonsthall.se\/en\/","name":"Malm\u00f6 Konsthall","description":"","publisher":{"@id":"https:\/\/malmokonsthall.se\/en\/#organization"},"potentialAction":[{"@type":"SearchAction","target":{"@type":"EntryPoint","urlTemplate":"https:\/\/malmokonsthall.se\/en\/?s={search_term_string}"},"query-input":{"@type":"PropertyValueSpecification","valueRequired":true,"valueName":"search_term_string"}}],"inLanguage":"en-US"},{"@type":"Organization","@id":"https:\/\/malmokonsthall.se\/en\/#organization","name":"Malm\u00f6 Konsthall","url":"https:\/\/malmokonsthall.se\/en\/","logo":{"@type":"ImageObject","inLanguage":"en-US","@id":"https:\/\/malmokonsthall.se\/en\/#\/schema\/logo\/image\/","url":"https:\/\/malmokonsthall.se\/wp-content\/uploads\/2021\/09\/MK-logga-red.png","contentUrl":"https:\/\/malmokonsthall.se\/wp-content\/uploads\/2021\/09\/MK-logga-red.png","width":672,"height":60,"caption":"Malm\u00f6 Konsthall"},"image":{"@id":"https:\/\/malmokonsthall.se\/en\/#\/schema\/logo\/image\/"}}]}},"ticketed":false,"_links":{"self":[{"href":"https:\/\/malmokonsthall.se\/en\/wp-json\/wp\/v2\/pages\/25936","targetHints":{"allow":["GET"]}}],"collection":[{"href":"https:\/\/malmokonsthall.se\/en\/wp-json\/wp\/v2\/pages"}],"about":[{"href":"https:\/\/malmokonsthall.se\/en\/wp-json\/wp\/v2\/types\/page"}],"author":[{"embeddable":true,"href":"https:\/\/malmokonsthall.se\/en\/wp-json\/wp\/v2\/users\/11"}],"replies":[{"embeddable":true,"href":"https:\/\/malmokonsthall.se\/en\/wp-json\/wp\/v2\/comments?post=25936"}],"version-history":[{"count":3,"href":"https:\/\/malmokonsthall.se\/en\/wp-json\/wp\/v2\/pages\/25936\/revisions"}],"predecessor-version":[{"id":37491,"href":"https:\/\/malmokonsthall.se\/en\/wp-json\/wp\/v2\/pages\/25936\/revisions\/37491"}],"wp:featuredmedia":[{"embeddable":true,"href":"https:\/\/malmokonsthall.se\/en\/wp-json\/wp\/v2\/media\/27408"}],"wp:attachment":[{"href":"https:\/\/malmokonsthall.se\/en\/wp-json\/wp\/v2\/media?parent=25936"}],"curies":[{"name":"wp","href":"https:\/\/api.w.org\/{rel}","templated":true}]}}