{"id":15419,"date":"2022-04-20T16:16:03","date_gmt":"2022-04-20T14:16:03","guid":{"rendered":"https:\/\/malmokonsthall.se\/covid-19-and-konsthallen\/"},"modified":"2022-04-20T16:16:03","modified_gmt":"2022-04-20T14:16:03","slug":"covid-19-and-konsthallen","status":"publish","type":"page","link":"https:\/\/malmokonsthall.se\/en\/covid-19-and-konsthallen\/","title":{"rendered":"Covid-19 and Konsthallen"},"content":{"rendered":"\n<figure class=\"wp-block-image size-large is-style-Margin-right is-style-default\"><img decoding=\"async\" src=\"https:\/\/malmokonsthall.se\/wp-content\/uploads\/2022\/01\/bo&#x308;ttcher_hallen-1024x599.jpg\" alt=\"Ljusschaktet i konsthallens utst&#xE4;llningsrum med Ann B&#xF6;ttchers f&#xE4;rgrika verk gjort av mattrasor.\" class=\"wp-image-11817\"\/><\/figure>\n\n<div class=\"wp-block-group is-style-page-margin\"><div class=\"wp-block-group__inner-container is-layout-flow wp-block-group-is-layout-flow\">\n<h1 class=\"is-style-heading-article wp-block-heading\" id=\"h-s-hanterar-vi-covid-19\">Covid-19 and Konsthallen<\/h1>\n\n\n\n<div class=\"wp-block-columns is-style-information-column is-layout-flex wp-container-core-columns-is-layout-9d6595d7 wp-block-columns-is-layout-flex\">\n<div class=\"wp-block-column is-layout-flow wp-block-column-is-layout-flow\" style=\"flex-basis:50%\">\n<p> <\/p>\n\n\n\n<h2 class=\"is-style-body-heading-xs wp-block-heading\"> <\/h2>\n\n\n\n<ul class=\"is-style-dotted-list wp-block-list\"><li> <\/li><li> <\/li><li> <\/li><li> <\/li><li> <\/li><li> <\/li><li> <\/li><\/ul>\n<\/div>\n\n\n\n<div class=\"wp-block-column is-style-information-column is-style-body-text is-layout-flow wp-block-column-is-layout-flow\" style=\"flex-basis:33%\">\n<div class=\"wp-block-group has-grey-color has-text-color\"><div class=\"wp-block-group__inner-container is-layout-flow wp-block-group-is-layout-flow\">\n<h2 class=\"is-style-body-heading wp-block-heading\">Information<\/h2>\n\n\n\n<p>Har du ytterligare fr\u00e5gor inf\u00f6r ditt bes\u00f6k? Se v\u00e5r <a href=\"https:\/\/malmokonsthall.se\/en\/visit-us\/#besok\">bes\u00f6kinformation<\/a><\/p>\n\n\n\n<p> <\/p>\n\n\n\n<p><a href=\"mailto:info.konsthall@malmo.se\">info.konsthall@malmo.se<\/a><\/p>\n<\/div><\/div>\n<\/div>\n<\/div>\n<\/div><\/div>\n","protected":false},"excerpt":{"rendered":"<p>Covid-19 and Konsthallen Information Har du ytterligare fr\u00e5gor inf\u00f6r ditt bes\u00f6k? Se v\u00e5r bes\u00f6kinformation info.konsthall@malmo.se<\/p>\n","protected":false},"author":4,"featured_media":0,"parent":0,"menu_order":0,"comment_status":"closed","ping_status":"closed","template":"","meta":{"_acf_changed":false,"_tec_requires_first_save":true,"inline_featured_image":false,"_price":"","_stock":"","_tribe_ticket_header":"","_tribe_default_ticket_provider":"","_tribe_ticket_capacity":"0","_ticket_start_date":"","_ticket_end_date":"","_tribe_ticket_show_description":"","_tribe_ticket_show_not_going":false,"_tribe_ticket_use_global_stock":"","_tribe_ticket_global_stock_level":"","_global_stock_mode":"","_global_stock_cap":"","_tribe_rsvp_for_event":"","_tribe_ticket_going_count":"","_tribe_ticket_not_going_count":"","_tribe_tickets_list":"[]","_tribe_ticket_has_attendee_info_fields":false,"_EventAllDay":false,"_EventTimezone":"","_EventStartDate":"","_EventEndDate":"","_EventStartDateUTC":"","_EventEndDateUTC":"","_EventShowMap":false,"_EventShowMapLink":false,"_EventURL":"","_EventCost":"","_EventCostDescription":"","_EventCurrencySymbol":"","_EventCurrencyCode":"","_EventCurrencyPosition":"","_EventDateTimeSeparator":"","_EventTimeRangeSeparator":"","_EventOrganizerID":[],"_EventVenueID":[],"_OrganizerEmail":"","_OrganizerPhone":"","_OrganizerWebsite":"","_VenueAddress":"","_VenueCity":"","_VenueCountry":"","_VenueProvince":"","_VenueState":"","_VenueZip":"","_VenuePhone":"","_VenueURL":"","_VenueStateProvince":"","_VenueLat":"","_VenueLng":"","_VenueShowMap":false,"_VenueShowMapLink":false,"_tribe_blocks_recurrence_rules":"","_tribe_blocks_recurrence_description":"","_tribe_blocks_recurrence_exclusions":"","footnotes":"","_tec_slr_enabled":"","_tec_slr_layout":""},"class_list":["post-15419","page","type-page","status-publish","hentry"],"acf":[],"yoast_head":"<!-- This site is optimized with the Yoast SEO Premium plugin v23.3 (Yoast SEO v27.3) - https:\/\/yoast.com\/product\/yoast-seo-premium-wordpress\/ -->\n<title>Covid-19 and Konsthallen - Malm\u00f6 Konsthall<\/title>\n<meta name=\"description\" content=\"Covid-19 and Konsthallen Information Har du ytterligare fr\u00e5gor inf\u00f6r ditt bes\u00f6k? Se v\u00e5r bes\u00f6kinformation\" \/>\n<meta name=\"robots\" content=\"index, follow, max-snippet:-1, max-image-preview:large, max-video-preview:-1\" \/>\n<link rel=\"canonical\" href=\"https:\/\/malmokonsthall.se\/en\/covid-19-and-konsthallen\/\" \/>\n<meta property=\"og:locale\" content=\"en_US\" \/>\n<meta property=\"og:type\" content=\"article\" \/>\n<meta property=\"og:title\" content=\"Covid-19 and Konsthallen - Malm\u00f6 Konsthall\" \/>\n<meta property=\"og:description\" content=\"Covid-19 and Konsthallen Information Har du ytterligare fr\u00e5gor inf\u00f6r ditt bes\u00f6k? Se v\u00e5r bes\u00f6kinformation\" \/>\n<meta property=\"og:url\" content=\"https:\/\/malmokonsthall.se\/en\/covid-19-and-konsthallen\/\" \/>\n<meta property=\"og:site_name\" content=\"Malm\u00f6 Konsthall\" \/>\n<meta property=\"og:image\" content=\"https:\/\/malmokonsthall.se\/wp-content\/uploads\/2022\/01\/bo&#x308;ttcher_hallen-1024x599.jpg\" \/>\n<meta name=\"twitter:card\" content=\"summary_large_image\" \/>\n<script type=\"application\/ld+json\" class=\"yoast-schema-graph\">{\"@context\":\"https:\\\/\\\/schema.org\",\"@graph\":[{\"@type\":\"WebPage\",\"@id\":\"https:\\\/\\\/malmokonsthall.se\\\/en\\\/covid-19-and-konsthallen\\\/\",\"url\":\"https:\\\/\\\/malmokonsthall.se\\\/en\\\/covid-19-and-konsthallen\\\/\",\"name\":\"Covid-19 and Konsthallen - Malm\u00f6 Konsthall\",\"isPartOf\":{\"@id\":\"https:\\\/\\\/malmokonsthall.se\\\/en\\\/#website\"},\"primaryImageOfPage\":{\"@id\":\"https:\\\/\\\/malmokonsthall.se\\\/en\\\/covid-19-and-konsthallen\\\/#primaryimage\"},\"image\":{\"@id\":\"https:\\\/\\\/malmokonsthall.se\\\/en\\\/covid-19-and-konsthallen\\\/#primaryimage\"},\"thumbnailUrl\":\"https:\\\/\\\/malmokonsthall.se\\\/wp-content\\\/uploads\\\/2022\\\/01\\\/bo&#x308;ttcher_hallen-1024x599.jpg\",\"datePublished\":\"2022-04-20T14:16:03+00:00\",\"description\":\"Covid-19 and Konsthallen Information Har du ytterligare fr\u00e5gor inf\u00f6r ditt bes\u00f6k? Se v\u00e5r bes\u00f6kinformation\",\"breadcrumb\":{\"@id\":\"https:\\\/\\\/malmokonsthall.se\\\/en\\\/covid-19-and-konsthallen\\\/#breadcrumb\"},\"inLanguage\":\"en-US\",\"potentialAction\":[{\"@type\":\"ReadAction\",\"target\":[\"https:\\\/\\\/malmokonsthall.se\\\/en\\\/covid-19-and-konsthallen\\\/\"]}]},{\"@type\":\"ImageObject\",\"inLanguage\":\"en-US\",\"@id\":\"https:\\\/\\\/malmokonsthall.se\\\/en\\\/covid-19-and-konsthallen\\\/#primaryimage\",\"url\":\"https:\\\/\\\/malmokonsthall.se\\\/wp-content\\\/uploads\\\/2022\\\/01\\\/bo&#x308;ttcher_hallen-1024x599.jpg\",\"contentUrl\":\"https:\\\/\\\/malmokonsthall.se\\\/wp-content\\\/uploads\\\/2022\\\/01\\\/bo&#x308;ttcher_hallen-1024x599.jpg\"},{\"@type\":\"BreadcrumbList\",\"@id\":\"https:\\\/\\\/malmokonsthall.se\\\/en\\\/covid-19-and-konsthallen\\\/#breadcrumb\",\"itemListElement\":[{\"@type\":\"ListItem\",\"position\":1,\"name\":\"Hem\",\"item\":\"https:\\\/\\\/malmokonsthall.se\\\/en\\\/\"},{\"@type\":\"ListItem\",\"position\":2,\"name\":\"Covid-19 and Konsthallen\"}]},{\"@type\":\"WebSite\",\"@id\":\"https:\\\/\\\/malmokonsthall.se\\\/en\\\/#website\",\"url\":\"https:\\\/\\\/malmokonsthall.se\\\/en\\\/\",\"name\":\"Malm\u00f6 Konsthall\",\"description\":\"\",\"publisher\":{\"@id\":\"https:\\\/\\\/malmokonsthall.se\\\/en\\\/#organization\"},\"potentialAction\":[{\"@type\":\"SearchAction\",\"target\":{\"@type\":\"EntryPoint\",\"urlTemplate\":\"https:\\\/\\\/malmokonsthall.se\\\/en\\\/?s={search_term_string}\"},\"query-input\":{\"@type\":\"PropertyValueSpecification\",\"valueRequired\":true,\"valueName\":\"search_term_string\"}}],\"inLanguage\":\"en-US\"},{\"@type\":\"Organization\",\"@id\":\"https:\\\/\\\/malmokonsthall.se\\\/en\\\/#organization\",\"name\":\"Malm\u00f6 Konsthall\",\"url\":\"https:\\\/\\\/malmokonsthall.se\\\/en\\\/\",\"logo\":{\"@type\":\"ImageObject\",\"inLanguage\":\"en-US\",\"@id\":\"https:\\\/\\\/malmokonsthall.se\\\/en\\\/#\\\/schema\\\/logo\\\/image\\\/\",\"url\":\"https:\\\/\\\/malmokonsthall.se\\\/wp-content\\\/uploads\\\/2021\\\/09\\\/MK-logga-red.png\",\"contentUrl\":\"https:\\\/\\\/malmokonsthall.se\\\/wp-content\\\/uploads\\\/2021\\\/09\\\/MK-logga-red.png\",\"width\":672,\"height\":60,\"caption\":\"Malm\u00f6 Konsthall\"},\"image\":{\"@id\":\"https:\\\/\\\/malmokonsthall.se\\\/en\\\/#\\\/schema\\\/logo\\\/image\\\/\"}}]}<\/script>\n<!-- \/ Yoast SEO Premium plugin. -->","yoast_head_json":{"title":"Covid-19 and Konsthallen - Malm\u00f6 Konsthall","description":"Covid-19 and Konsthallen Information Har du ytterligare fr\u00e5gor inf\u00f6r ditt bes\u00f6k? Se v\u00e5r bes\u00f6kinformation","robots":{"index":"index","follow":"follow","max-snippet":"max-snippet:-1","max-image-preview":"max-image-preview:large","max-video-preview":"max-video-preview:-1"},"canonical":"https:\/\/malmokonsthall.se\/en\/covid-19-and-konsthallen\/","og_locale":"en_US","og_type":"article","og_title":"Covid-19 and Konsthallen - Malm\u00f6 Konsthall","og_description":"Covid-19 and Konsthallen Information Har du ytterligare fr\u00e5gor inf\u00f6r ditt bes\u00f6k? Se v\u00e5r bes\u00f6kinformation","og_url":"https:\/\/malmokonsthall.se\/en\/covid-19-and-konsthallen\/","og_site_name":"Malm\u00f6 Konsthall","og_image":[{"url":"https:\/\/malmokonsthall.se\/wp-content\/uploads\/2022\/01\/bo&#x308;ttcher_hallen-1024x599.jpg","type":"","width":"","height":""}],"twitter_card":"summary_large_image","schema":{"@context":"https:\/\/schema.org","@graph":[{"@type":"WebPage","@id":"https:\/\/malmokonsthall.se\/en\/covid-19-and-konsthallen\/","url":"https:\/\/malmokonsthall.se\/en\/covid-19-and-konsthallen\/","name":"Covid-19 and Konsthallen - Malm\u00f6 Konsthall","isPartOf":{"@id":"https:\/\/malmokonsthall.se\/en\/#website"},"primaryImageOfPage":{"@id":"https:\/\/malmokonsthall.se\/en\/covid-19-and-konsthallen\/#primaryimage"},"image":{"@id":"https:\/\/malmokonsthall.se\/en\/covid-19-and-konsthallen\/#primaryimage"},"thumbnailUrl":"https:\/\/malmokonsthall.se\/wp-content\/uploads\/2022\/01\/bo&#x308;ttcher_hallen-1024x599.jpg","datePublished":"2022-04-20T14:16:03+00:00","description":"Covid-19 and Konsthallen Information Har du ytterligare fr\u00e5gor inf\u00f6r ditt bes\u00f6k? Se v\u00e5r bes\u00f6kinformation","breadcrumb":{"@id":"https:\/\/malmokonsthall.se\/en\/covid-19-and-konsthallen\/#breadcrumb"},"inLanguage":"en-US","potentialAction":[{"@type":"ReadAction","target":["https:\/\/malmokonsthall.se\/en\/covid-19-and-konsthallen\/"]}]},{"@type":"ImageObject","inLanguage":"en-US","@id":"https:\/\/malmokonsthall.se\/en\/covid-19-and-konsthallen\/#primaryimage","url":"https:\/\/malmokonsthall.se\/wp-content\/uploads\/2022\/01\/bo&#x308;ttcher_hallen-1024x599.jpg","contentUrl":"https:\/\/malmokonsthall.se\/wp-content\/uploads\/2022\/01\/bo&#x308;ttcher_hallen-1024x599.jpg"},{"@type":"BreadcrumbList","@id":"https:\/\/malmokonsthall.se\/en\/covid-19-and-konsthallen\/#breadcrumb","itemListElement":[{"@type":"ListItem","position":1,"name":"Hem","item":"https:\/\/malmokonsthall.se\/en\/"},{"@type":"ListItem","position":2,"name":"Covid-19 and Konsthallen"}]},{"@type":"WebSite","@id":"https:\/\/malmokonsthall.se\/en\/#website","url":"https:\/\/malmokonsthall.se\/en\/","name":"Malm\u00f6 Konsthall","description":"","publisher":{"@id":"https:\/\/malmokonsthall.se\/en\/#organization"},"potentialAction":[{"@type":"SearchAction","target":{"@type":"EntryPoint","urlTemplate":"https:\/\/malmokonsthall.se\/en\/?s={search_term_string}"},"query-input":{"@type":"PropertyValueSpecification","valueRequired":true,"valueName":"search_term_string"}}],"inLanguage":"en-US"},{"@type":"Organization","@id":"https:\/\/malmokonsthall.se\/en\/#organization","name":"Malm\u00f6 Konsthall","url":"https:\/\/malmokonsthall.se\/en\/","logo":{"@type":"ImageObject","inLanguage":"en-US","@id":"https:\/\/malmokonsthall.se\/en\/#\/schema\/logo\/image\/","url":"https:\/\/malmokonsthall.se\/wp-content\/uploads\/2021\/09\/MK-logga-red.png","contentUrl":"https:\/\/malmokonsthall.se\/wp-content\/uploads\/2021\/09\/MK-logga-red.png","width":672,"height":60,"caption":"Malm\u00f6 Konsthall"},"image":{"@id":"https:\/\/malmokonsthall.se\/en\/#\/schema\/logo\/image\/"}}]}},"ticketed":false,"_links":{"self":[{"href":"https:\/\/malmokonsthall.se\/en\/wp-json\/wp\/v2\/pages\/15419","targetHints":{"allow":["GET"]}}],"collection":[{"href":"https:\/\/malmokonsthall.se\/en\/wp-json\/wp\/v2\/pages"}],"about":[{"href":"https:\/\/malmokonsthall.se\/en\/wp-json\/wp\/v2\/types\/page"}],"author":[{"embeddable":true,"href":"https:\/\/malmokonsthall.se\/en\/wp-json\/wp\/v2\/users\/4"}],"replies":[{"embeddable":true,"href":"https:\/\/malmokonsthall.se\/en\/wp-json\/wp\/v2\/comments?post=15419"}],"version-history":[{"count":0,"href":"https:\/\/malmokonsthall.se\/en\/wp-json\/wp\/v2\/pages\/15419\/revisions"}],"wp:attachment":[{"href":"https:\/\/malmokonsthall.se\/en\/wp-json\/wp\/v2\/media?parent=15419"}],"curies":[{"name":"wp","href":"https:\/\/api.w.org\/{rel}","templated":true}]}}